{"id":95537,"date":"2017-07-02T10:34:28","date_gmt":"2017-07-02T10:34:28","guid":{"rendered":"http:\/\/www.ceramictiles.com\/srbija\/product\/plocice-imitacija-kamena-vives-bluestone\/"},"modified":"2026-01-04T00:01:00","modified_gmt":"2026-01-04T00:01:00","slug":"plocice-imitacija-kamena-vives-bluestone","status":"publish","type":"product","link":"https:\/\/www.keramika.com\/srbija\/plocice-imitacija-kamena-vives-bluestone\/","title":{"rendered":"Plo\u010dice imitacija kamena Vives Bluestone"},"content":{"rendered":"<p>Veli\u010dina plo\u010dice je 60&#215;60 cm i odli\u010dna je za razli\u010dite povr\u0161ine. Ova plo\u010dica je debela 10 mm i zato je izuzetno izdr\u017eljiva. Plo\u010dice sive boje osvje\u017eit \u0107e svaki prostor. Vives Bluestone je dostupna po vrlo povoljnim cenama 3889,3 RSD. Vives Bluestone je proizvod iz \u0160panije te je izuzetno kvalitetna.<\/p>\n<p>Kliknite na ime serije za sve plo\u010dice u toj seriji: <a class=\"pdfcatal\" href=\"\/\/www.ceramictiles.com\/pdf\/vives\/catalogue_vives_bluestone.pdf\" onclick=\"recordOutboundLink(this, 'E-mail', 'Description PDF');return false;\">Ceramica Vives Bluestone<\/a><\/p>\n<p>Da bi naru\u010dili model iz PDF kataloga ove serije, molimo vas, da nas kontaktirate na: <a href=\"mailto:zo_mi@ceramictiles.com\" onclick=\"recordOutboundLink(this, 'E-mail', 'Description mail');return false;\">zo_mi@ceramictiles.com<\/a> ili nas pozovite na: For exact offer, PLS send us quantity and product you need with delivery address..<\/p>\n","protected":false},"excerpt":{"rendered":"<p>Veli\u010dina plo\u010dice je 60&#215;60 cm i odli\u010dna je za razli\u010dite povr\u0161ine. Ova plo\u010dica je debela 10 mm i zato je izuzetno izdr\u017eljiva. Plo\u010dice sive boje osvje\u017eit \u0107e svaki prostor. Vives Bluestone je dostupna po vrlo povoljnim cenama 3889,3 RSD. Vives Bluestone je proizvod iz \u0160panije te je izuzetno kvalitetna. Kliknite na ime serije za sve [&hellip;]<\/p>\n","protected":false},"featured_media":95538,"template":"","meta":[],"product_cat":[210,200,999,999136],"product_tag":[99950096],"_links":{"self":[{"href":"https:\/\/www.keramika.com\/srbija\/wp-json\/wp\/v2\/product\/95537"}],"collection":[{"href":"https:\/\/www.keramika.com\/srbija\/wp-json\/wp\/v2\/product"}],"about":[{"href":"https:\/\/www.keramika.com\/srbija\/wp-json\/wp\/v2\/types\/product"}],"wp:featuredmedia":[{"embeddable":true,"href":"https:\/\/www.keramika.com\/srbija\/wp-json\/wp\/v2\/media\/95538"}],"wp:attachment":[{"href":"https:\/\/www.keramika.com\/srbija\/wp-json\/wp\/v2\/media?parent=95537"}],"wp:term":[{"taxonomy":"product_cat","embeddable":true,"href":"https:\/\/www.keramika.com\/srbija\/wp-json\/wp\/v2\/product_cat?post=95537"},{"taxonomy":"product_tag","embeddable":true,"href":"https:\/\/www.keramika.com\/srbija\/wp-json\/wp\/v2\/product_tag?post=95537"}],"curies":[{"name":"wp","href":"https:\/\/api.w.org\/{rel}","templated":true}]}}