{"id":95499,"date":"2017-07-02T10:25:39","date_gmt":"2017-07-02T10:25:39","guid":{"rendered":"http:\/\/www.ceramictiles.com\/srbija\/product\/podne-plocice-casalgrande-padana-europa-grigio\/"},"modified":"2026-01-04T00:00:57","modified_gmt":"2026-01-04T00:00:57","slug":"podne-plocice-casalgrande-padana-europa-grigio","status":"publish","type":"product","link":"https:\/\/www.keramika.com\/srbija\/podne-plocice-casalgrande-padana-europa-grigio\/","title":{"rendered":"Podne plo\u010dice Casalgrande Padana  Europa Grigio"},"content":{"rendered":"<p>8 mm debljina \u0107e zadovoljiti i najzahtevnije kupce. Veli\u010dina ove plo\u010dice je 30&#215;30 cm. Plo\u010dice dolaze iz Italije, koja je poznata po kvalitetnoj keramiki. Casalgrande Padana Europa Grigio je dostupna po vrlo povoljnim cenama 2990 RSD. Ta kolekcija, model plo\u010dice, se prodaje najvi\u0161e sive boje.<\/p>\n<p>Kliknite na ime serije za sve plo\u010dice u toj seriji: <a class=\"pdfcatal\" href=\"\/\/www.ceramictiles.com\/pdf\/casalgrandepadana\/catalogue_casalgrande_padana_europa.pdf\" onclick=\"recordOutboundLink(this, 'E-mail', 'Description PDF');return false;\">Casalgrande Padana S.P.A. Europa<\/a><\/p>\n<p>Da bi naru\u010dili model iz PDF kataloga ove serije, molimo vas, da nas kontaktirate na: <a href=\"mailto:zo_mi@ceramictiles.com\" onclick=\"recordOutboundLink(this, 'E-mail', 'Description mail');return false;\">zo_mi@ceramictiles.com<\/a> ili nas pozovite na: For exact offer, PLS send us quantity and product you need with delivery address..<\/p>\n","protected":false},"excerpt":{"rendered":"<p>8 mm debljina \u0107e zadovoljiti i najzahtevnije kupce. Veli\u010dina ove plo\u010dice je 30&#215;30 cm. Plo\u010dice dolaze iz Italije, koja je poznata po kvalitetnoj keramiki. Casalgrande Padana Europa Grigio je dostupna po vrlo povoljnim cenama 2990 RSD. Ta kolekcija, model plo\u010dice, se prodaje najvi\u0161e sive boje. Kliknite na ime serije za sve plo\u010dice u toj seriji: [&hellip;]<\/p>\n","protected":false},"featured_media":95500,"template":"","meta":[],"product_cat":[999448,210,200,999],"product_tag":[],"_links":{"self":[{"href":"https:\/\/www.keramika.com\/srbija\/wp-json\/wp\/v2\/product\/95499"}],"collection":[{"href":"https:\/\/www.keramika.com\/srbija\/wp-json\/wp\/v2\/product"}],"about":[{"href":"https:\/\/www.keramika.com\/srbija\/wp-json\/wp\/v2\/types\/product"}],"wp:featuredmedia":[{"embeddable":true,"href":"https:\/\/www.keramika.com\/srbija\/wp-json\/wp\/v2\/media\/95500"}],"wp:attachment":[{"href":"https:\/\/www.keramika.com\/srbija\/wp-json\/wp\/v2\/media?parent=95499"}],"wp:term":[{"taxonomy":"product_cat","embeddable":true,"href":"https:\/\/www.keramika.com\/srbija\/wp-json\/wp\/v2\/product_cat?post=95499"},{"taxonomy":"product_tag","embeddable":true,"href":"https:\/\/www.keramika.com\/srbija\/wp-json\/wp\/v2\/product_tag?post=95499"}],"curies":[{"name":"wp","href":"https:\/\/api.w.org\/{rel}","templated":true}]}}