{"id":95497,"date":"2017-07-02T10:25:00","date_gmt":"2017-07-02T10:25:00","guid":{"rendered":"http:\/\/www.ceramictiles.com\/srbija\/product\/plocice-za-dnevnu-sobu-casalgrande-padana-rasato-grigio\/"},"modified":"2026-01-04T00:00:56","modified_gmt":"2026-01-04T00:00:56","slug":"plocice-za-dnevnu-sobu-casalgrande-padana-rasato-grigio","status":"publish","type":"product","link":"https:\/\/www.keramika.com\/srbija\/plocice-za-dnevnu-sobu-casalgrande-padana-rasato-grigio\/","title":{"rendered":"Plo\u010dice za dnevnu sobu Casalgrande Padana  Rasato Grigio"},"content":{"rendered":"<p>U maloprodaji bi morali za tu plo\u010dicu platiti 7187,5 RSD, online cena je samo 5750 RSD. Ta kolekcija, model plo\u010dice, se prodaje najvi\u0161e sive boje. Casalgrande Padana Rasato Grigio je proizvod iz Italije te je izuzetno kvalitetna. Veli\u010dina 60&#215;60 cm je odli\u010dna za sve podloge. Ova plo\u010dica je debela 10 mm i zato je izuzetno izdr\u017eljiva.<\/p>\n<p>Kliknite na ime serije za sve plo\u010dice u toj seriji: <a class=\"pdfcatal\" href=\"\/\/www.ceramictiles.com\/pdf\/casalgrandepadana\/catalogue_casalgrande_padana_cemento.pdf\" onclick=\"recordOutboundLink(this, 'E-mail', 'Description PDF');return false;\">Casalgrande Padana S.P.A. Cemento<\/a><\/p>\n<p>Da bi naru\u010dili model iz PDF kataloga ove serije, molimo vas, da nas kontaktirate na: <a href=\"mailto:zo_mi@ceramictiles.com\" onclick=\"recordOutboundLink(this, 'E-mail', 'Description mail');return false;\">zo_mi@ceramictiles.com<\/a> ili nas pozovite na: For exact offer, PLS send us quantity and product you need with delivery address..<\/p>\n","protected":false},"excerpt":{"rendered":"<p>U maloprodaji bi morali za tu plo\u010dicu platiti 7187,5 RSD, online cena je samo 5750 RSD. Ta kolekcija, model plo\u010dice, se prodaje najvi\u0161e sive boje. Casalgrande Padana Rasato Grigio je proizvod iz Italije te je izuzetno kvalitetna. Veli\u010dina 60&#215;60 cm je odli\u010dna za sve podloge. Ova plo\u010dica je debela 10 mm i zato je izuzetno [&hellip;]<\/p>\n","protected":false},"featured_media":95498,"template":"","meta":[],"product_cat":[999448,210,200,999],"product_tag":[99950097],"_links":{"self":[{"href":"https:\/\/www.keramika.com\/srbija\/wp-json\/wp\/v2\/product\/95497"}],"collection":[{"href":"https:\/\/www.keramika.com\/srbija\/wp-json\/wp\/v2\/product"}],"about":[{"href":"https:\/\/www.keramika.com\/srbija\/wp-json\/wp\/v2\/types\/product"}],"wp:featuredmedia":[{"embeddable":true,"href":"https:\/\/www.keramika.com\/srbija\/wp-json\/wp\/v2\/media\/95498"}],"wp:attachment":[{"href":"https:\/\/www.keramika.com\/srbija\/wp-json\/wp\/v2\/media?parent=95497"}],"wp:term":[{"taxonomy":"product_cat","embeddable":true,"href":"https:\/\/www.keramika.com\/srbija\/wp-json\/wp\/v2\/product_cat?post=95497"},{"taxonomy":"product_tag","embeddable":true,"href":"https:\/\/www.keramika.com\/srbija\/wp-json\/wp\/v2\/product_tag?post=95497"}],"curies":[{"name":"wp","href":"https:\/\/api.w.org\/{rel}","templated":true}]}}