{"id":95493,"date":"2017-07-02T10:24:04","date_gmt":"2017-07-02T10:24:04","guid":{"rendered":"http:\/\/www.ceramictiles.com\/srbija\/product\/plocice-za-dnevnu-sobu-halcon-uptown-gris\/"},"modified":"2026-01-04T00:00:56","modified_gmt":"2026-01-04T00:00:56","slug":"plocice-za-dnevnu-sobu-halcon-uptown-gris","status":"publish","type":"product","link":"https:\/\/www.keramika.com\/srbija\/plocice-za-dnevnu-sobu-halcon-uptown-gris\/","title":{"rendered":"Plo\u010dice za dnevnu sobu Halcon Uptown Gris"},"content":{"rendered":"<p>Ove plo\u010dice dolaze od proizvo\u0111a\u010da Halcon Ceramicas, iz \u0160panije. 9 mm debljine je dovoljno za zahtevnije kupce. Plo\u010dica na sliki je 60&#215;60 cm. U izboru plo\u010dica sive boje, ne mo\u017eete pogre\u0161iti. 2735,85 RSD je redovna prodajna cena keramike, tu pa samo 2188,45 RSD.<\/p>\n<p>Kliknite na ime serije za sve plo\u010dice u toj seriji: <a class=\"pdfcatal\" href=\"\/\/www.ceramictiles.com\/pdf\/halcon\/catalogue_halcon_uptown.pdf\" onclick=\"recordOutboundLink(this, 'E-mail', 'Description PDF');return false;\">Halcon Ceramicas Uptown<\/a><\/p>\n<p>Da bi naru\u010dili model iz PDF kataloga ove serije, molimo vas, da nas kontaktirate na: <a href=\"mailto:zo_mi@ceramictiles.com\" onclick=\"recordOutboundLink(this, 'E-mail', 'Description mail');return false;\">zo_mi@ceramictiles.com<\/a> ili nas pozovite na: For exact offer, PLS send us quantity and product you need with delivery address..<\/p>\n<p>Technical description: 60,5&#215;60,5<\/p>\n","protected":false},"excerpt":{"rendered":"<p>Ove plo\u010dice dolaze od proizvo\u0111a\u010da Halcon Ceramicas, iz \u0160panije. 9 mm debljine je dovoljno za zahtevnije kupce. Plo\u010dica na sliki je 60&#215;60 cm. U izboru plo\u010dica sive boje, ne mo\u017eete pogre\u0161iti. 2735,85 RSD je redovna prodajna cena keramike, tu pa samo 2188,45 RSD. Kliknite na ime serije za sve plo\u010dice u toj seriji: Halcon Ceramicas [&hellip;]<\/p>\n","protected":false},"featured_media":95494,"template":"","meta":[],"product_cat":[99946,200,999],"product_tag":[99950097],"_links":{"self":[{"href":"https:\/\/www.keramika.com\/srbija\/wp-json\/wp\/v2\/product\/95493"}],"collection":[{"href":"https:\/\/www.keramika.com\/srbija\/wp-json\/wp\/v2\/product"}],"about":[{"href":"https:\/\/www.keramika.com\/srbija\/wp-json\/wp\/v2\/types\/product"}],"wp:featuredmedia":[{"embeddable":true,"href":"https:\/\/www.keramika.com\/srbija\/wp-json\/wp\/v2\/media\/95494"}],"wp:attachment":[{"href":"https:\/\/www.keramika.com\/srbija\/wp-json\/wp\/v2\/media?parent=95493"}],"wp:term":[{"taxonomy":"product_cat","embeddable":true,"href":"https:\/\/www.keramika.com\/srbija\/wp-json\/wp\/v2\/product_cat?post=95493"},{"taxonomy":"product_tag","embeddable":true,"href":"https:\/\/www.keramika.com\/srbija\/wp-json\/wp\/v2\/product_tag?post=95493"}],"curies":[{"name":"wp","href":"https:\/\/api.w.org\/{rel}","templated":true}]}}