{"id":95489,"date":"2017-07-02T10:23:16","date_gmt":"2017-07-02T10:23:16","guid":{"rendered":"http:\/\/www.ceramictiles.com\/srbija\/product\/keramika-za-terase-halcon-tabarca-antislip-crema\/"},"modified":"2026-01-04T00:00:56","modified_gmt":"2026-01-04T00:00:56","slug":"keramika-za-terase-halcon-tabarca-antislip-crema","status":"publish","type":"product","link":"https:\/\/www.keramika.com\/srbija\/keramika-za-terase-halcon-tabarca-antislip-crema\/","title":{"rendered":"Keramika za terase Halcon Tabarca Antislip Crema"},"content":{"rendered":"<p>9 mm debljine je dovoljno za zahtevnije kupce. Plo\u010dice dolaze iz \u0160panije, koja je poznata po kvalitetnoj keramiki. Zbog ni\u017eih tro\u0161kova, online prodaje, Vi \u0107e te na na\u0161oj strani ove plo\u010de platiti samo 2249,4 RSD. Izuzetno moderne plo\u010dice be\u017e boje, osve\u017eit \u0107e svaki prostor. Veli\u010dina 45&#215;45 cm je odli\u010dna za sve podloge.<\/p>\n<p>Kliknite na ime serije za sve plo\u010dice u toj seriji: <a class=\"pdfcatal\" href=\"\/\/www.ceramictiles.com\/pdf\/halcon\/catalogue_halcon_tabarca_antislip_porc.pdf\" onclick=\"recordOutboundLink(this, 'E-mail', 'Description PDF');return false;\">Halcon Ceramicas Tabarca Antislip Porc<\/a><\/p>\n<p>Da bi naru\u010dili model iz PDF kataloga ove serije, molimo vas, da nas kontaktirate na: <a href=\"mailto:zo_mi@ceramictiles.com\" onclick=\"recordOutboundLink(this, 'E-mail', 'Description mail');return false;\">zo_mi@ceramictiles.com<\/a> ili nas pozovite na: For exact offer, PLS send us quantity and product you need with delivery address..<\/p>\n","protected":false},"excerpt":{"rendered":"<p>9 mm debljine je dovoljno za zahtevnije kupce. Plo\u010dice dolaze iz \u0160panije, koja je poznata po kvalitetnoj keramiki. Zbog ni\u017eih tro\u0161kova, online prodaje, Vi \u0107e te na na\u0161oj strani ove plo\u010de platiti samo 2249,4 RSD. Izuzetno moderne plo\u010dice be\u017e boje, osve\u017eit \u0107e svaki prostor. Veli\u010dina 45&#215;45 cm je odli\u010dna za sve podloge. Kliknite na ime [&hellip;]<\/p>\n","protected":false},"featured_media":95490,"template":"","meta":[],"product_cat":[99946,200,999],"product_tag":[99950091],"_links":{"self":[{"href":"https:\/\/www.keramika.com\/srbija\/wp-json\/wp\/v2\/product\/95489"}],"collection":[{"href":"https:\/\/www.keramika.com\/srbija\/wp-json\/wp\/v2\/product"}],"about":[{"href":"https:\/\/www.keramika.com\/srbija\/wp-json\/wp\/v2\/types\/product"}],"wp:featuredmedia":[{"embeddable":true,"href":"https:\/\/www.keramika.com\/srbija\/wp-json\/wp\/v2\/media\/95490"}],"wp:attachment":[{"href":"https:\/\/www.keramika.com\/srbija\/wp-json\/wp\/v2\/media?parent=95489"}],"wp:term":[{"taxonomy":"product_cat","embeddable":true,"href":"https:\/\/www.keramika.com\/srbija\/wp-json\/wp\/v2\/product_cat?post=95489"},{"taxonomy":"product_tag","embeddable":true,"href":"https:\/\/www.keramika.com\/srbija\/wp-json\/wp\/v2\/product_tag?post=95489"}],"curies":[{"name":"wp","href":"https:\/\/api.w.org\/{rel}","templated":true}]}}