{"id":95481,"date":"2017-07-02T10:21:48","date_gmt":"2017-07-02T10:21:48","guid":{"rendered":"http:\/\/www.ceramictiles.com\/srbija\/product\/keramika-za-kupatilo-halcon-stockholm-beige\/"},"modified":"2026-01-04T00:00:55","modified_gmt":"2026-01-04T00:00:55","slug":"keramika-za-kupatilo-halcon-stockholm-beige","status":"publish","type":"product","link":"https:\/\/www.keramika.com\/srbija\/keramika-za-kupatilo-halcon-stockholm-beige\/","title":{"rendered":"Keramika za kupatilo Halcon Stockholm Beige"},"content":{"rendered":"<p>Dimenzije ovih plo\u010dica su 45&#215;45 cm. Online cena je samo 1560,55 RSD, dok redovna, maloprodajna cena 1951,55 RSD. Plo\u010dice be\u017e boje, su letos izuzetno tre\u017eene. Halcon Stockholm Beige dolazi iz \u0160panije, koja je poznata po vrlo visokoj kvaliteta keramike u svetu. 9 mm debljine je dovoljno za zahtevnije kupce.<\/p>\n<p>Kliknite na ime serije za sve plo\u010dice u toj seriji: <a class=\"pdfcatal\" href=\"\/\/www.ceramictiles.com\/pdf\/halcon\/catalogue_halcon_stockholm.pdf\" onclick=\"recordOutboundLink(this, 'E-mail', 'Description PDF');return false;\">Halcon Ceramicas Stockholm<\/a><\/p>\n<p>Da bi naru\u010dili model iz PDF kataloga ove serije, molimo vas, da nas kontaktirate na: <a href=\"mailto:zo_mi@ceramictiles.com\" onclick=\"recordOutboundLink(this, 'E-mail', 'Description mail');return false;\">zo_mi@ceramictiles.com<\/a> ili nas pozovite na: For exact offer, PLS send us quantity and product you need with delivery address..<\/p>\n","protected":false},"excerpt":{"rendered":"<p>Dimenzije ovih plo\u010dica su 45&#215;45 cm. Online cena je samo 1560,55 RSD, dok redovna, maloprodajna cena 1951,55 RSD. Plo\u010dice be\u017e boje, su letos izuzetno tre\u017eene. Halcon Stockholm Beige dolazi iz \u0160panije, koja je poznata po vrlo visokoj kvaliteta keramike u svetu. 9 mm debljine je dovoljno za zahtevnije kupce. Kliknite na ime serije za sve [&hellip;]<\/p>\n","protected":false},"featured_media":95482,"template":"","meta":[],"product_cat":[99946,200,999],"product_tag":[],"_links":{"self":[{"href":"https:\/\/www.keramika.com\/srbija\/wp-json\/wp\/v2\/product\/95481"}],"collection":[{"href":"https:\/\/www.keramika.com\/srbija\/wp-json\/wp\/v2\/product"}],"about":[{"href":"https:\/\/www.keramika.com\/srbija\/wp-json\/wp\/v2\/types\/product"}],"wp:featuredmedia":[{"embeddable":true,"href":"https:\/\/www.keramika.com\/srbija\/wp-json\/wp\/v2\/media\/95482"}],"wp:attachment":[{"href":"https:\/\/www.keramika.com\/srbija\/wp-json\/wp\/v2\/media?parent=95481"}],"wp:term":[{"taxonomy":"product_cat","embeddable":true,"href":"https:\/\/www.keramika.com\/srbija\/wp-json\/wp\/v2\/product_cat?post=95481"},{"taxonomy":"product_tag","embeddable":true,"href":"https:\/\/www.keramika.com\/srbija\/wp-json\/wp\/v2\/product_tag?post=95481"}],"curies":[{"name":"wp","href":"https:\/\/api.w.org\/{rel}","templated":true}]}}