{"id":95467,"date":"2017-07-02T10:18:48","date_gmt":"2017-07-02T10:18:48","guid":{"rendered":"http:\/\/www.ceramictiles.com\/srbija\/product\/podne-plocice-halcon-moliere-perla\/"},"modified":"2026-01-04T00:00:53","modified_gmt":"2026-01-04T00:00:53","slug":"podne-plocice-halcon-moliere-perla","status":"publish","type":"product","link":"https:\/\/www.keramika.com\/srbija\/podne-plocice-halcon-moliere-perla\/","title":{"rendered":"Podne plo\u010dice Halcon Moli\u00e8re Perla"},"content":{"rendered":"<p>U izboru plo\u010dica sive boje, ne mo\u017eete pogre\u0161iti. Veli\u010dina plo\u010dice je 60&#215;60 cm i odli\u010dna je za razli\u010dite povr\u0161ine. Ove plo\u010dice dolaze od proizvo\u0111a\u010da Halcon Ceramicas, iz \u0160panije. 9 mm debljina \u0107e zadovoljiti i najzahtevnije kupce. U maloprodaji bi morali za tu plo\u010dicu platiti 2735,85 RSD, online cena je samo 2188,45 RSD.<\/p>\n<p>Kliknite na ime serije za sve plo\u010dice u toj seriji: <a class=\"pdfcatal\" href=\"\/\/www.ceramictiles.com\/pdf\/halcon\/catalogue_halcon_moliere.pdf\" onclick=\"recordOutboundLink(this, 'E-mail', 'Description PDF');return false;\">Halcon Ceramicas Moliere<\/a><\/p>\n<p>Da bi naru\u010dili model iz PDF kataloga ove serije, molimo vas, da nas kontaktirate na: <a href=\"mailto:zo_mi@ceramictiles.com\" onclick=\"recordOutboundLink(this, 'E-mail', 'Description mail');return false;\">zo_mi@ceramictiles.com<\/a> ili nas pozovite na: For exact offer, PLS send us quantity and product you need with delivery address..<\/p>\n<p>Technical description: 60,5&#215;60,5<\/p>\n","protected":false},"excerpt":{"rendered":"<p>U izboru plo\u010dica sive boje, ne mo\u017eete pogre\u0161iti. Veli\u010dina plo\u010dice je 60&#215;60 cm i odli\u010dna je za razli\u010dite povr\u0161ine. Ove plo\u010dice dolaze od proizvo\u0111a\u010da Halcon Ceramicas, iz \u0160panije. 9 mm debljina \u0107e zadovoljiti i najzahtevnije kupce. U maloprodaji bi morali za tu plo\u010dicu platiti 2735,85 RSD, online cena je samo 2188,45 RSD. Kliknite na ime [&hellip;]<\/p>\n","protected":false},"featured_media":95468,"template":"","meta":[],"product_cat":[99946,200,999],"product_tag":[],"_links":{"self":[{"href":"https:\/\/www.keramika.com\/srbija\/wp-json\/wp\/v2\/product\/95467"}],"collection":[{"href":"https:\/\/www.keramika.com\/srbija\/wp-json\/wp\/v2\/product"}],"about":[{"href":"https:\/\/www.keramika.com\/srbija\/wp-json\/wp\/v2\/types\/product"}],"wp:featuredmedia":[{"embeddable":true,"href":"https:\/\/www.keramika.com\/srbija\/wp-json\/wp\/v2\/media\/95468"}],"wp:attachment":[{"href":"https:\/\/www.keramika.com\/srbija\/wp-json\/wp\/v2\/media?parent=95467"}],"wp:term":[{"taxonomy":"product_cat","embeddable":true,"href":"https:\/\/www.keramika.com\/srbija\/wp-json\/wp\/v2\/product_cat?post=95467"},{"taxonomy":"product_tag","embeddable":true,"href":"https:\/\/www.keramika.com\/srbija\/wp-json\/wp\/v2\/product_tag?post=95467"}],"curies":[{"name":"wp","href":"https:\/\/api.w.org\/{rel}","templated":true}]}}