{"id":95465,"date":"2017-07-02T10:18:27","date_gmt":"2017-07-02T10:18:27","guid":{"rendered":"http:\/\/www.ceramictiles.com\/srbija\/product\/kuhinjske-plocice-halcon-mikado-gris\/"},"modified":"2026-01-04T00:00:53","modified_gmt":"2026-01-04T00:00:53","slug":"kuhinjske-plocice-halcon-mikado-gris","status":"publish","type":"product","link":"https:\/\/www.keramika.com\/srbija\/kuhinjske-plocice-halcon-mikado-gris\/","title":{"rendered":"Kuhinjske plo\u010dice Halcon Mikado Gris"},"content":{"rendered":"<p>9 mm debljine je dovoljno za zahtevnije kupce. Plo\u010dica 24,2&#215;68,5 cm je dobra za ve\u0107 razli\u010ditih namena. Izuzetno moderne plo\u010dice sive boje, osve\u017eit \u0107e svaki prostor. Redovna cena, ovih plo\u010dica u maloprodaji je 2374,75 RSD. U na\u0161oj online trgovini, je mo\u017eete kupiti za 1899,8 RSD. Halcon Mikado Gris je proizvod iz \u0160panije te je izuzetno kvalitetna.<\/p>\n<p>Kliknite na ime serije za sve plo\u010dice u toj seriji: <a class=\"pdfcatal\" href=\"\/\/www.ceramictiles.com\/pdf\/halcon\/catalogue_halcon_mikado.pdf\" onclick=\"recordOutboundLink(this, 'E-mail', 'Description PDF');return false;\">Halcon Ceramicas Mikado<\/a><\/p>\n<p>Da bi naru\u010dili model iz PDF kataloga ove serije, molimo vas, da nas kontaktirate na: <a href=\"mailto:zo_mi@ceramictiles.com\" onclick=\"recordOutboundLink(this, 'E-mail', 'Description mail');return false;\">zo_mi@ceramictiles.com<\/a> ili nas pozovite na: For exact offer, PLS send us quantity and product you need with delivery address..<\/p>\n","protected":false},"excerpt":{"rendered":"<p>9 mm debljine je dovoljno za zahtevnije kupce. Plo\u010dica 24,2&#215;68,5 cm je dobra za ve\u0107 razli\u010ditih namena. Izuzetno moderne plo\u010dice sive boje, osve\u017eit \u0107e svaki prostor. Redovna cena, ovih plo\u010dica u maloprodaji je 2374,75 RSD. U na\u0161oj online trgovini, je mo\u017eete kupiti za 1899,8 RSD. Halcon Mikado Gris je proizvod iz \u0160panije te je izuzetno [&hellip;]<\/p>\n","protected":false},"featured_media":95466,"template":"","meta":[],"product_cat":[99946,200,999],"product_tag":[],"_links":{"self":[{"href":"https:\/\/www.keramika.com\/srbija\/wp-json\/wp\/v2\/product\/95465"}],"collection":[{"href":"https:\/\/www.keramika.com\/srbija\/wp-json\/wp\/v2\/product"}],"about":[{"href":"https:\/\/www.keramika.com\/srbija\/wp-json\/wp\/v2\/types\/product"}],"wp:featuredmedia":[{"embeddable":true,"href":"https:\/\/www.keramika.com\/srbija\/wp-json\/wp\/v2\/media\/95466"}],"wp:attachment":[{"href":"https:\/\/www.keramika.com\/srbija\/wp-json\/wp\/v2\/media?parent=95465"}],"wp:term":[{"taxonomy":"product_cat","embeddable":true,"href":"https:\/\/www.keramika.com\/srbija\/wp-json\/wp\/v2\/product_cat?post=95465"},{"taxonomy":"product_tag","embeddable":true,"href":"https:\/\/www.keramika.com\/srbija\/wp-json\/wp\/v2\/product_tag?post=95465"}],"curies":[{"name":"wp","href":"https:\/\/api.w.org\/{rel}","templated":true}]}}