{"id":95457,"date":"2017-07-02T10:16:51","date_gmt":"2017-07-02T10:16:51","guid":{"rendered":"http:\/\/www.ceramictiles.com\/srbija\/product\/zidne-plocice-halcon-marshall-gris\/"},"modified":"2026-01-04T00:00:52","modified_gmt":"2026-01-04T00:00:52","slug":"zidne-plocice-halcon-marshall-gris","status":"publish","type":"product","link":"https:\/\/www.keramika.com\/srbija\/zidne-plocice-halcon-marshall-gris\/","title":{"rendered":"Zidne plo\u010dice Halcon Marshall Gris"},"content":{"rendered":"<p>plo\u010dica proizvo\u0111a\u010da Halcon Ceramicas iz \u0160panije. Dimenzije ovih plo\u010dica su 20&#215;60 cm. Redovna cena, ovih plo\u010dica u maloprodaji je 2217,2 RSD. U na\u0161oj online trgovini, je mo\u017eete kupiti za 1773,3 RSD. 9 mm debljina \u0107e zadovoljiti i najzahtevnije kupce. Keramika je prekrasne sive boje. U koliko \u017eelite neku drugu boju, pozovite nas i mi \u0107emo proveriti kod proizvo\u0111a\u010da.<\/p>\n<p>Kliknite na ime serije za sve plo\u010dice u toj seriji: <a class=\"pdfcatal\" href=\"\/\/www.ceramictiles.com\/pdf\/halcon\/catalogue_halcon_marshall.pdf\" onclick=\"recordOutboundLink(this, 'E-mail', 'Description PDF');return false;\">Halcon Ceramicas Marshall<\/a><\/p>\n<p>Da bi naru\u010dili model iz PDF kataloga ove serije, molimo vas, da nas kontaktirate na: <a href=\"mailto:zo_mi@ceramictiles.com\" onclick=\"recordOutboundLink(this, 'E-mail', 'Description mail');return false;\">zo_mi@ceramictiles.com<\/a> ili nas pozovite na: For exact offer, PLS send us quantity and product you need with delivery address..<\/p>\n","protected":false},"excerpt":{"rendered":"<p>plo\u010dica proizvo\u0111a\u010da Halcon Ceramicas iz \u0160panije. Dimenzije ovih plo\u010dica su 20&#215;60 cm. Redovna cena, ovih plo\u010dica u maloprodaji je 2217,2 RSD. U na\u0161oj online trgovini, je mo\u017eete kupiti za 1773,3 RSD. 9 mm debljina \u0107e zadovoljiti i najzahtevnije kupce. Keramika je prekrasne sive boje. U koliko \u017eelite neku drugu boju, pozovite nas i mi \u0107emo [&hellip;]<\/p>\n","protected":false},"featured_media":95458,"template":"","meta":[],"product_cat":[99946,200,999],"product_tag":[],"_links":{"self":[{"href":"https:\/\/www.keramika.com\/srbija\/wp-json\/wp\/v2\/product\/95457"}],"collection":[{"href":"https:\/\/www.keramika.com\/srbija\/wp-json\/wp\/v2\/product"}],"about":[{"href":"https:\/\/www.keramika.com\/srbija\/wp-json\/wp\/v2\/types\/product"}],"wp:featuredmedia":[{"embeddable":true,"href":"https:\/\/www.keramika.com\/srbija\/wp-json\/wp\/v2\/media\/95458"}],"wp:attachment":[{"href":"https:\/\/www.keramika.com\/srbija\/wp-json\/wp\/v2\/media?parent=95457"}],"wp:term":[{"taxonomy":"product_cat","embeddable":true,"href":"https:\/\/www.keramika.com\/srbija\/wp-json\/wp\/v2\/product_cat?post=95457"},{"taxonomy":"product_tag","embeddable":true,"href":"https:\/\/www.keramika.com\/srbija\/wp-json\/wp\/v2\/product_tag?post=95457"}],"curies":[{"name":"wp","href":"https:\/\/api.w.org\/{rel}","templated":true}]}}