{"id":95455,"date":"2017-07-02T10:16:31","date_gmt":"2017-07-02T10:16:31","guid":{"rendered":"http:\/\/www.ceramictiles.com\/srbija\/product\/zidna-dekorativna-keramika-halcon-marmol-mosaico-mix\/"},"modified":"2026-01-04T00:00:52","modified_gmt":"2026-01-04T00:00:52","slug":"zidna-dekorativna-keramika-halcon-marmol-mosaico-mix","status":"publish","type":"product","link":"https:\/\/www.keramika.com\/srbija\/zidna-dekorativna-keramika-halcon-marmol-mosaico-mix\/","title":{"rendered":"Zidna dekorativna keramika Halcon M\u00e1rmol Mosaico Mix"},"content":{"rendered":"<p>Plo\u010dica 20&#215;50 cm je dobra za ve\u0107 razli\u010ditih namena. Ova plo\u010dica je debela 9 mm i zato je izuzetno izdr\u017eljiva. U izboru plo\u010dica be\u017e boje, ne mo\u017eete pogre\u0161iti. Ove plo\u010dice dolaze od proizvo\u0111a\u010da Halcon Ceramicas, iz \u0160panije. Umesto 2210,3 RSD \u0161to je redovna maloprodajna cena keramike, u na\u0161oj online prodavnici, je mo\u017eete dobiti za samo 1768,7 RSD.<\/p>\n<p>Kliknite na ime serije za sve plo\u010dice u toj seriji: <a class=\"pdfcatal\" href=\"\/\/www.ceramictiles.com\/pdf\/halcon\/catalogue_halcon_marmol_mosaico.pdf\" onclick=\"recordOutboundLink(this, 'E-mail', 'Description PDF');return false;\">Halcon Ceramicas Marmol Mosaico<\/a><\/p>\n<p>Da bi naru\u010dili model iz PDF kataloga ove serije, molimo vas, da nas kontaktirate na: <a href=\"mailto:zo_mi@ceramictiles.com\" onclick=\"recordOutboundLink(this, 'E-mail', 'Description mail');return false;\">zo_mi@ceramictiles.com<\/a> ili nas pozovite na: For exact offer, PLS send us quantity and product you need with delivery address..<\/p>\n","protected":false},"excerpt":{"rendered":"<p>Plo\u010dica 20&#215;50 cm je dobra za ve\u0107 razli\u010ditih namena. Ova plo\u010dica je debela 9 mm i zato je izuzetno izdr\u017eljiva. U izboru plo\u010dica be\u017e boje, ne mo\u017eete pogre\u0161iti. Ove plo\u010dice dolaze od proizvo\u0111a\u010da Halcon Ceramicas, iz \u0160panije. Umesto 2210,3 RSD \u0161to je redovna maloprodajna cena keramike, u na\u0161oj online prodavnici, je mo\u017eete dobiti za samo [&hellip;]<\/p>\n","protected":false},"featured_media":95456,"template":"","meta":[],"product_cat":[99946,200,999],"product_tag":[],"_links":{"self":[{"href":"https:\/\/www.keramika.com\/srbija\/wp-json\/wp\/v2\/product\/95455"}],"collection":[{"href":"https:\/\/www.keramika.com\/srbija\/wp-json\/wp\/v2\/product"}],"about":[{"href":"https:\/\/www.keramika.com\/srbija\/wp-json\/wp\/v2\/types\/product"}],"wp:featuredmedia":[{"embeddable":true,"href":"https:\/\/www.keramika.com\/srbija\/wp-json\/wp\/v2\/media\/95456"}],"wp:attachment":[{"href":"https:\/\/www.keramika.com\/srbija\/wp-json\/wp\/v2\/media?parent=95455"}],"wp:term":[{"taxonomy":"product_cat","embeddable":true,"href":"https:\/\/www.keramika.com\/srbija\/wp-json\/wp\/v2\/product_cat?post=95455"},{"taxonomy":"product_tag","embeddable":true,"href":"https:\/\/www.keramika.com\/srbija\/wp-json\/wp\/v2\/product_tag?post=95455"}],"curies":[{"name":"wp","href":"https:\/\/api.w.org\/{rel}","templated":true}]}}