{"id":95453,"date":"2017-07-02T10:16:00","date_gmt":"2017-07-02T10:16:00","guid":{"rendered":"http:\/\/www.ceramictiles.com\/srbija\/product\/keramika-za-restorane-halcon-mandal-beige\/"},"modified":"2026-01-04T00:00:52","modified_gmt":"2026-01-04T00:00:52","slug":"keramika-za-restorane-halcon-mandal-beige","status":"publish","type":"product","link":"https:\/\/www.keramika.com\/srbija\/keramika-za-restorane-halcon-mandal-beige\/","title":{"rendered":"Keramika za restorane Halcon Mandal Beige"},"content":{"rendered":"<p>Proizvodnja \u0160panije ,koja je poznata u svetu, kao jedana od najboljih proizvo\u0111a\u010da kerami\u010dkih plo\u010dica. Plo\u010dice be\u017e boje osvje\u017eit \u0107e svaki prostor. 9 mm debljina \u0107e zadovoljiti i najzahtevnije kupce. Veli\u010dina 45&#215;90 cm je odli\u010dna za sve podloge. Online cena je samo 2816,35 RSD, dok redovna, maloprodajna cena 3520,15 RSD.<\/p>\n<p>Kliknite na ime serije za sve plo\u010dice u toj seriji: <a class=\"pdfcatal\" href=\"\/\/www.ceramictiles.com\/pdf\/halcon\/catalogue_halcon_mandal.pdf\" onclick=\"recordOutboundLink(this, 'E-mail', 'Description PDF');return false;\">Halcon Ceramicas Mandal<\/a><\/p>\n<p>Da bi naru\u010dili model iz PDF kataloga ove serije, molimo vas, da nas kontaktirate na: <a href=\"mailto:zo_mi@ceramictiles.com\" onclick=\"recordOutboundLink(this, 'E-mail', 'Description mail');return false;\">zo_mi@ceramictiles.com<\/a> ili nas pozovite na: For exact offer, PLS send us quantity and product you need with delivery address..<\/p>\n","protected":false},"excerpt":{"rendered":"<p>Proizvodnja \u0160panije ,koja je poznata u svetu, kao jedana od najboljih proizvo\u0111a\u010da kerami\u010dkih plo\u010dica. Plo\u010dice be\u017e boje osvje\u017eit \u0107e svaki prostor. 9 mm debljina \u0107e zadovoljiti i najzahtevnije kupce. Veli\u010dina 45&#215;90 cm je odli\u010dna za sve podloge. Online cena je samo 2816,35 RSD, dok redovna, maloprodajna cena 3520,15 RSD. Kliknite na ime serije za sve [&hellip;]<\/p>\n","protected":false},"featured_media":95454,"template":"","meta":[],"product_cat":[99946,200,999],"product_tag":[99950099],"_links":{"self":[{"href":"https:\/\/www.keramika.com\/srbija\/wp-json\/wp\/v2\/product\/95453"}],"collection":[{"href":"https:\/\/www.keramika.com\/srbija\/wp-json\/wp\/v2\/product"}],"about":[{"href":"https:\/\/www.keramika.com\/srbija\/wp-json\/wp\/v2\/types\/product"}],"wp:featuredmedia":[{"embeddable":true,"href":"https:\/\/www.keramika.com\/srbija\/wp-json\/wp\/v2\/media\/95454"}],"wp:attachment":[{"href":"https:\/\/www.keramika.com\/srbija\/wp-json\/wp\/v2\/media?parent=95453"}],"wp:term":[{"taxonomy":"product_cat","embeddable":true,"href":"https:\/\/www.keramika.com\/srbija\/wp-json\/wp\/v2\/product_cat?post=95453"},{"taxonomy":"product_tag","embeddable":true,"href":"https:\/\/www.keramika.com\/srbija\/wp-json\/wp\/v2\/product_tag?post=95453"}],"curies":[{"name":"wp","href":"https:\/\/api.w.org\/{rel}","templated":true}]}}