{"id":95425,"date":"2017-07-02T10:10:50","date_gmt":"2017-07-02T10:10:50","guid":{"rendered":"http:\/\/www.ceramictiles.com\/srbija\/product\/zidne-plocice-halcon-franklin-perla\/"},"modified":"2026-01-04T00:00:49","modified_gmt":"2026-01-04T00:00:49","slug":"zidne-plocice-halcon-franklin-perla","status":"publish","type":"product","link":"https:\/\/www.keramika.com\/srbija\/zidne-plocice-halcon-franklin-perla\/","title":{"rendered":"Zidne plo\u010dice Halcon Franklin Perla"},"content":{"rendered":"<p>Umesto 2099,9 RSD \u0161to je redovna maloprodajna cena keramike, u na\u0161oj online prodavnici, je mo\u017eete dobiti za samo 1680,15 RSD. Veli\u010dina 20&#215;50 cm je odli\u010dna za sve podloge. plo\u010dica proizvo\u0111a\u010da Halcon Ceramicas iz \u0160panije. Plo\u010dica je debela 9 mm, \u0161to je ubraja u tvrde plo\u010dice. Ta kolekcija, model plo\u010dice, se prodaje najvi\u0161e bele boje.<\/p>\n<p>Kliknite na ime serije za sve plo\u010dice u toj seriji: <a class=\"pdfcatal\" href=\"\/\/www.ceramictiles.com\/pdf\/halcon\/catalogue_halcon_franklin.pdf\" onclick=\"recordOutboundLink(this, 'E-mail', 'Description PDF');return false;\">Halcon Ceramicas Franklin<\/a><\/p>\n<p>Da bi naru\u010dili model iz PDF kataloga ove serije, molimo vas, da nas kontaktirate na: <a href=\"mailto:zo_mi@ceramictiles.com\" onclick=\"recordOutboundLink(this, 'E-mail', 'Description mail');return false;\">zo_mi@ceramictiles.com<\/a> ili nas pozovite na: For exact offer, PLS send us quantity and product you need with delivery address..<\/p>\n","protected":false},"excerpt":{"rendered":"<p>Umesto 2099,9 RSD \u0161to je redovna maloprodajna cena keramike, u na\u0161oj online prodavnici, je mo\u017eete dobiti za samo 1680,15 RSD. Veli\u010dina 20&#215;50 cm je odli\u010dna za sve podloge. plo\u010dica proizvo\u0111a\u010da Halcon Ceramicas iz \u0160panije. Plo\u010dica je debela 9 mm, \u0161to je ubraja u tvrde plo\u010dice. Ta kolekcija, model plo\u010dice, se prodaje najvi\u0161e bele boje. Kliknite [&hellip;]<\/p>\n","protected":false},"featured_media":95426,"template":"","meta":[],"product_cat":[99946,200,999],"product_tag":[],"_links":{"self":[{"href":"https:\/\/www.keramika.com\/srbija\/wp-json\/wp\/v2\/product\/95425"}],"collection":[{"href":"https:\/\/www.keramika.com\/srbija\/wp-json\/wp\/v2\/product"}],"about":[{"href":"https:\/\/www.keramika.com\/srbija\/wp-json\/wp\/v2\/types\/product"}],"wp:featuredmedia":[{"embeddable":true,"href":"https:\/\/www.keramika.com\/srbija\/wp-json\/wp\/v2\/media\/95426"}],"wp:attachment":[{"href":"https:\/\/www.keramika.com\/srbija\/wp-json\/wp\/v2\/media?parent=95425"}],"wp:term":[{"taxonomy":"product_cat","embeddable":true,"href":"https:\/\/www.keramika.com\/srbija\/wp-json\/wp\/v2\/product_cat?post=95425"},{"taxonomy":"product_tag","embeddable":true,"href":"https:\/\/www.keramika.com\/srbija\/wp-json\/wp\/v2\/product_tag?post=95425"}],"curies":[{"name":"wp","href":"https:\/\/api.w.org\/{rel}","templated":true}]}}