{"id":95415,"date":"2017-07-02T10:09:01","date_gmt":"2017-07-02T10:09:01","guid":{"rendered":"http:\/\/www.ceramictiles.com\/srbija\/product\/plocice-za-kupatilo-halcon-dock-blanco\/"},"modified":"2026-01-04T00:00:48","modified_gmt":"2026-01-04T00:00:48","slug":"plocice-za-kupatilo-halcon-dock-blanco","status":"publish","type":"product","link":"https:\/\/www.keramika.com\/srbija\/plocice-za-kupatilo-halcon-dock-blanco\/","title":{"rendered":"Plo\u010dice za kupatilo Halcon Dock Blanco"},"content":{"rendered":"<p>Veli\u010dina ove plo\u010dice je 24,2&#215;68,5 cm. Plo\u010dice bele boje osvje\u017eit \u0107e svaki prostor. 9 mm debljina \u0107e zadovoljiti i najzahtevnije kupce. 2492,05 RSD je redovna prodajna cena keramike, tu pa samo 1994,1 RSD. Halcon Dock Blanco je proizvod iz \u0160panije te je izuzetno kvalitetna.<\/p>\n<p>Kliknite na ime serije za sve plo\u010dice u toj seriji: <a class=\"pdfcatal\" href=\"\/\/www.ceramictiles.com\/pdf\/halcon\/catalogue_halcon_dock.pdf\" onclick=\"recordOutboundLink(this, 'E-mail', 'Description PDF');return false;\">Halcon Ceramicas Dock<\/a><\/p>\n<p>Da bi naru\u010dili model iz PDF kataloga ove serije, molimo vas, da nas kontaktirate na: <a href=\"mailto:zo_mi@ceramictiles.com\" onclick=\"recordOutboundLink(this, 'E-mail', 'Description mail');return false;\">zo_mi@ceramictiles.com<\/a> ili nas pozovite na: For exact offer, PLS send us quantity and product you need with delivery address..<\/p>\n","protected":false},"excerpt":{"rendered":"<p>Veli\u010dina ove plo\u010dice je 24,2&#215;68,5 cm. Plo\u010dice bele boje osvje\u017eit \u0107e svaki prostor. 9 mm debljina \u0107e zadovoljiti i najzahtevnije kupce. 2492,05 RSD je redovna prodajna cena keramike, tu pa samo 1994,1 RSD. Halcon Dock Blanco je proizvod iz \u0160panije te je izuzetno kvalitetna. Kliknite na ime serije za sve plo\u010dice u toj seriji: Halcon [&hellip;]<\/p>\n","protected":false},"featured_media":95416,"template":"","meta":[],"product_cat":[99946,200,999],"product_tag":[],"_links":{"self":[{"href":"https:\/\/www.keramika.com\/srbija\/wp-json\/wp\/v2\/product\/95415"}],"collection":[{"href":"https:\/\/www.keramika.com\/srbija\/wp-json\/wp\/v2\/product"}],"about":[{"href":"https:\/\/www.keramika.com\/srbija\/wp-json\/wp\/v2\/types\/product"}],"wp:featuredmedia":[{"embeddable":true,"href":"https:\/\/www.keramika.com\/srbija\/wp-json\/wp\/v2\/media\/95416"}],"wp:attachment":[{"href":"https:\/\/www.keramika.com\/srbija\/wp-json\/wp\/v2\/media?parent=95415"}],"wp:term":[{"taxonomy":"product_cat","embeddable":true,"href":"https:\/\/www.keramika.com\/srbija\/wp-json\/wp\/v2\/product_cat?post=95415"},{"taxonomy":"product_tag","embeddable":true,"href":"https:\/\/www.keramika.com\/srbija\/wp-json\/wp\/v2\/product_tag?post=95415"}],"curies":[{"name":"wp","href":"https:\/\/api.w.org\/{rel}","templated":true}]}}