{"id":95405,"date":"2017-07-02T10:06:52","date_gmt":"2017-07-02T10:06:52","guid":{"rendered":"http:\/\/www.ceramictiles.com\/srbija\/product\/keramika-za-terase-halcon-blendstone-gris\/"},"modified":"2026-01-04T00:00:46","modified_gmt":"2026-01-04T00:00:46","slug":"keramika-za-terase-halcon-blendstone-gris","status":"publish","type":"product","link":"https:\/\/www.keramika.com\/srbija\/keramika-za-terase-halcon-blendstone-gris\/","title":{"rendered":"Keramika za terase Halcon Blendstone Gris"},"content":{"rendered":"<p>U maloprodaji bi morali za tu plo\u010dicu platiti 3520,15 RSD, online cena je samo 2816,35 RSD. Halcon Blendstone Gris je proizvod iz \u0160panije te je izuzetno kvalitetna. Izuzetno moderne plo\u010dice sive boje, osve\u017eit \u0107e svaki prostor. Debljina plo\u010dice, je vrlo va\u017ena 9 mm i ubraja tu plo\u010dicu me\u0111u najkvalitetnije. \u0160irina i du\u017eina plo\u010dice su 45&#215;90 cm.<\/p>\n<p>Kliknite na ime serije za sve plo\u010dice u toj seriji: <a class=\"pdfcatal\" href=\"\/\/www.ceramictiles.com\/pdf\/halcon\/catalogue_halcon_blendstone.pdf\" onclick=\"recordOutboundLink(this, 'E-mail', 'Description PDF');return false;\">Halcon Ceramicas Blendstone<\/a><\/p>\n<p>Da bi naru\u010dili model iz PDF kataloga ove serije, molimo vas, da nas kontaktirate na: <a href=\"mailto:zo_mi@ceramictiles.com\" onclick=\"recordOutboundLink(this, 'E-mail', 'Description mail');return false;\">zo_mi@ceramictiles.com<\/a> ili nas pozovite na: For exact offer, PLS send us quantity and product you need with delivery address..<\/p>\n","protected":false},"excerpt":{"rendered":"<p>U maloprodaji bi morali za tu plo\u010dicu platiti 3520,15 RSD, online cena je samo 2816,35 RSD. Halcon Blendstone Gris je proizvod iz \u0160panije te je izuzetno kvalitetna. Izuzetno moderne plo\u010dice sive boje, osve\u017eit \u0107e svaki prostor. Debljina plo\u010dice, je vrlo va\u017ena 9 mm i ubraja tu plo\u010dicu me\u0111u najkvalitetnije. \u0160irina i du\u017eina plo\u010dice su 45&#215;90 [&hellip;]<\/p>\n","protected":false},"featured_media":95406,"template":"","meta":[],"product_cat":[99946,200,999],"product_tag":[99950091],"_links":{"self":[{"href":"https:\/\/www.keramika.com\/srbija\/wp-json\/wp\/v2\/product\/95405"}],"collection":[{"href":"https:\/\/www.keramika.com\/srbija\/wp-json\/wp\/v2\/product"}],"about":[{"href":"https:\/\/www.keramika.com\/srbija\/wp-json\/wp\/v2\/types\/product"}],"wp:featuredmedia":[{"embeddable":true,"href":"https:\/\/www.keramika.com\/srbija\/wp-json\/wp\/v2\/media\/95406"}],"wp:attachment":[{"href":"https:\/\/www.keramika.com\/srbija\/wp-json\/wp\/v2\/media?parent=95405"}],"wp:term":[{"taxonomy":"product_cat","embeddable":true,"href":"https:\/\/www.keramika.com\/srbija\/wp-json\/wp\/v2\/product_cat?post=95405"},{"taxonomy":"product_tag","embeddable":true,"href":"https:\/\/www.keramika.com\/srbija\/wp-json\/wp\/v2\/product_tag?post=95405"}],"curies":[{"name":"wp","href":"https:\/\/api.w.org\/{rel}","templated":true}]}}