{"id":95403,"date":"2017-07-02T10:06:35","date_gmt":"2017-07-02T10:06:35","guid":{"rendered":"http:\/\/www.ceramictiles.com\/srbija\/product\/zidne-plocice-halcon-blanco-pb-rect-brillo\/"},"modified":"2026-01-04T00:00:46","modified_gmt":"2026-01-04T00:00:46","slug":"zidne-plocice-halcon-blanco-pb-rect-brillo","status":"publish","type":"product","link":"https:\/\/www.keramika.com\/srbija\/zidne-plocice-halcon-blanco-pb-rect-brillo\/","title":{"rendered":"Zidne plo\u010dice Halcon Blanco Pb Rect Brillo"},"content":{"rendered":"<p>Veli\u010dina 30&#215;90 cm je odli\u010dna za sve podloge. plo\u010dica proizvo\u0111a\u010da Halcon Ceramicas iz \u0160panije. U izboru plo\u010dica bele boje, ne mo\u017eete pogre\u0161iti. Online cena je samo 3609,85 RSD, dok redovna, maloprodajna cena 4512,6 RSD. Debljina 9 mm \u010dini plo\u010dicu vrlo izdr\u017eljivom i prijatnom na dodir.<\/p>\n<p>Kliknite na ime serije za sve plo\u010dice u toj seriji: <a class=\"pdfcatal\" href=\"\/\/www.ceramictiles.com\/pdf\/halcon\/catalogue_halcon_blanco_pb_rect.pdf\" onclick=\"recordOutboundLink(this, 'E-mail', 'Description PDF');return false;\">Halcon Ceramicas Blanco Pb Rect<\/a><\/p>\n<p>Da bi naru\u010dili model iz PDF kataloga ove serije, molimo vas, da nas kontaktirate na: <a href=\"mailto:zo_mi@ceramictiles.com\" onclick=\"recordOutboundLink(this, 'E-mail', 'Description mail');return false;\">zo_mi@ceramictiles.com<\/a> ili nas pozovite na: For exact offer, PLS send us quantity and product you need with delivery address..<\/p>\n","protected":false},"excerpt":{"rendered":"<p>Veli\u010dina 30&#215;90 cm je odli\u010dna za sve podloge. plo\u010dica proizvo\u0111a\u010da Halcon Ceramicas iz \u0160panije. U izboru plo\u010dica bele boje, ne mo\u017eete pogre\u0161iti. Online cena je samo 3609,85 RSD, dok redovna, maloprodajna cena 4512,6 RSD. Debljina 9 mm \u010dini plo\u010dicu vrlo izdr\u017eljivom i prijatnom na dodir. Kliknite na ime serije za sve plo\u010dice u toj seriji: [&hellip;]<\/p>\n","protected":false},"featured_media":95404,"template":"","meta":[],"product_cat":[99946,200,999],"product_tag":[],"_links":{"self":[{"href":"https:\/\/www.keramika.com\/srbija\/wp-json\/wp\/v2\/product\/95403"}],"collection":[{"href":"https:\/\/www.keramika.com\/srbija\/wp-json\/wp\/v2\/product"}],"about":[{"href":"https:\/\/www.keramika.com\/srbija\/wp-json\/wp\/v2\/types\/product"}],"wp:featuredmedia":[{"embeddable":true,"href":"https:\/\/www.keramika.com\/srbija\/wp-json\/wp\/v2\/media\/95404"}],"wp:attachment":[{"href":"https:\/\/www.keramika.com\/srbija\/wp-json\/wp\/v2\/media?parent=95403"}],"wp:term":[{"taxonomy":"product_cat","embeddable":true,"href":"https:\/\/www.keramika.com\/srbija\/wp-json\/wp\/v2\/product_cat?post=95403"},{"taxonomy":"product_tag","embeddable":true,"href":"https:\/\/www.keramika.com\/srbija\/wp-json\/wp\/v2\/product_tag?post=95403"}],"curies":[{"name":"wp","href":"https:\/\/api.w.org\/{rel}","templated":true}]}}