{"id":95397,"date":"2017-07-02T10:05:28","date_gmt":"2017-07-02T10:05:28","guid":{"rendered":"http:\/\/www.ceramictiles.com\/srbija\/product\/keramika-imitacija-drveta-halcon-atelier-anti-slip-taupe\/"},"modified":"2026-01-04T00:00:46","modified_gmt":"2026-01-04T00:00:46","slug":"keramika-imitacija-drveta-halcon-atelier-anti-slip-taupe","status":"publish","type":"product","link":"https:\/\/www.keramika.com\/srbija\/keramika-imitacija-drveta-halcon-atelier-anti-slip-taupe\/","title":{"rendered":"Keramika imitacija drveta Halcon Atelier Anti Slip Taupe"},"content":{"rendered":"<p>Plo\u010dice dolaze iz \u0160panije, koja je poznata po kvalitetnoj keramiki. Plo\u010dica na sliki je 20&#215;120 cm. Online cena je samo 2942,85 RSD, dok redovna, maloprodajna cena 3677,7 RSD. Ova plo\u010dica je debela 9 mm i zato je izuzetno izdr\u017eljiva. Izuzetno moderne plo\u010dice braon boje, osve\u017eit \u0107e svaki prostor.<\/p>\n<p>Kliknite na ime serije za sve plo\u010dice u toj seriji: <a class=\"pdfcatal\" href=\"\/\/www.ceramictiles.com\/pdf\/halcon\/catalogue_halcon_atelier_anti.pdf\" onclick=\"recordOutboundLink(this, 'E-mail', 'Description PDF');return false;\">Halcon Ceramicas Atelier Anti<\/a><\/p>\n<p>Da bi naru\u010dili model iz PDF kataloga ove serije, molimo vas, da nas kontaktirate na: <a href=\"mailto:zo_mi@ceramictiles.com\" onclick=\"recordOutboundLink(this, 'E-mail', 'Description mail');return false;\">zo_mi@ceramictiles.com<\/a> ili nas pozovite na: For exact offer, PLS send us quantity and product you need with delivery address..<\/p>\n<p>Technical description: 23,3&#215;120<\/p>\n","protected":false},"excerpt":{"rendered":"<p>Plo\u010dice dolaze iz \u0160panije, koja je poznata po kvalitetnoj keramiki. Plo\u010dica na sliki je 20&#215;120 cm. Online cena je samo 2942,85 RSD, dok redovna, maloprodajna cena 3677,7 RSD. Ova plo\u010dica je debela 9 mm i zato je izuzetno izdr\u017eljiva. Izuzetno moderne plo\u010dice braon boje, osve\u017eit \u0107e svaki prostor. Kliknite na ime serije za sve plo\u010dice [&hellip;]<\/p>\n","protected":false},"featured_media":95398,"template":"","meta":[],"product_cat":[99946,200,999],"product_tag":[99950095],"_links":{"self":[{"href":"https:\/\/www.keramika.com\/srbija\/wp-json\/wp\/v2\/product\/95397"}],"collection":[{"href":"https:\/\/www.keramika.com\/srbija\/wp-json\/wp\/v2\/product"}],"about":[{"href":"https:\/\/www.keramika.com\/srbija\/wp-json\/wp\/v2\/types\/product"}],"wp:featuredmedia":[{"embeddable":true,"href":"https:\/\/www.keramika.com\/srbija\/wp-json\/wp\/v2\/media\/95398"}],"wp:attachment":[{"href":"https:\/\/www.keramika.com\/srbija\/wp-json\/wp\/v2\/media?parent=95397"}],"wp:term":[{"taxonomy":"product_cat","embeddable":true,"href":"https:\/\/www.keramika.com\/srbija\/wp-json\/wp\/v2\/product_cat?post=95397"},{"taxonomy":"product_tag","embeddable":true,"href":"https:\/\/www.keramika.com\/srbija\/wp-json\/wp\/v2\/product_tag?post=95397"}],"curies":[{"name":"wp","href":"https:\/\/api.w.org\/{rel}","templated":true}]}}