{"id":95389,"date":"2017-07-02T10:04:01","date_gmt":"2017-07-02T10:04:01","guid":{"rendered":"http:\/\/www.ceramictiles.com\/srbija\/product\/wandfliesen-arcana-avorio-diamond-marfil\/"},"modified":"2026-01-04T00:00:45","modified_gmt":"2026-01-04T00:00:45","slug":"wandfliesen-arcana-avorio-diamond-marfil","status":"publish","type":"product","link":"https:\/\/www.keramika.com\/srbija\/wandfliesen-arcana-avorio-diamond-marfil\/","title":{"rendered":"Wandfliesen Arcana Avorio Diamond Marfil"},"content":{"rendered":"<p>Zbog ni\u017eih tro\u0161kova, online prodaje, Vi \u0107e te na na\u0161oj strani ove plo\u010de platiti samo 3850,2 RSD. 10 mm debljine je dovoljno za zahtevnije kupce. Veli\u010dina ove plo\u010dice je 25&#215;75 cm. Ove plo\u010dice dolaze od proizvo\u0111a\u010da Arcana tiles, iz \u0160panije. Izuzetno moderne plo\u010dice be\u017e boje, osve\u017eit \u0107e svaki prostor.<\/p>\n<p>Kliknite na ime serije za sve plo\u010dice u toj seriji: <a class=\"pdfcatal\" href=\"\/\/www.ceramictiles.com\/pdf\/arcana\/catalogue_arcana_vergonese.pdf\" onclick=\"recordOutboundLink(this, 'E-mail', 'Description PDF');return false;\">Arcana tiles Vergonese<\/a><\/p>\n<p>Da bi naru\u010dili model iz PDF kataloga ove serije, molimo vas, da nas kontaktirate na: <a href=\"mailto:zo_mi@ceramictiles.com\" onclick=\"recordOutboundLink(this, 'E-mail', 'Description mail');return false;\">zo_mi@ceramictiles.com<\/a> ili nas pozovite na: For exact offer, PLS send us quantity and product you need with delivery address..<\/p>\n","protected":false},"excerpt":{"rendered":"<p>Zbog ni\u017eih tro\u0161kova, online prodaje, Vi \u0107e te na na\u0161oj strani ove plo\u010de platiti samo 3850,2 RSD. 10 mm debljine je dovoljno za zahtevnije kupce. Veli\u010dina ove plo\u010dice je 25&#215;75 cm. Ove plo\u010dice dolaze od proizvo\u0111a\u010da Arcana tiles, iz \u0160panije. Izuzetno moderne plo\u010dice be\u017e boje, osve\u017eit \u0107e svaki prostor. Kliknite na ime serije za sve [&hellip;]<\/p>\n","protected":false},"featured_media":95390,"template":"","meta":[],"product_cat":[99921439,200,999],"product_tag":[],"_links":{"self":[{"href":"https:\/\/www.keramika.com\/srbija\/wp-json\/wp\/v2\/product\/95389"}],"collection":[{"href":"https:\/\/www.keramika.com\/srbija\/wp-json\/wp\/v2\/product"}],"about":[{"href":"https:\/\/www.keramika.com\/srbija\/wp-json\/wp\/v2\/types\/product"}],"wp:featuredmedia":[{"embeddable":true,"href":"https:\/\/www.keramika.com\/srbija\/wp-json\/wp\/v2\/media\/95390"}],"wp:attachment":[{"href":"https:\/\/www.keramika.com\/srbija\/wp-json\/wp\/v2\/media?parent=95389"}],"wp:term":[{"taxonomy":"product_cat","embeddable":true,"href":"https:\/\/www.keramika.com\/srbija\/wp-json\/wp\/v2\/product_cat?post=95389"},{"taxonomy":"product_tag","embeddable":true,"href":"https:\/\/www.keramika.com\/srbija\/wp-json\/wp\/v2\/product_tag?post=95389"}],"curies":[{"name":"wp","href":"https:\/\/api.w.org\/{rel}","templated":true}]}}