{"id":95381,"date":"2017-07-02T10:02:26","date_gmt":"2017-07-02T10:02:26","guid":{"rendered":"http:\/\/www.ceramictiles.com\/srbija\/product\/dekorative-fliesen-arcana-patchwood-decor\/"},"modified":"2026-01-04T00:00:44","modified_gmt":"2026-01-04T00:00:44","slug":"dekorative-fliesen-arcana-patchwood-decor","status":"publish","type":"product","link":"https:\/\/www.keramika.com\/srbija\/dekorative-fliesen-arcana-patchwood-decor\/","title":{"rendered":"Dekorative Fliesen Arcana Patchwood Decor"},"content":{"rendered":"<p>Arcana Patchwood Decor je dostupna po vrlo povoljnim cenama 4471,2 RSD. Ta kolekcija, model plo\u010dice, se prodaje najvi\u0161e braon boje. Debljina plo\u010dice, je vrlo va\u017ena 10 mm i ubraja tu plo\u010dicu me\u0111u najkvalitetnije. Plo\u010dice dolaze iz \u0160panije, koja je poznata po kvalitetnoj keramiki. Dimenzije ovih plo\u010dica su 45&#215;90 cm.<\/p>\n<p>Kliknite na ime serije za sve plo\u010dice u toj seriji: <a class=\"pdfcatal\" href=\"\/\/www.ceramictiles.com\/pdf\/arcana\/catalogue_arcana_patchwood.pdf\" onclick=\"recordOutboundLink(this, 'E-mail', 'Description PDF');return false;\">Arcana tiles Patchwood<\/a><\/p>\n<p>Da bi naru\u010dili model iz PDF kataloga ove serije, molimo vas, da nas kontaktirate na: <a href=\"mailto:zo_mi@ceramictiles.com\" onclick=\"recordOutboundLink(this, 'E-mail', 'Description mail');return false;\">zo_mi@ceramictiles.com<\/a> ili nas pozovite na: For exact offer, PLS send us quantity and product you need with delivery address..<\/p>\n","protected":false},"excerpt":{"rendered":"<p>Arcana Patchwood Decor je dostupna po vrlo povoljnim cenama 4471,2 RSD. Ta kolekcija, model plo\u010dice, se prodaje najvi\u0161e braon boje. Debljina plo\u010dice, je vrlo va\u017ena 10 mm i ubraja tu plo\u010dicu me\u0111u najkvalitetnije. Plo\u010dice dolaze iz \u0160panije, koja je poznata po kvalitetnoj keramiki. Dimenzije ovih plo\u010dica su 45&#215;90 cm. Kliknite na ime serije za sve [&hellip;]<\/p>\n","protected":false},"featured_media":95382,"template":"","meta":[],"product_cat":[99921439,200,999],"product_tag":[],"_links":{"self":[{"href":"https:\/\/www.keramika.com\/srbija\/wp-json\/wp\/v2\/product\/95381"}],"collection":[{"href":"https:\/\/www.keramika.com\/srbija\/wp-json\/wp\/v2\/product"}],"about":[{"href":"https:\/\/www.keramika.com\/srbija\/wp-json\/wp\/v2\/types\/product"}],"wp:featuredmedia":[{"embeddable":true,"href":"https:\/\/www.keramika.com\/srbija\/wp-json\/wp\/v2\/media\/95382"}],"wp:attachment":[{"href":"https:\/\/www.keramika.com\/srbija\/wp-json\/wp\/v2\/media?parent=95381"}],"wp:term":[{"taxonomy":"product_cat","embeddable":true,"href":"https:\/\/www.keramika.com\/srbija\/wp-json\/wp\/v2\/product_cat?post=95381"},{"taxonomy":"product_tag","embeddable":true,"href":"https:\/\/www.keramika.com\/srbija\/wp-json\/wp\/v2\/product_tag?post=95381"}],"curies":[{"name":"wp","href":"https:\/\/api.w.org\/{rel}","templated":true}]}}