{"id":95377,"date":"2017-07-02T10:01:36","date_gmt":"2017-07-02T10:01:36","guid":{"rendered":"http:\/\/www.ceramictiles.com\/srbija\/product\/badezimmer-fliesen-arcana-gubbio-cosmos\/"},"modified":"2026-01-04T00:00:44","modified_gmt":"2026-01-04T00:00:44","slug":"badezimmer-fliesen-arcana-gubbio-cosmos","status":"publish","type":"product","link":"https:\/\/www.keramika.com\/srbija\/badezimmer-fliesen-arcana-gubbio-cosmos\/","title":{"rendered":"Badezimmer Fliesen Arcana Gubbio Cosmos"},"content":{"rendered":"<p>Arcana Gubbio Cosmos dolazi iz \u0160panije, koja je poznata po vrlo visokoj kvaliteta keramike u svetu. Veli\u010dina ove plo\u010dice je 20&#215;40 cm. U maloprodaji bi morali za tu plo\u010dicu platiti 2915,25 RSD, online cena je samo 2332,2 RSD. 10 mm debljine je dovoljno za zahtevnije kupce. Ta kolekcija, model plo\u010dice, se prodaje najvi\u0161e plave boje.<\/p>\n<p>Kliknite na ime serije za sve plo\u010dice u toj seriji: <a class=\"pdfcatal\" href=\"\/\/www.ceramictiles.com\/pdf\/arcana\/catalogue_arcana_gubbio.pdf\" onclick=\"recordOutboundLink(this, 'E-mail', 'Description PDF');return false;\">Arcana tiles Gubbio<\/a><\/p>\n<p>Da bi naru\u010dili model iz PDF kataloga ove serije, molimo vas, da nas kontaktirate na: <a href=\"mailto:zo_mi@ceramictiles.com\" onclick=\"recordOutboundLink(this, 'E-mail', 'Description mail');return false;\">zo_mi@ceramictiles.com<\/a> ili nas pozovite na: For exact offer, PLS send us quantity and product you need with delivery address..<\/p>\n","protected":false},"excerpt":{"rendered":"<p>Arcana Gubbio Cosmos dolazi iz \u0160panije, koja je poznata po vrlo visokoj kvaliteta keramike u svetu. Veli\u010dina ove plo\u010dice je 20&#215;40 cm. U maloprodaji bi morali za tu plo\u010dicu platiti 2915,25 RSD, online cena je samo 2332,2 RSD. 10 mm debljine je dovoljno za zahtevnije kupce. Ta kolekcija, model plo\u010dice, se prodaje najvi\u0161e plave boje. [&hellip;]<\/p>\n","protected":false},"featured_media":95378,"template":"","meta":[],"product_cat":[99921439,200,999],"product_tag":[],"_links":{"self":[{"href":"https:\/\/www.keramika.com\/srbija\/wp-json\/wp\/v2\/product\/95377"}],"collection":[{"href":"https:\/\/www.keramika.com\/srbija\/wp-json\/wp\/v2\/product"}],"about":[{"href":"https:\/\/www.keramika.com\/srbija\/wp-json\/wp\/v2\/types\/product"}],"wp:featuredmedia":[{"embeddable":true,"href":"https:\/\/www.keramika.com\/srbija\/wp-json\/wp\/v2\/media\/95378"}],"wp:attachment":[{"href":"https:\/\/www.keramika.com\/srbija\/wp-json\/wp\/v2\/media?parent=95377"}],"wp:term":[{"taxonomy":"product_cat","embeddable":true,"href":"https:\/\/www.keramika.com\/srbija\/wp-json\/wp\/v2\/product_cat?post=95377"},{"taxonomy":"product_tag","embeddable":true,"href":"https:\/\/www.keramika.com\/srbija\/wp-json\/wp\/v2\/product_tag?post=95377"}],"curies":[{"name":"wp","href":"https:\/\/api.w.org\/{rel}","templated":true}]}}