{"id":95373,"date":"2017-07-02T10:00:54","date_gmt":"2017-07-02T10:00:54","guid":{"rendered":"http:\/\/www.ceramictiles.com\/srbija\/product\/bodenfliesen-arcana-bolano-r-gris\/"},"modified":"2026-01-04T00:00:43","modified_gmt":"2026-01-04T00:00:43","slug":"bodenfliesen-arcana-bolano-r-gris","status":"publish","type":"product","link":"https:\/\/www.keramika.com\/srbija\/bodenfliesen-arcana-bolano-r-gris\/","title":{"rendered":"Bodenfliesen Arcana Bolano-R Gris"},"content":{"rendered":"<p>Veli\u010dina ove plo\u010dice je 30&#215;120 cm. Proizvodnja \u0160panije ,koja je poznata u svetu, kao jedana od najboljih proizvo\u0111a\u010da kerami\u010dkih plo\u010dica. Debljina plo\u010dice, je vrlo va\u017ena 10 mm i ubraja tu plo\u010dicu me\u0111u najkvalitetnije. U izboru plo\u010dica sive boje, ne mo\u017eete pogre\u0161iti. U maloprodaji bi morali za tu plo\u010dicu platiti 8573,25 RSD, online cena je samo 6858,6 RSD.<\/p>\n<p>Kliknite na ime serije za sve plo\u010dice u toj seriji: <a class=\"pdfcatal\" href=\"\/\/www.ceramictiles.com\/pdf\/arcana\/catalogue_arcana_bolano.pdf\" onclick=\"recordOutboundLink(this, 'E-mail', 'Description PDF');return false;\">Arcana tiles Bolano<\/a><\/p>\n<p>Da bi naru\u010dili model iz PDF kataloga ove serije, molimo vas, da nas kontaktirate na: <a href=\"mailto:zo_mi@ceramictiles.com\" onclick=\"recordOutboundLink(this, 'E-mail', 'Description mail');return false;\">zo_mi@ceramictiles.com<\/a> ili nas pozovite na: For exact offer, PLS send us quantity and product you need with delivery address..<\/p>\n<p>Technical description: 29,2&#215;119,3<\/p>\n","protected":false},"excerpt":{"rendered":"<p>Veli\u010dina ove plo\u010dice je 30&#215;120 cm. Proizvodnja \u0160panije ,koja je poznata u svetu, kao jedana od najboljih proizvo\u0111a\u010da kerami\u010dkih plo\u010dica. Debljina plo\u010dice, je vrlo va\u017ena 10 mm i ubraja tu plo\u010dicu me\u0111u najkvalitetnije. U izboru plo\u010dica sive boje, ne mo\u017eete pogre\u0161iti. U maloprodaji bi morali za tu plo\u010dicu platiti 8573,25 RSD, online cena je samo [&hellip;]<\/p>\n","protected":false},"featured_media":95374,"template":"","meta":[],"product_cat":[99921439,200,999],"product_tag":[],"_links":{"self":[{"href":"https:\/\/www.keramika.com\/srbija\/wp-json\/wp\/v2\/product\/95373"}],"collection":[{"href":"https:\/\/www.keramika.com\/srbija\/wp-json\/wp\/v2\/product"}],"about":[{"href":"https:\/\/www.keramika.com\/srbija\/wp-json\/wp\/v2\/types\/product"}],"wp:featuredmedia":[{"embeddable":true,"href":"https:\/\/www.keramika.com\/srbija\/wp-json\/wp\/v2\/media\/95374"}],"wp:attachment":[{"href":"https:\/\/www.keramika.com\/srbija\/wp-json\/wp\/v2\/media?parent=95373"}],"wp:term":[{"taxonomy":"product_cat","embeddable":true,"href":"https:\/\/www.keramika.com\/srbija\/wp-json\/wp\/v2\/product_cat?post=95373"},{"taxonomy":"product_tag","embeddable":true,"href":"https:\/\/www.keramika.com\/srbija\/wp-json\/wp\/v2\/product_tag?post=95373"}],"curies":[{"name":"wp","href":"https:\/\/api.w.org\/{rel}","templated":true}]}}