{"id":95371,"date":"2017-07-02T10:00:35","date_gmt":"2017-07-02T10:00:35","guid":{"rendered":"http:\/\/www.ceramictiles.com\/srbija\/product\/plocice-za-kupatilo-tau-yaiza-marfil\/"},"modified":"2026-01-04T00:00:43","modified_gmt":"2026-01-04T00:00:43","slug":"plocice-za-kupatilo-tau-yaiza-marfil","status":"publish","type":"product","link":"https:\/\/www.keramika.com\/srbija\/plocice-za-kupatilo-tau-yaiza-marfil\/","title":{"rendered":"Plo\u010dice za kupatilo TAU Yaiza Marfil"},"content":{"rendered":"<p>\u0160irina i du\u017eina plo\u010dice su 25&#215;75 cm. 11 mm debljina \u0107e zadovoljiti i najzahtevnije kupce. Ta kolekcija, model plo\u010dice, se prodaje najvi\u0161e bele boje. plo\u010dica proizvo\u0111a\u010da Tau Ceramica iz \u0160panije. U maloprodaji bi morali za tu plo\u010dicu platiti 3340,75 RSD, online cena je samo 2672,6 RSD.<\/p>\n<p>Kliknite na ime serije za sve plo\u010dice u toj seriji: <a class=\"pdfcatal\" href=\"\/\/www.ceramictiles.com\/pdf\/tau\/catalogue_tau_yaiza.pdf\" onclick=\"recordOutboundLink(this, 'E-mail', 'Description PDF');return false;\">Tau Ceramica Yaiza<\/a><\/p>\n<p>Da bi naru\u010dili model iz PDF kataloga ove serije, molimo vas, da nas kontaktirate na: <a href=\"mailto:zo_mi@ceramictiles.com\" onclick=\"recordOutboundLink(this, 'E-mail', 'Description mail');return false;\">zo_mi@ceramictiles.com<\/a> ili nas pozovite na: For exact offer, PLS send us quantity and product you need with delivery address..<\/p>\n","protected":false},"excerpt":{"rendered":"<p>\u0160irina i du\u017eina plo\u010dice su 25&#215;75 cm. 11 mm debljina \u0107e zadovoljiti i najzahtevnije kupce. Ta kolekcija, model plo\u010dice, se prodaje najvi\u0161e bele boje. plo\u010dica proizvo\u0111a\u010da Tau Ceramica iz \u0160panije. U maloprodaji bi morali za tu plo\u010dicu platiti 3340,75 RSD, online cena je samo 2672,6 RSD. Kliknite na ime serije za sve plo\u010dice u toj [&hellip;]<\/p>\n","protected":false},"featured_media":95372,"template":"","meta":[],"product_cat":[999,999125],"product_tag":[],"_links":{"self":[{"href":"https:\/\/www.keramika.com\/srbija\/wp-json\/wp\/v2\/product\/95371"}],"collection":[{"href":"https:\/\/www.keramika.com\/srbija\/wp-json\/wp\/v2\/product"}],"about":[{"href":"https:\/\/www.keramika.com\/srbija\/wp-json\/wp\/v2\/types\/product"}],"wp:featuredmedia":[{"embeddable":true,"href":"https:\/\/www.keramika.com\/srbija\/wp-json\/wp\/v2\/media\/95372"}],"wp:attachment":[{"href":"https:\/\/www.keramika.com\/srbija\/wp-json\/wp\/v2\/media?parent=95371"}],"wp:term":[{"taxonomy":"product_cat","embeddable":true,"href":"https:\/\/www.keramika.com\/srbija\/wp-json\/wp\/v2\/product_cat?post=95371"},{"taxonomy":"product_tag","embeddable":true,"href":"https:\/\/www.keramika.com\/srbija\/wp-json\/wp\/v2\/product_tag?post=95371"}],"curies":[{"name":"wp","href":"https:\/\/api.w.org\/{rel}","templated":true}]}}