{"id":95367,"date":"2017-07-02T09:59:53","date_gmt":"2017-07-02T09:59:53","guid":{"rendered":"http:\/\/www.ceramictiles.com\/srbija\/product\/projekt-plocice-tau-totem-arena\/"},"modified":"2026-01-04T00:00:43","modified_gmt":"2026-01-04T00:00:43","slug":"projekt-plocice-tau-totem-arena","status":"publish","type":"product","link":"https:\/\/www.keramika.com\/srbija\/projekt-plocice-tau-totem-arena\/","title":{"rendered":"Projekt plo\u010dice TAU Totem Arena"},"content":{"rendered":"<p>Ova plo\u010dica je debela 10 mm i zato je izuzetno izdr\u017eljiva. Plo\u010dice be\u017e boje osvje\u017eit \u0107e svaki prostor. Online cena je samo 2513,9 RSD, dok redovna, maloprodajna cena 3141,8 RSD. TAU Totem Arena dolazi iz \u0160panije, koja je poznata po vrlo visokoj kvaliteta keramike u svetu. Veli\u010dina ove plo\u010dice je 30&#215;60 cm.<\/p>\n<p>Kliknite na ime serije za sve plo\u010dice u toj seriji: <a class=\"pdfcatal\" href=\"\/\/www.ceramictiles.com\/pdf\/tau\/catalogue_tau_totem.pdf\" onclick=\"recordOutboundLink(this, 'E-mail', 'Description PDF');return false;\">Tau Ceramica Totem<\/a><\/p>\n<p>Da bi naru\u010dili model iz PDF kataloga ove serije, molimo vas, da nas kontaktirate na: <a href=\"mailto:zo_mi@ceramictiles.com\" onclick=\"recordOutboundLink(this, 'E-mail', 'Description mail');return false;\">zo_mi@ceramictiles.com<\/a> ili nas pozovite na: For exact offer, PLS send us quantity and product you need with delivery address..<\/p>\n","protected":false},"excerpt":{"rendered":"<p>Ova plo\u010dica je debela 10 mm i zato je izuzetno izdr\u017eljiva. Plo\u010dice be\u017e boje osvje\u017eit \u0107e svaki prostor. Online cena je samo 2513,9 RSD, dok redovna, maloprodajna cena 3141,8 RSD. TAU Totem Arena dolazi iz \u0160panije, koja je poznata po vrlo visokoj kvaliteta keramike u svetu. Veli\u010dina ove plo\u010dice je 30&#215;60 cm. Kliknite na ime [&hellip;]<\/p>\n","protected":false},"featured_media":95368,"template":"","meta":[],"product_cat":[999,999125],"product_tag":[],"_links":{"self":[{"href":"https:\/\/www.keramika.com\/srbija\/wp-json\/wp\/v2\/product\/95367"}],"collection":[{"href":"https:\/\/www.keramika.com\/srbija\/wp-json\/wp\/v2\/product"}],"about":[{"href":"https:\/\/www.keramika.com\/srbija\/wp-json\/wp\/v2\/types\/product"}],"wp:featuredmedia":[{"embeddable":true,"href":"https:\/\/www.keramika.com\/srbija\/wp-json\/wp\/v2\/media\/95368"}],"wp:attachment":[{"href":"https:\/\/www.keramika.com\/srbija\/wp-json\/wp\/v2\/media?parent=95367"}],"wp:term":[{"taxonomy":"product_cat","embeddable":true,"href":"https:\/\/www.keramika.com\/srbija\/wp-json\/wp\/v2\/product_cat?post=95367"},{"taxonomy":"product_tag","embeddable":true,"href":"https:\/\/www.keramika.com\/srbija\/wp-json\/wp\/v2\/product_tag?post=95367"}],"curies":[{"name":"wp","href":"https:\/\/api.w.org\/{rel}","templated":true}]}}