{"id":95357,"date":"2017-07-02T09:58:12","date_gmt":"2017-07-02T09:58:12","guid":{"rendered":"http:\/\/www.ceramictiles.com\/srbija\/product\/plocice-za-dnevnu-sobu-tau-oristan-gris\/"},"modified":"2026-01-04T00:00:42","modified_gmt":"2026-01-04T00:00:42","slug":"plocice-za-dnevnu-sobu-tau-oristan-gris","status":"publish","type":"product","link":"https:\/\/www.keramika.com\/srbija\/plocice-za-dnevnu-sobu-tau-oristan-gris\/","title":{"rendered":"Plo\u010dice za dnevnu sobu TAU Oristan Gris"},"content":{"rendered":"<p>Proizvodnja \u0160panije ,koja je poznata u svetu, kao jedana od najboljih proizvo\u0111a\u010da kerami\u010dkih plo\u010dica. Ove sive kerami\u010dke plo\u010dice, obogatit \u0107e svaki prostor. 10 mm debljine je dovoljno za zahtevnije kupce. 3141,8 RSD je redovna prodajna cena keramike, tu pa samo 2513,9 RSD. \u0160irina i du\u017eina plo\u010dice su 30&#215;60 cm.<\/p>\n<p>Kliknite na ime serije za sve plo\u010dice u toj seriji: <a class=\"pdfcatal\" href=\"\/\/www.ceramictiles.com\/pdf\/tau\/catalogue_tau_oristan.pdf\" onclick=\"recordOutboundLink(this, 'E-mail', 'Description PDF');return false;\">Tau Ceramica Oristan<\/a><\/p>\n<p>Da bi naru\u010dili model iz PDF kataloga ove serije, molimo vas, da nas kontaktirate na: <a href=\"mailto:zo_mi@ceramictiles.com\" onclick=\"recordOutboundLink(this, 'E-mail', 'Description mail');return false;\">zo_mi@ceramictiles.com<\/a> ili nas pozovite na: For exact offer, PLS send us quantity and product you need with delivery address..<\/p>\n","protected":false},"excerpt":{"rendered":"<p>Proizvodnja \u0160panije ,koja je poznata u svetu, kao jedana od najboljih proizvo\u0111a\u010da kerami\u010dkih plo\u010dica. Ove sive kerami\u010dke plo\u010dice, obogatit \u0107e svaki prostor. 10 mm debljine je dovoljno za zahtevnije kupce. 3141,8 RSD je redovna prodajna cena keramike, tu pa samo 2513,9 RSD. \u0160irina i du\u017eina plo\u010dice su 30&#215;60 cm. Kliknite na ime serije za sve [&hellip;]<\/p>\n","protected":false},"featured_media":95358,"template":"","meta":[],"product_cat":[999,999125],"product_tag":[99950097],"_links":{"self":[{"href":"https:\/\/www.keramika.com\/srbija\/wp-json\/wp\/v2\/product\/95357"}],"collection":[{"href":"https:\/\/www.keramika.com\/srbija\/wp-json\/wp\/v2\/product"}],"about":[{"href":"https:\/\/www.keramika.com\/srbija\/wp-json\/wp\/v2\/types\/product"}],"wp:featuredmedia":[{"embeddable":true,"href":"https:\/\/www.keramika.com\/srbija\/wp-json\/wp\/v2\/media\/95358"}],"wp:attachment":[{"href":"https:\/\/www.keramika.com\/srbija\/wp-json\/wp\/v2\/media?parent=95357"}],"wp:term":[{"taxonomy":"product_cat","embeddable":true,"href":"https:\/\/www.keramika.com\/srbija\/wp-json\/wp\/v2\/product_cat?post=95357"},{"taxonomy":"product_tag","embeddable":true,"href":"https:\/\/www.keramika.com\/srbija\/wp-json\/wp\/v2\/product_tag?post=95357"}],"curies":[{"name":"wp","href":"https:\/\/api.w.org\/{rel}","templated":true}]}}