{"id":95353,"date":"2017-07-02T09:57:33","date_gmt":"2017-07-02T09:57:33","guid":{"rendered":"http:\/\/www.ceramictiles.com\/srbija\/product\/plocice-za-kupatilo-tau-lia-blanco\/"},"modified":"2026-01-04T00:00:42","modified_gmt":"2026-01-04T00:00:42","slug":"plocice-za-kupatilo-tau-lia-blanco","status":"publish","type":"product","link":"https:\/\/www.keramika.com\/srbija\/plocice-za-kupatilo-tau-lia-blanco\/","title":{"rendered":"Plo\u010dice za kupatilo TAU Lia Blanco"},"content":{"rendered":"<p>TAU Lia Blanco je proizvod iz \u0160panije te je izuzetno kvalitetna. Veli\u010dina plo\u010dice je 20&#215;60 cm i odli\u010dna je za razli\u010dite povr\u0161ine. 3013 RSD je redovna prodajna cena keramike, tu pa samo 2410,4 RSD. 11 mm debljine je dovoljno za zahtevnije kupce. Plo\u010dice bele boje, su letos izuzetno tre\u017eene.<\/p>\n<p>Kliknite na ime serije za sve plo\u010dice u toj seriji: <a class=\"pdfcatal\" href=\"\/\/www.ceramictiles.com\/pdf\/tau\/catalogue_tau_lia.pdf\" onclick=\"recordOutboundLink(this, 'E-mail', 'Description PDF');return false;\">Tau Ceramica Lia<\/a><\/p>\n<p>Da bi naru\u010dili model iz PDF kataloga ove serije, molimo vas, da nas kontaktirate na: <a href=\"mailto:zo_mi@ceramictiles.com\" onclick=\"recordOutboundLink(this, 'E-mail', 'Description mail');return false;\">zo_mi@ceramictiles.com<\/a> ili nas pozovite na: For exact offer, PLS send us quantity and product you need with delivery address..<\/p>\n","protected":false},"excerpt":{"rendered":"<p>TAU Lia Blanco je proizvod iz \u0160panije te je izuzetno kvalitetna. Veli\u010dina plo\u010dice je 20&#215;60 cm i odli\u010dna je za razli\u010dite povr\u0161ine. 3013 RSD je redovna prodajna cena keramike, tu pa samo 2410,4 RSD. 11 mm debljine je dovoljno za zahtevnije kupce. Plo\u010dice bele boje, su letos izuzetno tre\u017eene. Kliknite na ime serije za sve [&hellip;]<\/p>\n","protected":false},"featured_media":95354,"template":"","meta":[],"product_cat":[999,999125],"product_tag":[],"_links":{"self":[{"href":"https:\/\/www.keramika.com\/srbija\/wp-json\/wp\/v2\/product\/95353"}],"collection":[{"href":"https:\/\/www.keramika.com\/srbija\/wp-json\/wp\/v2\/product"}],"about":[{"href":"https:\/\/www.keramika.com\/srbija\/wp-json\/wp\/v2\/types\/product"}],"wp:featuredmedia":[{"embeddable":true,"href":"https:\/\/www.keramika.com\/srbija\/wp-json\/wp\/v2\/media\/95354"}],"wp:attachment":[{"href":"https:\/\/www.keramika.com\/srbija\/wp-json\/wp\/v2\/media?parent=95353"}],"wp:term":[{"taxonomy":"product_cat","embeddable":true,"href":"https:\/\/www.keramika.com\/srbija\/wp-json\/wp\/v2\/product_cat?post=95353"},{"taxonomy":"product_tag","embeddable":true,"href":"https:\/\/www.keramika.com\/srbija\/wp-json\/wp\/v2\/product_tag?post=95353"}],"curies":[{"name":"wp","href":"https:\/\/api.w.org\/{rel}","templated":true}]}}