{"id":95351,"date":"2017-07-02T09:57:14","date_gmt":"2017-07-02T09:57:14","guid":{"rendered":"http:\/\/www.ceramictiles.com\/srbija\/product\/zidne-plocice-tau-kemberg-gris\/"},"modified":"2026-01-04T00:00:42","modified_gmt":"2026-01-04T00:00:42","slug":"zidne-plocice-tau-kemberg-gris","status":"publish","type":"product","link":"https:\/\/www.keramika.com\/srbija\/zidne-plocice-tau-kemberg-gris\/","title":{"rendered":"Zidne plo\u010dice TAU Kemberg Gris"},"content":{"rendered":"<p>plo\u010dica proizvo\u0111a\u010da Tau Ceramica iz \u0160panije. Plo\u010dice sive boje osvje\u017eit \u0107e svaki prostor. 11 mm debljina \u0107e zadovoljiti i najzahtevnije kupce. Plo\u010dica na sliki je 25&#215;75 cm. 3340,75 RSD je redovna prodajna cena keramike, tu pa samo 2672,6 RSD.<\/p>\n<p>Kliknite na ime serije za sve plo\u010dice u toj seriji: <a class=\"pdfcatal\" href=\"\/\/www.ceramictiles.com\/pdf\/tau\/catalogue_tau_kemberg_wall.pdf\" onclick=\"recordOutboundLink(this, 'E-mail', 'Description PDF');return false;\">Tau Ceramica Kemberg Wall<\/a><\/p>\n<p>Da bi naru\u010dili model iz PDF kataloga ove serije, molimo vas, da nas kontaktirate na: <a href=\"mailto:zo_mi@ceramictiles.com\" onclick=\"recordOutboundLink(this, 'E-mail', 'Description mail');return false;\">zo_mi@ceramictiles.com<\/a> ili nas pozovite na: For exact offer, PLS send us quantity and product you need with delivery address..<\/p>\n","protected":false},"excerpt":{"rendered":"<p>plo\u010dica proizvo\u0111a\u010da Tau Ceramica iz \u0160panije. Plo\u010dice sive boje osvje\u017eit \u0107e svaki prostor. 11 mm debljina \u0107e zadovoljiti i najzahtevnije kupce. Plo\u010dica na sliki je 25&#215;75 cm. 3340,75 RSD je redovna prodajna cena keramike, tu pa samo 2672,6 RSD. Kliknite na ime serije za sve plo\u010dice u toj seriji: Tau Ceramica Kemberg Wall Da bi [&hellip;]<\/p>\n","protected":false},"featured_media":95352,"template":"","meta":[],"product_cat":[999,999125],"product_tag":[],"_links":{"self":[{"href":"https:\/\/www.keramika.com\/srbija\/wp-json\/wp\/v2\/product\/95351"}],"collection":[{"href":"https:\/\/www.keramika.com\/srbija\/wp-json\/wp\/v2\/product"}],"about":[{"href":"https:\/\/www.keramika.com\/srbija\/wp-json\/wp\/v2\/types\/product"}],"wp:featuredmedia":[{"embeddable":true,"href":"https:\/\/www.keramika.com\/srbija\/wp-json\/wp\/v2\/media\/95352"}],"wp:attachment":[{"href":"https:\/\/www.keramika.com\/srbija\/wp-json\/wp\/v2\/media?parent=95351"}],"wp:term":[{"taxonomy":"product_cat","embeddable":true,"href":"https:\/\/www.keramika.com\/srbija\/wp-json\/wp\/v2\/product_cat?post=95351"},{"taxonomy":"product_tag","embeddable":true,"href":"https:\/\/www.keramika.com\/srbija\/wp-json\/wp\/v2\/product_tag?post=95351"}],"curies":[{"name":"wp","href":"https:\/\/api.w.org\/{rel}","templated":true}]}}