{"id":95347,"date":"2017-07-02T09:56:32","date_gmt":"2017-07-02T09:56:32","guid":{"rendered":"http:\/\/www.ceramictiles.com\/srbija\/product\/plocice-za-kupatilo-tau-jalana-marfil\/"},"modified":"2026-01-04T00:00:42","modified_gmt":"2026-01-04T00:00:42","slug":"plocice-za-kupatilo-tau-jalana-marfil","status":"publish","type":"product","link":"https:\/\/www.keramika.com\/srbija\/plocice-za-kupatilo-tau-jalana-marfil\/","title":{"rendered":"Plo\u010dice za kupatilo TAU Jalana Marfil"},"content":{"rendered":"<p>Veli\u010dina plo\u010dice je 31,6&#215;60 cm i odli\u010dna je za razli\u010dite povr\u0161ine. Online cena je samo 2672,6 RSD, dok redovna, maloprodajna cena 3340,75 RSD. Ove be\u017e kerami\u010dke plo\u010dice, obogatit \u0107e svaki prostor. Plo\u010dice dolaze iz \u0160panije, koja je poznata po kvalitetnoj keramiki. Ova plo\u010dica je debela 11 mm i zato je izuzetno izdr\u017eljiva.<\/p>\n<p>Kliknite na ime serije za sve plo\u010dice u toj seriji: <a class=\"pdfcatal\" href=\"\/\/www.ceramictiles.com\/pdf\/tau\/catalogue_tau_jalana.pdf\" onclick=\"recordOutboundLink(this, 'E-mail', 'Description PDF');return false;\">Tau Ceramica Jalana<\/a><\/p>\n<p>Da bi naru\u010dili model iz PDF kataloga ove serije, molimo vas, da nas kontaktirate na: <a href=\"mailto:zo_mi@ceramictiles.com\" onclick=\"recordOutboundLink(this, 'E-mail', 'Description mail');return false;\">zo_mi@ceramictiles.com<\/a> ili nas pozovite na: For exact offer, PLS send us quantity and product you need with delivery address..<\/p>\n","protected":false},"excerpt":{"rendered":"<p>Veli\u010dina plo\u010dice je 31,6&#215;60 cm i odli\u010dna je za razli\u010dite povr\u0161ine. Online cena je samo 2672,6 RSD, dok redovna, maloprodajna cena 3340,75 RSD. Ove be\u017e kerami\u010dke plo\u010dice, obogatit \u0107e svaki prostor. Plo\u010dice dolaze iz \u0160panije, koja je poznata po kvalitetnoj keramiki. Ova plo\u010dica je debela 11 mm i zato je izuzetno izdr\u017eljiva. Kliknite na ime [&hellip;]<\/p>\n","protected":false},"featured_media":95348,"template":"","meta":[],"product_cat":[999,999125],"product_tag":[],"_links":{"self":[{"href":"https:\/\/www.keramika.com\/srbija\/wp-json\/wp\/v2\/product\/95347"}],"collection":[{"href":"https:\/\/www.keramika.com\/srbija\/wp-json\/wp\/v2\/product"}],"about":[{"href":"https:\/\/www.keramika.com\/srbija\/wp-json\/wp\/v2\/types\/product"}],"wp:featuredmedia":[{"embeddable":true,"href":"https:\/\/www.keramika.com\/srbija\/wp-json\/wp\/v2\/media\/95348"}],"wp:attachment":[{"href":"https:\/\/www.keramika.com\/srbija\/wp-json\/wp\/v2\/media?parent=95347"}],"wp:term":[{"taxonomy":"product_cat","embeddable":true,"href":"https:\/\/www.keramika.com\/srbija\/wp-json\/wp\/v2\/product_cat?post=95347"},{"taxonomy":"product_tag","embeddable":true,"href":"https:\/\/www.keramika.com\/srbija\/wp-json\/wp\/v2\/product_tag?post=95347"}],"curies":[{"name":"wp","href":"https:\/\/api.w.org\/{rel}","templated":true}]}}