{"id":95345,"date":"2017-07-02T09:56:12","date_gmt":"2017-07-02T09:56:12","guid":{"rendered":"http:\/\/www.ceramictiles.com\/srbija\/product\/plocice-za-kupatilo-tau-intense-white\/"},"modified":"2026-01-04T00:00:41","modified_gmt":"2026-01-04T00:00:41","slug":"plocice-za-kupatilo-tau-intense-white","status":"publish","type":"product","link":"https:\/\/www.keramika.com\/srbija\/plocice-za-kupatilo-tau-intense-white\/","title":{"rendered":"Plo\u010dice za kupatilo TAU Intense White"},"content":{"rendered":"<p>11 mm debljina \u0107e zadovoljiti i najzahtevnije kupce. Plo\u010dica 20&#215;60 cm je dobra za ve\u0107 razli\u010ditih namena. Plo\u010dice bele boje, su letos izuzetno tre\u017eene. U maloprodaji bi morali za tu plo\u010dicu platiti 2955,5 RSD, online cena je samo 2364,4 RSD. TAU Intense White je proizvod iz \u0160panije te je izuzetno kvalitetna.<\/p>\n<p>Kliknite na ime serije za sve plo\u010dice u toj seriji: <a class=\"pdfcatal\" href=\"\/\/www.ceramictiles.com\/pdf\/tau\/catalogue_tau_intense.pdf\" onclick=\"recordOutboundLink(this, 'E-mail', 'Description PDF');return false;\">Tau Ceramica Intense<\/a><\/p>\n<p>Da bi naru\u010dili model iz PDF kataloga ove serije, molimo vas, da nas kontaktirate na: <a href=\"mailto:zo_mi@ceramictiles.com\" onclick=\"recordOutboundLink(this, 'E-mail', 'Description mail');return false;\">zo_mi@ceramictiles.com<\/a> ili nas pozovite na: For exact offer, PLS send us quantity and product you need with delivery address..<\/p>\n","protected":false},"excerpt":{"rendered":"<p>11 mm debljina \u0107e zadovoljiti i najzahtevnije kupce. Plo\u010dica 20&#215;60 cm je dobra za ve\u0107 razli\u010ditih namena. Plo\u010dice bele boje, su letos izuzetno tre\u017eene. U maloprodaji bi morali za tu plo\u010dicu platiti 2955,5 RSD, online cena je samo 2364,4 RSD. TAU Intense White je proizvod iz \u0160panije te je izuzetno kvalitetna. Kliknite na ime serije [&hellip;]<\/p>\n","protected":false},"featured_media":95346,"template":"","meta":[],"product_cat":[999,999125],"product_tag":[],"_links":{"self":[{"href":"https:\/\/www.keramika.com\/srbija\/wp-json\/wp\/v2\/product\/95345"}],"collection":[{"href":"https:\/\/www.keramika.com\/srbija\/wp-json\/wp\/v2\/product"}],"about":[{"href":"https:\/\/www.keramika.com\/srbija\/wp-json\/wp\/v2\/types\/product"}],"wp:featuredmedia":[{"embeddable":true,"href":"https:\/\/www.keramika.com\/srbija\/wp-json\/wp\/v2\/media\/95346"}],"wp:attachment":[{"href":"https:\/\/www.keramika.com\/srbija\/wp-json\/wp\/v2\/media?parent=95345"}],"wp:term":[{"taxonomy":"product_cat","embeddable":true,"href":"https:\/\/www.keramika.com\/srbija\/wp-json\/wp\/v2\/product_cat?post=95345"},{"taxonomy":"product_tag","embeddable":true,"href":"https:\/\/www.keramika.com\/srbija\/wp-json\/wp\/v2\/product_tag?post=95345"}],"curies":[{"name":"wp","href":"https:\/\/api.w.org\/{rel}","templated":true}]}}