{"id":95341,"date":"2017-07-02T09:55:33","date_gmt":"2017-07-02T09:55:33","guid":{"rendered":"http:\/\/www.ceramictiles.com\/srbija\/product\/kuhinjske-plocice-tau-heritage-natural\/"},"modified":"2026-01-04T00:00:41","modified_gmt":"2026-01-04T00:00:41","slug":"kuhinjske-plocice-tau-heritage-natural","status":"publish","type":"product","link":"https:\/\/www.keramika.com\/srbija\/kuhinjske-plocice-tau-heritage-natural\/","title":{"rendered":"Kuhinjske plo\u010dice TAU Heritage Natural"},"content":{"rendered":"<p>Ova plo\u010dica je debela 10 mm i zato je izuzetno izdr\u017eljiva. TAU Heritage Natural je proizvod iz \u0160panije te je izuzetno kvalitetna. TAU Heritage Natural je dostupna po vrlo povoljnim cenama 2513,9 RSD. Plo\u010dica 45&#215;45 cm je dobra za ve\u0107 razli\u010ditih namena. U izboru plo\u010dica sive boje, ne mo\u017eete pogre\u0161iti.<\/p>\n<p>Kliknite na ime serije za sve plo\u010dice u toj seriji: <a class=\"pdfcatal\" href=\"\/\/www.ceramictiles.com\/pdf\/tau\/catalogue_tau_heritage.pdf\" onclick=\"recordOutboundLink(this, 'E-mail', 'Description PDF');return false;\">Tau Ceramica Heritage<\/a><\/p>\n<p>Da bi naru\u010dili model iz PDF kataloga ove serije, molimo vas, da nas kontaktirate na: <a href=\"mailto:zo_mi@ceramictiles.com\" onclick=\"recordOutboundLink(this, 'E-mail', 'Description mail');return false;\">zo_mi@ceramictiles.com<\/a> ili nas pozovite na: For exact offer, PLS send us quantity and product you need with delivery address..<\/p>\n","protected":false},"excerpt":{"rendered":"<p>Ova plo\u010dica je debela 10 mm i zato je izuzetno izdr\u017eljiva. TAU Heritage Natural je proizvod iz \u0160panije te je izuzetno kvalitetna. TAU Heritage Natural je dostupna po vrlo povoljnim cenama 2513,9 RSD. Plo\u010dica 45&#215;45 cm je dobra za ve\u0107 razli\u010ditih namena. U izboru plo\u010dica sive boje, ne mo\u017eete pogre\u0161iti. Kliknite na ime serije za [&hellip;]<\/p>\n","protected":false},"featured_media":95342,"template":"","meta":[],"product_cat":[999,999125],"product_tag":[],"_links":{"self":[{"href":"https:\/\/www.keramika.com\/srbija\/wp-json\/wp\/v2\/product\/95341"}],"collection":[{"href":"https:\/\/www.keramika.com\/srbija\/wp-json\/wp\/v2\/product"}],"about":[{"href":"https:\/\/www.keramika.com\/srbija\/wp-json\/wp\/v2\/types\/product"}],"wp:featuredmedia":[{"embeddable":true,"href":"https:\/\/www.keramika.com\/srbija\/wp-json\/wp\/v2\/media\/95342"}],"wp:attachment":[{"href":"https:\/\/www.keramika.com\/srbija\/wp-json\/wp\/v2\/media?parent=95341"}],"wp:term":[{"taxonomy":"product_cat","embeddable":true,"href":"https:\/\/www.keramika.com\/srbija\/wp-json\/wp\/v2\/product_cat?post=95341"},{"taxonomy":"product_tag","embeddable":true,"href":"https:\/\/www.keramika.com\/srbija\/wp-json\/wp\/v2\/product_tag?post=95341"}],"curies":[{"name":"wp","href":"https:\/\/api.w.org\/{rel}","templated":true}]}}