{"id":95337,"date":"2017-07-02T09:54:54","date_gmt":"2017-07-02T09:54:54","guid":{"rendered":"http:\/\/www.ceramictiles.com\/srbija\/product\/keramika-imitacija-drveta-tau-habana-gris\/"},"modified":"2026-01-04T00:00:41","modified_gmt":"2026-01-04T00:00:41","slug":"keramika-imitacija-drveta-tau-habana-gris","status":"publish","type":"product","link":"https:\/\/www.keramika.com\/srbija\/keramika-imitacija-drveta-tau-habana-gris\/","title":{"rendered":"Keramika imitacija drveta TAU Habana Gris"},"content":{"rendered":"<p>plo\u010dica proizvo\u0111a\u010da Tau Ceramica iz \u0160panije. Keramika je prekrasne sive boje. U koliko \u017eelite neku drugu boju, pozovite nas i mi \u0107emo proveriti kod proizvo\u0111a\u010da. Online cena je samo 2513,9 RSD, dok redovna, maloprodajna cena 3141,8 RSD. Ova plo\u010dica je debela 10 mm i zato je izuzetno izdr\u017eljiva. Dimenzije ovih plo\u010dica su 30&#215;60 cm.<\/p>\n<p>Kliknite na ime serije za sve plo\u010dice u toj seriji: <a class=\"pdfcatal\" href=\"\/\/www.ceramictiles.com\/pdf\/tau\/catalogue_tau_habana.pdf\" onclick=\"recordOutboundLink(this, 'E-mail', 'Description PDF');return false;\">Tau Ceramica Habana<\/a><\/p>\n<p>Da bi naru\u010dili model iz PDF kataloga ove serije, molimo vas, da nas kontaktirate na: <a href=\"mailto:zo_mi@ceramictiles.com\" onclick=\"recordOutboundLink(this, 'E-mail', 'Description mail');return false;\">zo_mi@ceramictiles.com<\/a> ili nas pozovite na: For exact offer, PLS send us quantity and product you need with delivery address..<\/p>\n","protected":false},"excerpt":{"rendered":"<p>plo\u010dica proizvo\u0111a\u010da Tau Ceramica iz \u0160panije. Keramika je prekrasne sive boje. U koliko \u017eelite neku drugu boju, pozovite nas i mi \u0107emo proveriti kod proizvo\u0111a\u010da. Online cena je samo 2513,9 RSD, dok redovna, maloprodajna cena 3141,8 RSD. Ova plo\u010dica je debela 10 mm i zato je izuzetno izdr\u017eljiva. Dimenzije ovih plo\u010dica su 30&#215;60 cm. Kliknite [&hellip;]<\/p>\n","protected":false},"featured_media":95338,"template":"","meta":[],"product_cat":[999,999125],"product_tag":[99950095],"_links":{"self":[{"href":"https:\/\/www.keramika.com\/srbija\/wp-json\/wp\/v2\/product\/95337"}],"collection":[{"href":"https:\/\/www.keramika.com\/srbija\/wp-json\/wp\/v2\/product"}],"about":[{"href":"https:\/\/www.keramika.com\/srbija\/wp-json\/wp\/v2\/types\/product"}],"wp:featuredmedia":[{"embeddable":true,"href":"https:\/\/www.keramika.com\/srbija\/wp-json\/wp\/v2\/media\/95338"}],"wp:attachment":[{"href":"https:\/\/www.keramika.com\/srbija\/wp-json\/wp\/v2\/media?parent=95337"}],"wp:term":[{"taxonomy":"product_cat","embeddable":true,"href":"https:\/\/www.keramika.com\/srbija\/wp-json\/wp\/v2\/product_cat?post=95337"},{"taxonomy":"product_tag","embeddable":true,"href":"https:\/\/www.keramika.com\/srbija\/wp-json\/wp\/v2\/product_tag?post=95337"}],"curies":[{"name":"wp","href":"https:\/\/api.w.org\/{rel}","templated":true}]}}