{"id":95323,"date":"2017-07-02T09:52:38","date_gmt":"2017-07-02T09:52:38","guid":{"rendered":"http:\/\/www.ceramictiles.com\/srbija\/product\/podne-plocice-tau-danxia-red\/"},"modified":"2026-01-04T00:00:40","modified_gmt":"2026-01-04T00:00:40","slug":"podne-plocice-tau-danxia-red","status":"publish","type":"product","link":"https:\/\/www.keramika.com\/srbija\/podne-plocice-tau-danxia-red\/","title":{"rendered":"Podne plo\u010dice TAU Danxia Red"},"content":{"rendered":"<p>Veli\u010dina 30&#215;60 cm je odli\u010dna za sve podloge. U maloprodaji bi morali za tu plo\u010dicu platiti 5301,5 RSD, online cena je samo 4241,2 RSD. U izboru plo\u010dica crvene boje, ne mo\u017eete pogre\u0161iti. TAU Danxia Red je proizvod iz \u0160panije te je izuzetno kvalitetna. Ova plo\u010dica je debela 10 mm i zato je izuzetno izdr\u017eljiva.<\/p>\n<p>Kliknite na ime serije za sve plo\u010dice u toj seriji: <a class=\"pdfcatal\" href=\"\/\/www.ceramictiles.com\/pdf\/tau\/catalogue_tau_danxia.pdf\" onclick=\"recordOutboundLink(this, 'E-mail', 'Description PDF');return false;\">Tau Ceramica Danxia<\/a><\/p>\n<p>Da bi naru\u010dili model iz PDF kataloga ove serije, molimo vas, da nas kontaktirate na: <a href=\"mailto:zo_mi@ceramictiles.com\" onclick=\"recordOutboundLink(this, 'E-mail', 'Description mail');return false;\">zo_mi@ceramictiles.com<\/a> ili nas pozovite na: For exact offer, PLS send us quantity and product you need with delivery address..<\/p>\n","protected":false},"excerpt":{"rendered":"<p>Veli\u010dina 30&#215;60 cm je odli\u010dna za sve podloge. U maloprodaji bi morali za tu plo\u010dicu platiti 5301,5 RSD, online cena je samo 4241,2 RSD. U izboru plo\u010dica crvene boje, ne mo\u017eete pogre\u0161iti. TAU Danxia Red je proizvod iz \u0160panije te je izuzetno kvalitetna. Ova plo\u010dica je debela 10 mm i zato je izuzetno izdr\u017eljiva. Kliknite [&hellip;]<\/p>\n","protected":false},"featured_media":95324,"template":"","meta":[],"product_cat":[999,999125],"product_tag":[],"_links":{"self":[{"href":"https:\/\/www.keramika.com\/srbija\/wp-json\/wp\/v2\/product\/95323"}],"collection":[{"href":"https:\/\/www.keramika.com\/srbija\/wp-json\/wp\/v2\/product"}],"about":[{"href":"https:\/\/www.keramika.com\/srbija\/wp-json\/wp\/v2\/types\/product"}],"wp:featuredmedia":[{"embeddable":true,"href":"https:\/\/www.keramika.com\/srbija\/wp-json\/wp\/v2\/media\/95324"}],"wp:attachment":[{"href":"https:\/\/www.keramika.com\/srbija\/wp-json\/wp\/v2\/media?parent=95323"}],"wp:term":[{"taxonomy":"product_cat","embeddable":true,"href":"https:\/\/www.keramika.com\/srbija\/wp-json\/wp\/v2\/product_cat?post=95323"},{"taxonomy":"product_tag","embeddable":true,"href":"https:\/\/www.keramika.com\/srbija\/wp-json\/wp\/v2\/product_tag?post=95323"}],"curies":[{"name":"wp","href":"https:\/\/api.w.org\/{rel}","templated":true}]}}