{"id":95319,"date":"2017-06-02T09:51:59","date_gmt":"2017-06-02T09:51:59","guid":{"rendered":"http:\/\/www.ceramictiles.com\/srbija\/product\/podne-plocice-tau-corten-gris\/"},"modified":"2026-01-04T00:00:40","modified_gmt":"2026-01-04T00:00:40","slug":"podne-plocice-tau-corten-gris","status":"publish","type":"product","link":"https:\/\/www.keramika.com\/srbija\/podne-plocice-tau-corten-gris\/","title":{"rendered":"Podne plo\u010dice TAU Corten Gris"},"content":{"rendered":"<p>TAU Corten Gris je dostupna po vrlo povoljnim cenama 2364,4 RSD. Plo\u010dica 31,6&#215;60 cm je dobra za ve\u0107 razli\u010ditih namena. Keramika je prekrasne sive boje. U koliko \u017eelite neku drugu boju, pozovite nas i mi \u0107emo proveriti kod proizvo\u0111a\u010da. Debljina plo\u010dice, je vrlo va\u017ena 11 mm i ubraja tu plo\u010dicu me\u0111u najkvalitetnije. plo\u010dica proizvo\u0111a\u010da Tau Ceramica iz \u0160panije.<\/p>\n<p>Kliknite na ime serije za sve plo\u010dice u toj seriji: <a class=\"pdfcatal\" href=\"\/\/www.ceramictiles.com\/pdf\/tau\/catalogue_tau_corten_wall.pdf\" onclick=\"recordOutboundLink(this, 'E-mail', 'Description PDF');return false;\">Tau Ceramica Corten Wall<\/a><\/p>\n<p>Da bi naru\u010dili model iz PDF kataloga ove serije, molimo vas, da nas kontaktirate na: <a href=\"mailto:zo_mi@ceramictiles.com\" onclick=\"recordOutboundLink(this, 'E-mail', 'Description mail');return false;\">zo_mi@ceramictiles.com<\/a> ili nas pozovite na: For exact offer, PLS send us quantity and product you need with delivery address..<\/p>\n<p>Technical description :<br \/>\n5 Colors : BLANCO ; BEIGE ; NIGHT ; CORTEN A ; CORTEN B<br \/>\n4 Sizes : 30 x 60 ; 45&#215;45 ; 45 x 90 ; 60 x 60<br \/>\n2 Surfaces: NATURAL ; SEMIPULIDO<\/p>\n","protected":false},"excerpt":{"rendered":"<p><a class=\"pdfcatal\" href=\" https:\/\/www.ceramictiles.com\/pdf\/catalogue_tau.pdf \" onclick=\"recordOutboundLink(this, &#039;E-mail&#039;, &#039;Description PDF&#039;);return false;\"> Generalni  katalog Tau sa svim kolkecijama u ponudi <\/a><\/p>\n","protected":false},"featured_media":95320,"template":"","meta":[],"product_cat":[200,240,260,999,270,999125],"product_tag":[99950100,99950099,99950091],"_links":{"self":[{"href":"https:\/\/www.keramika.com\/srbija\/wp-json\/wp\/v2\/product\/95319"}],"collection":[{"href":"https:\/\/www.keramika.com\/srbija\/wp-json\/wp\/v2\/product"}],"about":[{"href":"https:\/\/www.keramika.com\/srbija\/wp-json\/wp\/v2\/types\/product"}],"wp:featuredmedia":[{"embeddable":true,"href":"https:\/\/www.keramika.com\/srbija\/wp-json\/wp\/v2\/media\/95320"}],"wp:attachment":[{"href":"https:\/\/www.keramika.com\/srbija\/wp-json\/wp\/v2\/media?parent=95319"}],"wp:term":[{"taxonomy":"product_cat","embeddable":true,"href":"https:\/\/www.keramika.com\/srbija\/wp-json\/wp\/v2\/product_cat?post=95319"},{"taxonomy":"product_tag","embeddable":true,"href":"https:\/\/www.keramika.com\/srbija\/wp-json\/wp\/v2\/product_tag?post=95319"}],"curies":[{"name":"wp","href":"https:\/\/api.w.org\/{rel}","templated":true}]}}