{"id":95313,"date":"2017-07-02T09:50:48","date_gmt":"2017-07-02T09:50:48","guid":{"rendered":"http:\/\/www.ceramictiles.com\/srbija\/product\/keramika-za-kupatilo-tau-combi-blue\/"},"modified":"2026-01-04T00:00:39","modified_gmt":"2026-01-04T00:00:39","slug":"keramika-za-kupatilo-tau-combi-blue","status":"publish","type":"product","link":"https:\/\/www.keramika.com\/srbija\/keramika-za-kupatilo-tau-combi-blue\/","title":{"rendered":"Keramika za kupatilo TAU Combi Blue"},"content":{"rendered":"<p>Plo\u010dice plave boje, su letos izuzetno tre\u017eene. Plo\u010dica je debela 10 mm, \u0161to je ubraja u tvrde plo\u010dice. TAU Combi Blue je dostupna po vrlo povoljnim cenama 1936,6 RSD. Dimenzije ovih plo\u010dica su 45&#215;45 cm. Proizvodnja \u0160panije ,koja je poznata u svetu, kao jedana od najboljih proizvo\u0111a\u010da kerami\u010dkih plo\u010dica.<\/p>\n<p>Kliknite na ime serije za sve plo\u010dice u toj seriji: <a class=\"pdfcatal\" href=\"\/\/www.ceramictiles.com\/pdf\/tau\/catalogue_tau_combi.pdf\" onclick=\"recordOutboundLink(this, 'E-mail', 'Description PDF');return false;\">Tau Ceramica Combi<\/a><\/p>\n<p>Da bi naru\u010dili model iz PDF kataloga ove serije, molimo vas, da nas kontaktirate na: <a href=\"mailto:zo_mi@ceramictiles.com\" onclick=\"recordOutboundLink(this, 'E-mail', 'Description mail');return false;\">zo_mi@ceramictiles.com<\/a> ili nas pozovite na: For exact offer, PLS send us quantity and product you need with delivery address..<\/p>\n","protected":false},"excerpt":{"rendered":"<p>Plo\u010dice plave boje, su letos izuzetno tre\u017eene. Plo\u010dica je debela 10 mm, \u0161to je ubraja u tvrde plo\u010dice. TAU Combi Blue je dostupna po vrlo povoljnim cenama 1936,6 RSD. Dimenzije ovih plo\u010dica su 45&#215;45 cm. Proizvodnja \u0160panije ,koja je poznata u svetu, kao jedana od najboljih proizvo\u0111a\u010da kerami\u010dkih plo\u010dica. Kliknite na ime serije za sve [&hellip;]<\/p>\n","protected":false},"featured_media":95314,"template":"","meta":[],"product_cat":[999,999125],"product_tag":[],"_links":{"self":[{"href":"https:\/\/www.keramika.com\/srbija\/wp-json\/wp\/v2\/product\/95313"}],"collection":[{"href":"https:\/\/www.keramika.com\/srbija\/wp-json\/wp\/v2\/product"}],"about":[{"href":"https:\/\/www.keramika.com\/srbija\/wp-json\/wp\/v2\/types\/product"}],"wp:featuredmedia":[{"embeddable":true,"href":"https:\/\/www.keramika.com\/srbija\/wp-json\/wp\/v2\/media\/95314"}],"wp:attachment":[{"href":"https:\/\/www.keramika.com\/srbija\/wp-json\/wp\/v2\/media?parent=95313"}],"wp:term":[{"taxonomy":"product_cat","embeddable":true,"href":"https:\/\/www.keramika.com\/srbija\/wp-json\/wp\/v2\/product_cat?post=95313"},{"taxonomy":"product_tag","embeddable":true,"href":"https:\/\/www.keramika.com\/srbija\/wp-json\/wp\/v2\/product_tag?post=95313"}],"curies":[{"name":"wp","href":"https:\/\/api.w.org\/{rel}","templated":true}]}}