{"id":95309,"date":"2017-07-02T09:50:06","date_gmt":"2017-07-02T09:50:06","guid":{"rendered":"http:\/\/www.ceramictiles.com\/srbija\/product\/podne-plocice-tau-chelsea-noce\/"},"modified":"2026-01-04T00:00:39","modified_gmt":"2026-01-04T00:00:39","slug":"podne-plocice-tau-chelsea-noce","status":"publish","type":"product","link":"https:\/\/www.keramika.com\/srbija\/podne-plocice-tau-chelsea-noce\/","title":{"rendered":"Podne plo\u010dice TAU Chelsea Noce"},"content":{"rendered":"<p>Debljina plo\u010dice, je vrlo va\u017ena 10 mm i ubraja tu plo\u010dicu me\u0111u najkvalitetnije. Veli\u010dina 30&#215;60 cm je odli\u010dna za sve podloge. 3141,8 RSD je redovna prodajna cena keramike, tu pa samo 2513,9 RSD. Ove plo\u010dice dolaze od proizvo\u0111a\u010da Tau Ceramica, iz \u0160panije. Ta kolekcija, model plo\u010dice, se prodaje najvi\u0161e sive boje.<\/p>\n<p>Kliknite na ime serije za sve plo\u010dice u toj seriji: <a class=\"pdfcatal\" href=\"\/\/www.ceramictiles.com\/pdf\/tau\/catalogue_tau_chelsea.pdf\" onclick=\"recordOutboundLink(this, 'E-mail', 'Description PDF');return false;\">Tau Ceramica Chelsea<\/a><\/p>\n<p>Da bi naru\u010dili model iz PDF kataloga ove serije, molimo vas, da nas kontaktirate na: <a href=\"mailto:zo_mi@ceramictiles.com\" onclick=\"recordOutboundLink(this, 'E-mail', 'Description mail');return false;\">zo_mi@ceramictiles.com<\/a> ili nas pozovite na: For exact offer, PLS send us quantity and product you need with delivery address..<\/p>\n","protected":false},"excerpt":{"rendered":"<p>Debljina plo\u010dice, je vrlo va\u017ena 10 mm i ubraja tu plo\u010dicu me\u0111u najkvalitetnije. Veli\u010dina 30&#215;60 cm je odli\u010dna za sve podloge. 3141,8 RSD je redovna prodajna cena keramike, tu pa samo 2513,9 RSD. Ove plo\u010dice dolaze od proizvo\u0111a\u010da Tau Ceramica, iz \u0160panije. Ta kolekcija, model plo\u010dice, se prodaje najvi\u0161e sive boje. Kliknite na ime serije [&hellip;]<\/p>\n","protected":false},"featured_media":95310,"template":"","meta":[],"product_cat":[999,999125],"product_tag":[],"_links":{"self":[{"href":"https:\/\/www.keramika.com\/srbija\/wp-json\/wp\/v2\/product\/95309"}],"collection":[{"href":"https:\/\/www.keramika.com\/srbija\/wp-json\/wp\/v2\/product"}],"about":[{"href":"https:\/\/www.keramika.com\/srbija\/wp-json\/wp\/v2\/types\/product"}],"wp:featuredmedia":[{"embeddable":true,"href":"https:\/\/www.keramika.com\/srbija\/wp-json\/wp\/v2\/media\/95310"}],"wp:attachment":[{"href":"https:\/\/www.keramika.com\/srbija\/wp-json\/wp\/v2\/media?parent=95309"}],"wp:term":[{"taxonomy":"product_cat","embeddable":true,"href":"https:\/\/www.keramika.com\/srbija\/wp-json\/wp\/v2\/product_cat?post=95309"},{"taxonomy":"product_tag","embeddable":true,"href":"https:\/\/www.keramika.com\/srbija\/wp-json\/wp\/v2\/product_tag?post=95309"}],"curies":[{"name":"wp","href":"https:\/\/api.w.org\/{rel}","templated":true}]}}