{"id":95305,"date":"2017-07-02T09:49:25","date_gmt":"2017-07-02T09:49:25","guid":{"rendered":"http:\/\/www.ceramictiles.com\/srbija\/product\/plocice-za-kupatilo-tau-beton-blanc\/"},"modified":"2026-01-04T00:00:39","modified_gmt":"2026-01-04T00:00:39","slug":"plocice-za-kupatilo-tau-beton-blanc","status":"publish","type":"product","link":"https:\/\/www.keramika.com\/srbija\/plocice-za-kupatilo-tau-beton-blanc\/","title":{"rendered":"Plo\u010dice za kupatilo TAU Beton Blanc"},"content":{"rendered":"<p>Veli\u010dina 60&#215;60 cm je odli\u010dna za sve podloge. 3141,8 RSD je redovna prodajna cena keramike, tu pa samo 2513,9 RSD. Ove sive kerami\u010dke plo\u010dice, obogatit \u0107e svaki prostor. TAU Beton Blanc dolazi iz \u0160panije, koja je poznata po vrlo visokoj kvaliteta keramike u svetu. Ova plo\u010dica je debela 10 mm i zato je izuzetno izdr\u017eljiva.<\/p>\n<p>Kliknite na ime serije za sve plo\u010dice u toj seriji: <a class=\"pdfcatal\" href=\"\/\/www.ceramictiles.com\/pdf\/tau\/catalogue_tau_beton.pdf\" onclick=\"recordOutboundLink(this, 'E-mail', 'Description PDF');return false;\">Tau Ceramica Beton<\/a><\/p>\n<p>Da bi naru\u010dili model iz PDF kataloga ove serije, molimo vas, da nas kontaktirate na: <a href=\"mailto:zo_mi@ceramictiles.com\" onclick=\"recordOutboundLink(this, 'E-mail', 'Description mail');return false;\">zo_mi@ceramictiles.com<\/a> ili nas pozovite na: For exact offer, PLS send us quantity and product you need with delivery address..<\/p>\n","protected":false},"excerpt":{"rendered":"<p>Veli\u010dina 60&#215;60 cm je odli\u010dna za sve podloge. 3141,8 RSD je redovna prodajna cena keramike, tu pa samo 2513,9 RSD. Ove sive kerami\u010dke plo\u010dice, obogatit \u0107e svaki prostor. TAU Beton Blanc dolazi iz \u0160panije, koja je poznata po vrlo visokoj kvaliteta keramike u svetu. Ova plo\u010dica je debela 10 mm i zato je izuzetno izdr\u017eljiva. [&hellip;]<\/p>\n","protected":false},"featured_media":95306,"template":"","meta":[],"product_cat":[999,999125],"product_tag":[],"_links":{"self":[{"href":"https:\/\/www.keramika.com\/srbija\/wp-json\/wp\/v2\/product\/95305"}],"collection":[{"href":"https:\/\/www.keramika.com\/srbija\/wp-json\/wp\/v2\/product"}],"about":[{"href":"https:\/\/www.keramika.com\/srbija\/wp-json\/wp\/v2\/types\/product"}],"wp:featuredmedia":[{"embeddable":true,"href":"https:\/\/www.keramika.com\/srbija\/wp-json\/wp\/v2\/media\/95306"}],"wp:attachment":[{"href":"https:\/\/www.keramika.com\/srbija\/wp-json\/wp\/v2\/media?parent=95305"}],"wp:term":[{"taxonomy":"product_cat","embeddable":true,"href":"https:\/\/www.keramika.com\/srbija\/wp-json\/wp\/v2\/product_cat?post=95305"},{"taxonomy":"product_tag","embeddable":true,"href":"https:\/\/www.keramika.com\/srbija\/wp-json\/wp\/v2\/product_tag?post=95305"}],"curies":[{"name":"wp","href":"https:\/\/api.w.org\/{rel}","templated":true}]}}