{"id":95297,"date":"2017-07-02T09:48:10","date_gmt":"2017-07-02T09:48:10","guid":{"rendered":"http:\/\/www.ceramictiles.com\/srbija\/product\/staklene-mozaik-plocice-vidrepur-shell-deep\/"},"modified":"2026-01-04T00:00:38","modified_gmt":"2026-01-04T00:00:38","slug":"staklene-mozaik-plocice-vidrepur-shell-deep","status":"publish","type":"product","link":"https:\/\/www.keramika.com\/srbija\/staklene-mozaik-plocice-vidrepur-shell-deep\/","title":{"rendered":"Staklene mozaik plo\u010dice Vidrepur Shell Deep"},"content":{"rendered":"<p>\u0160irina i du\u017eina mre\u017ee na koju je pritvr\u0111en mozaik je 25&#215;25 cm. Mre\u017ea se jednostavno mo\u017eete polo\u017eiti na razli\u010dite povr\u0161ine. 5 mm debljina \u0107e zadovoljiti i najzahtevnije kupce. Ovaj mozaik je proizveden od proizvo\u0111a\u010da Vidrepur, iz \u0160panije. 5175 RSD je redovna prodajna cena keramike, tu pa samo 4140 RSD. Veoma moderan mozaik, dominantne plave boje, oboga\u0107uje savki prostor.<\/p>\n<p>Technical description: <\/p>\n<p>Min. 1 box &#8211; Delivery 30 Euro\/box in EU<\/p>\n","protected":false},"excerpt":{"rendered":"<p>\u0160irina i du\u017eina mre\u017ee na koju je pritvr\u0111en mozaik je 25&#215;25 cm. Mre\u017ea se jednostavno mo\u017eete polo\u017eiti na razli\u010dite povr\u0161ine. 5 mm debljina \u0107e zadovoljiti i najzahtevnije kupce. Ovaj mozaik je proizveden od proizvo\u0111a\u010da Vidrepur, iz \u0160panije. 5175 RSD je redovna prodajna cena keramike, tu pa samo 4140 RSD. Veoma moderan mozaik, dominantne plave boje, [&hellip;]<\/p>\n","protected":false},"featured_media":95298,"template":"","meta":[],"product_cat":[999,9991712],"product_tag":[],"_links":{"self":[{"href":"https:\/\/www.keramika.com\/srbija\/wp-json\/wp\/v2\/product\/95297"}],"collection":[{"href":"https:\/\/www.keramika.com\/srbija\/wp-json\/wp\/v2\/product"}],"about":[{"href":"https:\/\/www.keramika.com\/srbija\/wp-json\/wp\/v2\/types\/product"}],"wp:featuredmedia":[{"embeddable":true,"href":"https:\/\/www.keramika.com\/srbija\/wp-json\/wp\/v2\/media\/95298"}],"wp:attachment":[{"href":"https:\/\/www.keramika.com\/srbija\/wp-json\/wp\/v2\/media?parent=95297"}],"wp:term":[{"taxonomy":"product_cat","embeddable":true,"href":"https:\/\/www.keramika.com\/srbija\/wp-json\/wp\/v2\/product_cat?post=95297"},{"taxonomy":"product_tag","embeddable":true,"href":"https:\/\/www.keramika.com\/srbija\/wp-json\/wp\/v2\/product_tag?post=95297"}],"curies":[{"name":"wp","href":"https:\/\/api.w.org\/{rel}","templated":true}]}}