{"id":95289,"date":"2017-07-02T09:46:46","date_gmt":"2017-07-02T09:46:46","guid":{"rendered":"http:\/\/www.ceramictiles.com\/srbija\/product\/staklene-mozaik-plocice-vidrepur-impressions-edna-travertino-beige-mt\/"},"modified":"2026-01-04T00:00:38","modified_gmt":"2026-01-04T00:00:38","slug":"staklene-mozaik-plocice-vidrepur-impressions-edna-travertino-beige-mt","status":"publish","type":"product","link":"https:\/\/www.keramika.com\/srbija\/staklene-mozaik-plocice-vidrepur-impressions-edna-travertino-beige-mt\/","title":{"rendered":"Staklene mozaik plo\u010dice Vidrepur Impressions Edna Travertino Beige MT"},"content":{"rendered":"<p>Mozaik je pritvr\u0111en na mre\u017eu, \u0161to olak\u0161ava njegovu ugradnju. Veli\u010dina mre\u017ee je 25&#215;25 cm , te je pogodan je za razli\u010dite povr\u0161ine. Prilikom izbora mozaika u glavnom be\u017e boji ne\u0107ete pogre\u0161iti Zaradi ni\u017eih tro\u0161kova kod internetne prodaje, \u0107e te na na\u0161oj strani za taj mozaik platiti 9936 RSD. Ovaj mozaik je 5 mm, te je vrlo je izdr\u017eljiv. Ovaj mozaik je proizveden od proizvo\u0111a\u010da Vidrepur, iz \u0160panije.<\/p>\n<p>Technical description: <\/p>\n<p>Min. 1 box &#8211; Delivery 30 Euro\/box in EU<\/p>\n","protected":false},"excerpt":{"rendered":"<p>Mozaik je pritvr\u0111en na mre\u017eu, \u0161to olak\u0161ava njegovu ugradnju. Veli\u010dina mre\u017ee je 25&#215;25 cm , te je pogodan je za razli\u010dite povr\u0161ine. Prilikom izbora mozaika u glavnom be\u017e boji ne\u0107ete pogre\u0161iti Zaradi ni\u017eih tro\u0161kova kod internetne prodaje, \u0107e te na na\u0161oj strani za taj mozaik platiti 9936 RSD. Ovaj mozaik je 5 mm, te je [&hellip;]<\/p>\n","protected":false},"featured_media":95290,"template":"","meta":[],"product_cat":[999,9991712],"product_tag":[],"_links":{"self":[{"href":"https:\/\/www.keramika.com\/srbija\/wp-json\/wp\/v2\/product\/95289"}],"collection":[{"href":"https:\/\/www.keramika.com\/srbija\/wp-json\/wp\/v2\/product"}],"about":[{"href":"https:\/\/www.keramika.com\/srbija\/wp-json\/wp\/v2\/types\/product"}],"wp:featuredmedia":[{"embeddable":true,"href":"https:\/\/www.keramika.com\/srbija\/wp-json\/wp\/v2\/media\/95290"}],"wp:attachment":[{"href":"https:\/\/www.keramika.com\/srbija\/wp-json\/wp\/v2\/media?parent=95289"}],"wp:term":[{"taxonomy":"product_cat","embeddable":true,"href":"https:\/\/www.keramika.com\/srbija\/wp-json\/wp\/v2\/product_cat?post=95289"},{"taxonomy":"product_tag","embeddable":true,"href":"https:\/\/www.keramika.com\/srbija\/wp-json\/wp\/v2\/product_tag?post=95289"}],"curies":[{"name":"wp","href":"https:\/\/api.w.org\/{rel}","templated":true}]}}