{"id":95287,"date":"2017-07-02T09:46:24","date_gmt":"2017-07-02T09:46:24","guid":{"rendered":"http:\/\/www.ceramictiles.com\/srbija\/product\/staklene-mozaik-plocice-vidrepur-impressions-calacatta-mt\/"},"modified":"2026-01-04T00:00:37","modified_gmt":"2026-01-04T00:00:37","slug":"staklene-mozaik-plocice-vidrepur-impressions-calacatta-mt","status":"publish","type":"product","link":"https:\/\/www.keramika.com\/srbija\/staklene-mozaik-plocice-vidrepur-impressions-calacatta-mt\/","title":{"rendered":"Staklene mozaik plo\u010dice Vidrepur Impressions Calacatta MT"},"content":{"rendered":"<p>Dimenzije mre\u017ee na koju je pritvr\u0111en mozaik je 25&#215;25 cm. Mre\u017ea omogu\u0107ava jednostavnu instalaciju. 10350 RSD je redovna prodajna cena keramike, tu pa samo 8280 RSD. plo\u010dica proizvo\u0111a\u010da Vidrepur iz \u0160panije. Naj vi\u0161e se prodaju sive mozik plo\u010dice. 5 mm debljine je dovoljno za zahtevnije kupce.<\/p>\n<p>Technical description: <\/p>\n<p>Min. 1 box &#8211; Delivery 30 Euro\/box in EU<\/p>\n","protected":false},"excerpt":{"rendered":"<p>Dimenzije mre\u017ee na koju je pritvr\u0111en mozaik je 25&#215;25 cm. Mre\u017ea omogu\u0107ava jednostavnu instalaciju. 10350 RSD je redovna prodajna cena keramike, tu pa samo 8280 RSD. plo\u010dica proizvo\u0111a\u010da Vidrepur iz \u0160panije. Naj vi\u0161e se prodaju sive mozik plo\u010dice. 5 mm debljine je dovoljno za zahtevnije kupce. Technical description: Min. 1 box &#8211; Delivery 30 Euro\/box [&hellip;]<\/p>\n","protected":false},"featured_media":95288,"template":"","meta":[],"product_cat":[999,9991712],"product_tag":[],"_links":{"self":[{"href":"https:\/\/www.keramika.com\/srbija\/wp-json\/wp\/v2\/product\/95287"}],"collection":[{"href":"https:\/\/www.keramika.com\/srbija\/wp-json\/wp\/v2\/product"}],"about":[{"href":"https:\/\/www.keramika.com\/srbija\/wp-json\/wp\/v2\/types\/product"}],"wp:featuredmedia":[{"embeddable":true,"href":"https:\/\/www.keramika.com\/srbija\/wp-json\/wp\/v2\/media\/95288"}],"wp:attachment":[{"href":"https:\/\/www.keramika.com\/srbija\/wp-json\/wp\/v2\/media?parent=95287"}],"wp:term":[{"taxonomy":"product_cat","embeddable":true,"href":"https:\/\/www.keramika.com\/srbija\/wp-json\/wp\/v2\/product_cat?post=95287"},{"taxonomy":"product_tag","embeddable":true,"href":"https:\/\/www.keramika.com\/srbija\/wp-json\/wp\/v2\/product_tag?post=95287"}],"curies":[{"name":"wp","href":"https:\/\/api.w.org\/{rel}","templated":true}]}}