{"id":95283,"date":"2017-07-02T09:45:45","date_gmt":"2017-07-02T09:45:45","guid":{"rendered":"http:\/\/www.ceramictiles.com\/srbija\/product\/staklene-mozaik-plocice-vidrepur-fire-glass-412\/"},"modified":"2026-01-04T00:00:37","modified_gmt":"2026-01-04T00:00:37","slug":"staklene-mozaik-plocice-vidrepur-fire-glass-412","status":"publish","type":"product","link":"https:\/\/www.keramika.com\/srbija\/staklene-mozaik-plocice-vidrepur-fire-glass-412\/","title":{"rendered":"Staklene mozaik plo\u010dice Vidrepur Fire Glass 412"},"content":{"rendered":"<p>Ovaj mozaik je 5 mm, te je vrlo je izdr\u017eljiv. plo\u010dica proizvo\u0111a\u010da Vidrepur iz \u0160panije. 26910 RSD je redovna prodajna cena keramike, tu pa samo 21528 RSD. Veoma moderan mozaik, dominantne plave boje, oboga\u0107uje savki prostor. Veli\u010dina mre\u017ee 25&#215;25 cm nakoju je pritvr\u0111en, omogu\u0107ava pritvr\u0111ivanje na razli\u010dite povr\u0161ine.<\/p>\n<p>Kliknite na ime serije za sve plo\u010dice u toj seriji: <a class=\"pdfcatal\" href=\"\/\/www.ceramictiles.com\/pdf\/vidrepur\/catalogue_vidrepur_fireglass.pdf\" onclick=\"recordOutboundLink(this, 'E-mail', 'Description PDF');return false;\">Vidrepur Fireglass<\/a><\/p>\n<p>Da bi naru\u010dili model iz PDF kataloga ove serije, molimo vas, da nas kontaktirate na: <a href=\"mailto:zo_mi@ceramictiles.com\" onclick=\"recordOutboundLink(this, 'E-mail', 'Description mail');return false;\">zo_mi@ceramictiles.com<\/a> ili nas pozovite na: For exact offer, PLS send us quantity and product you need with delivery address..<\/p>\n<p>Technical description: <\/p>\n<p>Min. 1 box &#8211; Delivery 30 Euro\/box in EU<\/p>\n","protected":false},"excerpt":{"rendered":"<p>Ovaj mozaik je 5 mm, te je vrlo je izdr\u017eljiv. plo\u010dica proizvo\u0111a\u010da Vidrepur iz \u0160panije. 26910 RSD je redovna prodajna cena keramike, tu pa samo 21528 RSD. Veoma moderan mozaik, dominantne plave boje, oboga\u0107uje savki prostor. Veli\u010dina mre\u017ee 25&#215;25 cm nakoju je pritvr\u0111en, omogu\u0107ava pritvr\u0111ivanje na razli\u010dite povr\u0161ine. Kliknite na ime serije za sve plo\u010dice [&hellip;]<\/p>\n","protected":false},"featured_media":95284,"template":"","meta":[],"product_cat":[999,9991712],"product_tag":[],"_links":{"self":[{"href":"https:\/\/www.keramika.com\/srbija\/wp-json\/wp\/v2\/product\/95283"}],"collection":[{"href":"https:\/\/www.keramika.com\/srbija\/wp-json\/wp\/v2\/product"}],"about":[{"href":"https:\/\/www.keramika.com\/srbija\/wp-json\/wp\/v2\/types\/product"}],"wp:featuredmedia":[{"embeddable":true,"href":"https:\/\/www.keramika.com\/srbija\/wp-json\/wp\/v2\/media\/95284"}],"wp:attachment":[{"href":"https:\/\/www.keramika.com\/srbija\/wp-json\/wp\/v2\/media?parent=95283"}],"wp:term":[{"taxonomy":"product_cat","embeddable":true,"href":"https:\/\/www.keramika.com\/srbija\/wp-json\/wp\/v2\/product_cat?post=95283"},{"taxonomy":"product_tag","embeddable":true,"href":"https:\/\/www.keramika.com\/srbija\/wp-json\/wp\/v2\/product_tag?post=95283"}],"curies":[{"name":"wp","href":"https:\/\/api.w.org\/{rel}","templated":true}]}}