{"id":95267,"date":"2017-07-02T09:43:06","date_gmt":"2017-07-02T09:43:06","guid":{"rendered":"http:\/\/www.ceramictiles.com\/srbija\/product\/staklene-mozaik-plocice-vidrepur-niebla-azul-celeste\/"},"modified":"2026-01-04T00:00:36","modified_gmt":"2026-01-04T00:00:36","slug":"staklene-mozaik-plocice-vidrepur-niebla-azul-celeste","status":"publish","type":"product","link":"https:\/\/www.keramika.com\/srbija\/staklene-mozaik-plocice-vidrepur-niebla-azul-celeste\/","title":{"rendered":"Staklene mozaik plo\u010dice Vidrepur Niebla Azul Celeste"},"content":{"rendered":"<p>Vidrepur Niebla Azul Celeste je proizvod iz \u0160panije te je izuzetno kvalitetna. 4893,25 RSD je redovna prodajna cena keramike, tu pa samo 3914,6 RSD. Veoma moderan mozaik, dominantne plave boje, oboga\u0107uje savki prostor. Ovaj mozaik je 5 mm, te je vrlo je izdr\u017eljiv. Veli\u010dina 25&#215;25 cm mre\u017ee, na koju su pritvr\u0111ene mozaik plo\u010dice, je odli\u010dna za pokrivanje povr\u0161ine.<\/p>\n<p>Kliknite na ime serije za sve plo\u010dice u toj seriji: <a class=\"pdfcatal\" href=\"\/\/www.ceramictiles.com\/pdf\/vidrepur\/catalogue_vidrepur_colors_antislip.pdf\" onclick=\"recordOutboundLink(this, 'E-mail', 'Description PDF');return false;\">Vidrepur Colors Antislip<\/a><\/p>\n<p>Da bi naru\u010dili model iz PDF kataloga ove serije, molimo vas, da nas kontaktirate na: <a href=\"mailto:zo_mi@ceramictiles.com\" onclick=\"recordOutboundLink(this, 'E-mail', 'Description mail');return false;\">zo_mi@ceramictiles.com<\/a> ili nas pozovite na: For exact offer, PLS send us quantity and product you need with delivery address..<\/p>\n<p>Technical description: <\/p>\n<p>Min. 1 box &#8211; Delivery 30 Euro\/box in EU<\/p>\n","protected":false},"excerpt":{"rendered":"<p>Vidrepur Niebla Azul Celeste je proizvod iz \u0160panije te je izuzetno kvalitetna. 4893,25 RSD je redovna prodajna cena keramike, tu pa samo 3914,6 RSD. Veoma moderan mozaik, dominantne plave boje, oboga\u0107uje savki prostor. Ovaj mozaik je 5 mm, te je vrlo je izdr\u017eljiv. Veli\u010dina 25&#215;25 cm mre\u017ee, na koju su pritvr\u0111ene mozaik plo\u010dice, je odli\u010dna [&hellip;]<\/p>\n","protected":false},"featured_media":95268,"template":"","meta":[],"product_cat":[999,9991712],"product_tag":[],"_links":{"self":[{"href":"https:\/\/www.keramika.com\/srbija\/wp-json\/wp\/v2\/product\/95267"}],"collection":[{"href":"https:\/\/www.keramika.com\/srbija\/wp-json\/wp\/v2\/product"}],"about":[{"href":"https:\/\/www.keramika.com\/srbija\/wp-json\/wp\/v2\/types\/product"}],"wp:featuredmedia":[{"embeddable":true,"href":"https:\/\/www.keramika.com\/srbija\/wp-json\/wp\/v2\/media\/95268"}],"wp:attachment":[{"href":"https:\/\/www.keramika.com\/srbija\/wp-json\/wp\/v2\/media?parent=95267"}],"wp:term":[{"taxonomy":"product_cat","embeddable":true,"href":"https:\/\/www.keramika.com\/srbija\/wp-json\/wp\/v2\/product_cat?post=95267"},{"taxonomy":"product_tag","embeddable":true,"href":"https:\/\/www.keramika.com\/srbija\/wp-json\/wp\/v2\/product_tag?post=95267"}],"curies":[{"name":"wp","href":"https:\/\/api.w.org\/{rel}","templated":true}]}}