{"id":95253,"date":"2018-01-03T09:41:01","date_gmt":"2018-01-03T09:41:01","guid":{"rendered":"http:\/\/www.ceramictiles.com\/srbija\/product\/plocice-aparici-terre-rosso\/"},"modified":"2019-06-04T12:42:26","modified_gmt":"2019-06-04T12:42:26","slug":"plocice-aparici-terre-rosso","status":"publish","type":"product","link":"https:\/\/www.keramika.com\/srbija\/plocice-aparici-terre-rosso\/","title":{"rendered":"Plo\u010dice Aparici Terre Rosso"},"content":{"rendered":"<p>Plo\u010dice dolaze iz \u0160panije, koja je poznata po kvalitetnoj keramiki. Plo\u010dica je debela 10 mm, \u0161to je ubraja u tvrde plo\u010dice. Plo\u010dice narand\u017easte boje osvje\u017eit \u0107e svaki prostor. Veli\u010dina 25&#215;100 cm je odli\u010dna za sve podloge.<\/p>\n<p>Kliknite na ime serije za sve plo\u010dice u toj seriji: <a class=\"pdfcatal\" href=\"\/\/www.ceramictiles.com\/pdf\/catalogue_aparici_porcelanico.pdf\">Aparici Terre<\/a><\/p>\n<p>Technical description: Natural Finish R9 Clase 1<br \/>\nNon-slip Finish R10 Clase 3<br \/>\nHexagon Natural 25X29 G-3254 &#8211; m2<br \/>\nTerre Natural Mos 5X5 29,75X29,75 G-3666 &#8211; m2<br \/>\nTerre 25&#215;100 24,9x100x1 G-3154 &#8211; m2<br \/>\nTerre 25&#215;100 Non-slip 24,9x100x1 G- G-3178 &#8211; m2<br \/>\nTerre Nat. Mos. 5X5 29,75&#215;29,75 G-3666 &#8211; m2<br \/>\nTerre Nat. Ro-100 8&#215;100 G-2115 &#8211; pc<br \/>\n[vc_row][vc_column width=&#8220;1\/3&#8243;][vc_single_image source=&#8220;external_link&#8220; onclick=&#8220;link_image&#8220; custom_src=&#8220;https:\/\/www.ceramictiles.com\/images\/aparici\/aparici_terre_ice_hexagon.jpg&#8220; el_class=&#8220;eheight&#8220;]<br \/>\n[vc_column_text]<strong><br \/>\nTerre Ice Hexagon<\/strong><br \/>\n<a class=\"pdfcatal\" href=\"\/\/www.ceramictiles.com\/pdf\/catalogue_aparici_porcelanico.pdf\"> PDF Kolekcijski katalog<\/a><br \/>\nZa najbolju ponudu, po\u0161aljite nam boju, dimenzije, koli\u010dinu i adresu za dostavu.<br \/>\n<a href=\"mailto:zo_mi@ceramictiles.com\">Zahtjev za ponudu<\/a>[\/vc_column_text][vc_separator color=&#8220;black&#8220; border_width=&#8220;2&#8243;]<br \/>\n[\/vc_column][vc_column width=&#8220;1\/3&#8243;][vc_single_image source=&#8220;external_link&#8220; onclick=&#8220;link_image&#8220; custom_src=&#8220;https:\/\/www.ceramictiles.com\/images\/aparici\/aparici_terre_sand_hexagon.jpg&#8220; el_class=&#8220;eheight&#8220;]<br \/>\n[vc_column_text]<strong><br \/>\nTerre Sand Hexagon<\/strong><br \/>\n<a class=\"pdfcatal\" href=\"\/\/www.ceramictiles.com\/pdf\/catalogue_aparici_porcelanico.pdf\"> PDF Kolekcijski katalog<\/a><br \/>\nZa najbolju ponudu, po\u0161aljite nam boju, dimenzije, koli\u010dinu i adresu za dostavu.<br \/>\n<a href=\"mailto:zo_mi@ceramictiles.com\">Zahtjev za ponudu<\/a>[\/vc_column_text][vc_separator color=&#8220;black&#8220; border_width=&#8220;2&#8243;]<br \/>\n[\/vc_column][vc_column width=&#8220;1\/3&#8243;][vc_single_image source=&#8220;external_link&#8220; onclick=&#8220;link_image&#8220; custom_src=&#8220;https:\/\/www.ceramictiles.com\/images\/aparici\/aparici_terre_stamp_hexagon.jpg&#8220; el_class=&#8220;eheight&#8220;]<br \/>\n[vc_column_text]<strong><br \/>\nTerre Stamp Hexagon<\/strong><br \/>\n<a class=\"pdfcatal\" href=\"\/\/www.ceramictiles.com\/pdf\/catalogue_aparici_porcelanico.pdf\"> PDF Kolekcijski katalog<\/a><br \/>\nZa najbolju ponudu, po\u0161aljite nam boju, dimenzije, koli\u010dinu i adresu za dostavu.<br \/>\n<a href=\"mailto:zo_mi@ceramictiles.com\">Zahtjev za ponudu<\/a>[\/vc_column_text][vc_separator color=&#8220;black&#8220; border_width=&#8220;2&#8243;]<br \/>\n[\/vc_column][vc_column width=&#8220;1\/3&#8243;][vc_single_image source=&#8220;external_link&#8220; onclick=&#8220;link_image&#8220; custom_src=&#8220;https:\/\/www.ceramictiles.com\/images\/aparici\/aparici_terre_rosso_hexagon.jpg&#8220; el_class=&#8220;eheight&#8220;]<br \/>\n[vc_column_text]<strong><br \/>\nTerre Rosso Hexagon<\/strong><br \/>\n<a class=\"pdfcatal\" href=\"\/\/www.ceramictiles.com\/pdf\/catalogue_aparici_porcelanico.pdf\"> PDF Kolekcijski katalog<\/a><br \/>\nZa najbolju ponudu, po\u0161aljite nam boju, dimenzije, koli\u010dinu i adresu za dostavu.<br \/>\n<a href=\"mailto:zo_mi@ceramictiles.com\">Zahtjev za ponudu<\/a>[\/vc_column_text][vc_separator color=&#8220;black&#8220; border_width=&#8220;2&#8243;]<br \/>\n[\/vc_column][vc_column width=&#8220;1\/3&#8243;][vc_single_image source=&#8220;external_link&#8220; onclick=&#8220;link_image&#8220; custom_src=&#8220;https:\/\/www.ceramictiles.com\/images\/aparici\/aparici_terre_sand_nat_mos_5x5.jpg&#8220; el_class=&#8220;eheight&#8220;]<br \/>\n[vc_column_text]<strong><br \/>\nTerre Sand Nat Mos 5X5<\/strong><br \/>\n<a class=\"pdfcatal\" href=\"\/\/www.ceramictiles.com\/pdf\/catalogue_aparici_porcelanico.pdf\"> PDF Kolekcijski katalog<\/a><br \/>\nZa najbolju ponudu, po\u0161aljite nam boju, dimenzije, koli\u010dinu i adresu za dostavu.<br \/>\n<a href=\"mailto:zo_mi@ceramictiles.com\">Zahtjev za ponudu<\/a>[\/vc_column_text][vc_separator color=&#8220;black&#8220; border_width=&#8220;2&#8243;]<br \/>\n[\/vc_column][vc_column width=&#8220;1\/3&#8243;][vc_single_image source=&#8220;external_link&#8220; onclick=&#8220;link_image&#8220; custom_src=&#8220;https:\/\/www.ceramictiles.com\/images\/aparici\/aparici_terre_ice_nat_mos_5x5.jpg&#8220; el_class=&#8220;eheight&#8220;]<br \/>\n[vc_column_text]<strong><br \/>\nTerre Ice Nat Mos 5X5<\/strong><br \/>\n<a class=\"pdfcatal\" href=\"\/\/www.ceramictiles.com\/pdf\/catalogue_aparici_porcelanico.pdf\"> PDF Kolekcijski katalog<\/a><br \/>\nZa najbolju ponudu, po\u0161aljite nam boju, dimenzije, koli\u010dinu i adresu za dostavu.<br \/>\n<a href=\"mailto:zo_mi@ceramictiles.com\">Zahtjev za ponudu<\/a>[\/vc_column_text][vc_separator color=&#8220;black&#8220; border_width=&#8220;2&#8243;]<br \/>\n[\/vc_column][vc_column width=&#8220;1\/3&#8243;][vc_single_image source=&#8220;external_link&#8220; onclick=&#8220;link_image&#8220; custom_src=&#8220;https:\/\/www.ceramictiles.com\/images\/aparici\/aparici_terre_rosso_natural.jpg&#8220; el_class=&#8220;eheight&#8220;]<br \/>\n[vc_column_text]<strong><br \/>\nTerre Rosso Natural<\/strong><br \/>\n<a class=\"pdfcatal\" href=\"\/\/www.ceramictiles.com\/pdf\/catalogue_aparici_porcelanico.pdf\"> PDF Kolekcijski katalog<\/a><br \/>\nZa najbolju ponudu, po\u0161aljite nam boju, dimenzije, koli\u010dinu i adresu za dostavu.<br \/>\n<a href=\"mailto:zo_mi@ceramictiles.com\">Zahtjev za ponudu<\/a>[\/vc_column_text][vc_separator color=&#8220;black&#8220; border_width=&#8220;2&#8243;]<br \/>\n[\/vc_column][vc_column width=&#8220;1\/3&#8243;][vc_single_image source=&#8220;external_link&#8220; onclick=&#8220;link_image&#8220; custom_src=&#8220;https:\/\/www.ceramictiles.com\/images\/aparici\/aparici_terre_rosso_nonslip.jpg&#8220; el_class=&#8220;eheight&#8220;]<br \/>\n[vc_column_text]<strong><br \/>\nTerre Rosso Nonslip<\/strong><br \/>\n<a class=\"pdfcatal\" href=\"\/\/www.ceramictiles.com\/pdf\/catalogue_aparici_porcelanico.pdf\"> PDF Kolekcijski katalog<\/a><br \/>\nZa najbolju ponudu, po\u0161aljite nam boju, dimenzije, koli\u010dinu i adresu za dostavu.<br \/>\n<a href=\"mailto:zo_mi@ceramictiles.com\">Zahtjev za ponudu<\/a>[\/vc_column_text][vc_separator color=&#8220;black&#8220; border_width=&#8220;2&#8243;]<br \/>\n[\/vc_column][vc_column width=&#8220;1\/3&#8243;][vc_single_image source=&#8220;external_link&#8220; onclick=&#8220;link_image&#8220; custom_src=&#8220;https:\/\/www.ceramictiles.com\/images\/aparici\/aparici_terre_sand_natural.jpg&#8220; el_class=&#8220;eheight&#8220;]<br \/>\n[vc_column_text]<strong><br \/>\nTerre Sand Natural<\/strong><br \/>\n<a class=\"pdfcatal\" href=\"\/\/www.ceramictiles.com\/pdf\/catalogue_aparici_porcelanico.pdf\"> PDF Kolekcijski katalog<\/a><br \/>\nZa najbolju ponudu, po\u0161aljite nam boju, dimenzije, koli\u010dinu i adresu za dostavu.<br \/>\n<a href=\"mailto:zo_mi@ceramictiles.com\">Zahtjev za ponudu<\/a>[\/vc_column_text][vc_separator color=&#8220;black&#8220; border_width=&#8220;2&#8243;]<br \/>\n[\/vc_column][vc_column width=&#8220;1\/3&#8243;][vc_single_image source=&#8220;external_link&#8220; onclick=&#8220;link_image&#8220; custom_src=&#8220;https:\/\/www.ceramictiles.com\/images\/aparici\/aparici_terre_ice_natural.jpg&#8220; el_class=&#8220;eheight&#8220;]<br \/>\n[vc_column_text]<strong><br \/>\nTerre Ice Natural<\/strong><br \/>\n<a class=\"pdfcatal\" href=\"\/\/www.ceramictiles.com\/pdf\/catalogue_aparici_porcelanico.pdf\"> PDF Kolekcijski katalog<\/a><br \/>\nZa najbolju ponudu, po\u0161aljite nam boju, dimenzije, koli\u010dinu i adresu za dostavu.<br \/>\n<a href=\"mailto:zo_mi@ceramictiles.com\">Zahtjev za ponudu<\/a>[\/vc_column_text][vc_separator color=&#8220;black&#8220; border_width=&#8220;2&#8243;]<\/p>\n<p>[\/vc_column][\/vc_row]<\/p>\n","protected":false},"excerpt":{"rendered":"<p>Rustik plo\u010dice za pod i zid<\/p>\n","protected":false},"featured_media":95254,"template":"","meta":[],"product_cat":[999773,200,240,260,999,290],"product_tag":[99950100,99950089,99950098,99950099,99950097],"_links":{"self":[{"href":"https:\/\/www.keramika.com\/srbija\/wp-json\/wp\/v2\/product\/95253"}],"collection":[{"href":"https:\/\/www.keramika.com\/srbija\/wp-json\/wp\/v2\/product"}],"about":[{"href":"https:\/\/www.keramika.com\/srbija\/wp-json\/wp\/v2\/types\/product"}],"wp:featuredmedia":[{"embeddable":true,"href":"https:\/\/www.keramika.com\/srbija\/wp-json\/wp\/v2\/media\/95254"}],"wp:attachment":[{"href":"https:\/\/www.keramika.com\/srbija\/wp-json\/wp\/v2\/media?parent=95253"}],"wp:term":[{"taxonomy":"product_cat","embeddable":true,"href":"https:\/\/www.keramika.com\/srbija\/wp-json\/wp\/v2\/product_cat?post=95253"},{"taxonomy":"product_tag","embeddable":true,"href":"https:\/\/www.keramika.com\/srbija\/wp-json\/wp\/v2\/product_tag?post=95253"}],"curies":[{"name":"wp","href":"https:\/\/api.w.org\/{rel}","templated":true}]}}