{"id":95251,"date":"2017-07-02T09:40:43","date_gmt":"2017-07-02T09:40:43","guid":{"rendered":"http:\/\/www.ceramictiles.com\/srbija\/product\/plocice-aparici-rugo-anthracite\/"},"modified":"2017-07-02T09:40:43","modified_gmt":"2017-07-02T09:40:43","slug":"plocice-aparici-rugo-anthracite","status":"publish","type":"product","link":"https:\/\/www.keramika.com\/srbija\/plocice-aparici-rugo-anthracite\/","title":{"rendered":"Plo\u010dice Aparici Rugo Anthracite"},"content":{"rendered":"<p>Plo\u010dica 100&#215;100 cm je dobra za ve\u0107 razli\u010ditih namena. Proizvodnja \u0160panije ,koja je poznata u svetu, kao jedana od najboljih proizvo\u0111a\u010da kerami\u010dkih plo\u010dica. Keramika je prekrasne braon boje. U koliko \u017eelite neku drugu boju, pozovite nas i mi \u0107emo proveriti kod proizvo\u0111a\u010da. 7 mm debljine je dovoljno za zahtevnije kupce.<\/p>\n<p>Kliknite na ime serije za sve plo\u010dice u toj seriji: <a class=\"pdfcatal\" href=\"\/\/www.ceramictiles.com\/pdf\/aparici\/catalogue_aparici_coconut.pdf\" onclick=\"recordOutboundLink(this, 'E-mail', 'Description PDF');return false;\">Aparici Rugo<\/a><\/p>\n<p>Da bi naru\u010dili model iz PDF kataloga ove serije, molimo vas, da nas kontaktirate na: <a href=\"mailto:zo_mi@ceramictiles.com\" onclick=\"recordOutboundLink(this, 'E-mail', 'Description mail');return false;\">zo_mi@ceramictiles.com<\/a> ili nas pozovite na: For exact offer, PLS send us quantity and product you need with delivery address..<\/p>\n<p>Technical description: 89,46&#215;89,46<\/p>\n","protected":false},"excerpt":{"rendered":"<p>Plo\u010dica 100&#215;100 cm je dobra za ve\u0107 razli\u010ditih namena. Proizvodnja \u0160panije ,koja je poznata u svetu, kao jedana od najboljih proizvo\u0111a\u010da kerami\u010dkih plo\u010dica. Keramika je prekrasne braon boje. U koliko \u017eelite neku drugu boju, pozovite nas i mi \u0107emo proveriti kod proizvo\u0111a\u010da. 7 mm debljine je dovoljno za zahtevnije kupce. Kliknite na ime serije za [&hellip;]<\/p>\n","protected":false},"featured_media":95252,"template":"","meta":[],"product_cat":[999773,999],"product_tag":[],"_links":{"self":[{"href":"https:\/\/www.keramika.com\/srbija\/wp-json\/wp\/v2\/product\/95251"}],"collection":[{"href":"https:\/\/www.keramika.com\/srbija\/wp-json\/wp\/v2\/product"}],"about":[{"href":"https:\/\/www.keramika.com\/srbija\/wp-json\/wp\/v2\/types\/product"}],"wp:featuredmedia":[{"embeddable":true,"href":"https:\/\/www.keramika.com\/srbija\/wp-json\/wp\/v2\/media\/95252"}],"wp:attachment":[{"href":"https:\/\/www.keramika.com\/srbija\/wp-json\/wp\/v2\/media?parent=95251"}],"wp:term":[{"taxonomy":"product_cat","embeddable":true,"href":"https:\/\/www.keramika.com\/srbija\/wp-json\/wp\/v2\/product_cat?post=95251"},{"taxonomy":"product_tag","embeddable":true,"href":"https:\/\/www.keramika.com\/srbija\/wp-json\/wp\/v2\/product_tag?post=95251"}],"curies":[{"name":"wp","href":"https:\/\/api.w.org\/{rel}","templated":true}]}}