{"id":95233,"date":"2017-07-02T09:37:55","date_gmt":"2017-07-02T09:37:55","guid":{"rendered":"http:\/\/www.ceramictiles.com\/srbija\/product\/plocice-aparici-ferrum-copper\/"},"modified":"2017-07-02T09:37:55","modified_gmt":"2017-07-02T09:37:55","slug":"plocice-aparici-ferrum-copper","status":"publish","type":"product","link":"https:\/\/www.keramika.com\/srbija\/plocice-aparici-ferrum-copper\/","title":{"rendered":"Plo\u010dice Aparici Ferrum Copper"},"content":{"rendered":"<p>Plo\u010dica na sliki je 100&#215;100 cm. Aparici Ferrum Copper dolazi iz \u0160panije, koja je poznata po vrlo visokoj kvaliteta keramike u svetu. 10 mm debljina \u0107e zadovoljiti i najzahtevnije kupce. Plo\u010dice braon boje osvje\u017eit \u0107e svaki prostor.<\/p>\n<p>Kliknite na ime serije za sve plo\u010dice u toj seriji: <a class=\"pdfcatal\" href=\"\/\/www.ceramictiles.com\/pdf\/aparici\/catalogue_aparici_axis.pdf\" onclick=\"recordOutboundLink(this, 'E-mail', 'Description PDF');return false;\">Aparici Ferrum<\/a><\/p>\n<p>Da bi naru\u010dili model iz PDF kataloga ove serije, molimo vas, da nas kontaktirate na: <a href=\"mailto:zo_mi@ceramictiles.com\" onclick=\"recordOutboundLink(this, 'E-mail', 'Description mail');return false;\">zo_mi@ceramictiles.com<\/a> ili nas pozovite na: For exact offer, PLS send us quantity and product you need with delivery address..<\/p>\n","protected":false},"excerpt":{"rendered":"<p>Plo\u010dica na sliki je 100&#215;100 cm. Aparici Ferrum Copper dolazi iz \u0160panije, koja je poznata po vrlo visokoj kvaliteta keramike u svetu. 10 mm debljina \u0107e zadovoljiti i najzahtevnije kupce. Plo\u010dice braon boje osvje\u017eit \u0107e svaki prostor. Kliknite na ime serije za sve plo\u010dice u toj seriji: Aparici Ferrum Da bi naru\u010dili model iz PDF [&hellip;]<\/p>\n","protected":false},"featured_media":95234,"template":"","meta":[],"product_cat":[999773,999],"product_tag":[],"_links":{"self":[{"href":"https:\/\/www.keramika.com\/srbija\/wp-json\/wp\/v2\/product\/95233"}],"collection":[{"href":"https:\/\/www.keramika.com\/srbija\/wp-json\/wp\/v2\/product"}],"about":[{"href":"https:\/\/www.keramika.com\/srbija\/wp-json\/wp\/v2\/types\/product"}],"wp:featuredmedia":[{"embeddable":true,"href":"https:\/\/www.keramika.com\/srbija\/wp-json\/wp\/v2\/media\/95234"}],"wp:attachment":[{"href":"https:\/\/www.keramika.com\/srbija\/wp-json\/wp\/v2\/media?parent=95233"}],"wp:term":[{"taxonomy":"product_cat","embeddable":true,"href":"https:\/\/www.keramika.com\/srbija\/wp-json\/wp\/v2\/product_cat?post=95233"},{"taxonomy":"product_tag","embeddable":true,"href":"https:\/\/www.keramika.com\/srbija\/wp-json\/wp\/v2\/product_tag?post=95233"}],"curies":[{"name":"wp","href":"https:\/\/api.w.org\/{rel}","templated":true}]}}