{"id":95221,"date":"2017-07-02T09:36:06","date_gmt":"2017-07-02T09:36:06","guid":{"rendered":"http:\/\/www.ceramictiles.com\/srbija\/product\/plocice-aparici-ariadne\/"},"modified":"2017-07-02T09:36:06","modified_gmt":"2017-07-02T09:36:06","slug":"plocice-aparici-ariadne","status":"publish","type":"product","link":"https:\/\/www.keramika.com\/srbija\/plocice-aparici-ariadne\/","title":{"rendered":"Plo\u010dice Aparici Ariadne"},"content":{"rendered":"<p>Ova plo\u010dica je debela 10 mm i zato je izuzetno izdr\u017eljiva. \u0160irina i du\u017eina plo\u010dice su 31,6&#215;59,2 cm. Keramika je prekrasne be\u017e boje. U koliko \u017eelite neku drugu boju, pozovite nas i mi \u0107emo proveriti kod proizvo\u0111a\u010da. plo\u010dica proizvo\u0111a\u010da Aparici iz \u0160panije.<\/p>\n<p>Kliknite na ime serije za sve plo\u010dice u toj seriji: <a class=\"pdfcatal\" href=\"\/\/www.ceramictiles.com\/pdf\/aparici\/catalogue_aparici_alessia.pdf\" onclick=\"recordOutboundLink(this, 'E-mail', 'Description PDF');return false;\">Aparici Ariadne<\/a><\/p>\n<p>Da bi naru\u010dili model iz PDF kataloga ove serije, molimo vas, da nas kontaktirate na: <a href=\"mailto:zo_mi@ceramictiles.com\" onclick=\"recordOutboundLink(this, 'E-mail', 'Description mail');return false;\">zo_mi@ceramictiles.com<\/a> ili nas pozovite na: For exact offer, PLS send us quantity and product you need with delivery address..<\/p>\n","protected":false},"excerpt":{"rendered":"<p>Ova plo\u010dica je debela 10 mm i zato je izuzetno izdr\u017eljiva. \u0160irina i du\u017eina plo\u010dice su 31,6&#215;59,2 cm. Keramika je prekrasne be\u017e boje. U koliko \u017eelite neku drugu boju, pozovite nas i mi \u0107emo proveriti kod proizvo\u0111a\u010da. plo\u010dica proizvo\u0111a\u010da Aparici iz \u0160panije. Kliknite na ime serije za sve plo\u010dice u toj seriji: Aparici Ariadne Da [&hellip;]<\/p>\n","protected":false},"featured_media":95222,"template":"","meta":[],"product_cat":[999773,999],"product_tag":[],"_links":{"self":[{"href":"https:\/\/www.keramika.com\/srbija\/wp-json\/wp\/v2\/product\/95221"}],"collection":[{"href":"https:\/\/www.keramika.com\/srbija\/wp-json\/wp\/v2\/product"}],"about":[{"href":"https:\/\/www.keramika.com\/srbija\/wp-json\/wp\/v2\/types\/product"}],"wp:featuredmedia":[{"embeddable":true,"href":"https:\/\/www.keramika.com\/srbija\/wp-json\/wp\/v2\/media\/95222"}],"wp:attachment":[{"href":"https:\/\/www.keramika.com\/srbija\/wp-json\/wp\/v2\/media?parent=95221"}],"wp:term":[{"taxonomy":"product_cat","embeddable":true,"href":"https:\/\/www.keramika.com\/srbija\/wp-json\/wp\/v2\/product_cat?post=95221"},{"taxonomy":"product_tag","embeddable":true,"href":"https:\/\/www.keramika.com\/srbija\/wp-json\/wp\/v2\/product_tag?post=95221"}],"curies":[{"name":"wp","href":"https:\/\/api.w.org\/{rel}","templated":true}]}}