{"id":95211,"date":"2017-07-02T09:34:28","date_gmt":"2017-07-02T09:34:28","guid":{"rendered":"http:\/\/www.ceramictiles.com\/srbija\/product\/plocice-aparici-aged-white\/"},"modified":"2017-07-02T09:34:28","modified_gmt":"2017-07-02T09:34:28","slug":"plocice-aparici-aged-white","status":"publish","type":"product","link":"https:\/\/www.keramika.com\/srbija\/plocice-aparici-aged-white\/","title":{"rendered":"Plo\u010dice Aparici Aged White"},"content":{"rendered":"<p>8 mm debljine je dovoljno za zahtevnije kupce. Dimenzije ovih plo\u010dica su 20&#215;20 cm. plo\u010dica proizvo\u0111a\u010da Aparici iz \u0160panije. Ta kolekcija, model plo\u010dice, se prodaje najvi\u0161e bele boje.<\/p>\n<p>Kliknite na ime serije za sve plo\u010dice u toj seriji: <a class=\"pdfcatal\" href=\"\/\/www.ceramictiles.com\/pdf\/aparici\/catalogue_aparici_abstract.pdf\" onclick=\"recordOutboundLink(this, 'E-mail', 'Description PDF');return false;\">Aparici Aged<\/a><\/p>\n<p>Da bi naru\u010dili model iz PDF kataloga ove serije, molimo vas, da nas kontaktirate na: <a href=\"mailto:zo_mi@ceramictiles.com\" onclick=\"recordOutboundLink(this, 'E-mail', 'Description mail');return false;\">zo_mi@ceramictiles.com<\/a> ili nas pozovite na: For exact offer, PLS send us quantity and product you need with delivery address..<\/p>\n","protected":false},"excerpt":{"rendered":"<p>8 mm debljine je dovoljno za zahtevnije kupce. Dimenzije ovih plo\u010dica su 20&#215;20 cm. plo\u010dica proizvo\u0111a\u010da Aparici iz \u0160panije. Ta kolekcija, model plo\u010dice, se prodaje najvi\u0161e bele boje. Kliknite na ime serije za sve plo\u010dice u toj seriji: Aparici Aged Da bi naru\u010dili model iz PDF kataloga ove serije, molimo vas, da nas kontaktirate na: [&hellip;]<\/p>\n","protected":false},"featured_media":95212,"template":"","meta":[],"product_cat":[999773,999],"product_tag":[],"_links":{"self":[{"href":"https:\/\/www.keramika.com\/srbija\/wp-json\/wp\/v2\/product\/95211"}],"collection":[{"href":"https:\/\/www.keramika.com\/srbija\/wp-json\/wp\/v2\/product"}],"about":[{"href":"https:\/\/www.keramika.com\/srbija\/wp-json\/wp\/v2\/types\/product"}],"wp:featuredmedia":[{"embeddable":true,"href":"https:\/\/www.keramika.com\/srbija\/wp-json\/wp\/v2\/media\/95212"}],"wp:attachment":[{"href":"https:\/\/www.keramika.com\/srbija\/wp-json\/wp\/v2\/media?parent=95211"}],"wp:term":[{"taxonomy":"product_cat","embeddable":true,"href":"https:\/\/www.keramika.com\/srbija\/wp-json\/wp\/v2\/product_cat?post=95211"},{"taxonomy":"product_tag","embeddable":true,"href":"https:\/\/www.keramika.com\/srbija\/wp-json\/wp\/v2\/product_tag?post=95211"}],"curies":[{"name":"wp","href":"https:\/\/api.w.org\/{rel}","templated":true}]}}