{"id":95207,"date":"2017-07-02T09:33:53","date_gmt":"2017-07-02T09:33:53","guid":{"rendered":"http:\/\/www.ceramictiles.com\/srbija\/product\/plocice-aparici-zeus-cream\/"},"modified":"2017-07-02T09:33:53","modified_gmt":"2017-07-02T09:33:53","slug":"plocice-aparici-zeus-cream","status":"publish","type":"product","link":"https:\/\/www.keramika.com\/srbija\/plocice-aparici-zeus-cream\/","title":{"rendered":"Plo\u010dice Aparici Zeus Cream"},"content":{"rendered":"<p>Plo\u010dice be\u017e boje, su letos izuzetno tre\u017eene. Veli\u010dina plo\u010dice je 20&#215;10 cm i odli\u010dna je za razli\u010dite povr\u0161ine. Ove plo\u010dice dolaze od proizvo\u0111a\u010da Aparici, iz \u0160panije. 10 mm debljina \u0107e zadovoljiti i najzahtevnije kupce.<\/p>\n<p>Kliknite na ime serije za sve plo\u010dice u toj seriji: <a class=\"pdfcatal\" href=\"\/\/www.ceramictiles.com\/pdf\/aparici\/catalogue_aparici_zeus.pdf\" onclick=\"recordOutboundLink(this, 'E-mail', 'Description PDF');return false;\">Aparici Zeus<\/a><\/p>\n<p>Da bi naru\u010dili model iz PDF kataloga ove serije, molimo vas, da nas kontaktirate na: <a href=\"mailto:zo_mi@ceramictiles.com\" onclick=\"recordOutboundLink(this, 'E-mail', 'Description mail');return false;\">zo_mi@ceramictiles.com<\/a> ili nas pozovite na: For exact offer, PLS send us quantity and product you need with delivery address..<\/p>\n<p>Technical description: 20&#215;9,2<\/p>\n","protected":false},"excerpt":{"rendered":"<p>Plo\u010dice be\u017e boje, su letos izuzetno tre\u017eene. Veli\u010dina plo\u010dice je 20&#215;10 cm i odli\u010dna je za razli\u010dite povr\u0161ine. Ove plo\u010dice dolaze od proizvo\u0111a\u010da Aparici, iz \u0160panije. 10 mm debljina \u0107e zadovoljiti i najzahtevnije kupce. Kliknite na ime serije za sve plo\u010dice u toj seriji: Aparici Zeus Da bi naru\u010dili model iz PDF kataloga ove serije, [&hellip;]<\/p>\n","protected":false},"featured_media":95208,"template":"","meta":[],"product_cat":[99,999773,999],"product_tag":[],"_links":{"self":[{"href":"https:\/\/www.keramika.com\/srbija\/wp-json\/wp\/v2\/product\/95207"}],"collection":[{"href":"https:\/\/www.keramika.com\/srbija\/wp-json\/wp\/v2\/product"}],"about":[{"href":"https:\/\/www.keramika.com\/srbija\/wp-json\/wp\/v2\/types\/product"}],"wp:featuredmedia":[{"embeddable":true,"href":"https:\/\/www.keramika.com\/srbija\/wp-json\/wp\/v2\/media\/95208"}],"wp:attachment":[{"href":"https:\/\/www.keramika.com\/srbija\/wp-json\/wp\/v2\/media?parent=95207"}],"wp:term":[{"taxonomy":"product_cat","embeddable":true,"href":"https:\/\/www.keramika.com\/srbija\/wp-json\/wp\/v2\/product_cat?post=95207"},{"taxonomy":"product_tag","embeddable":true,"href":"https:\/\/www.keramika.com\/srbija\/wp-json\/wp\/v2\/product_tag?post=95207"}],"curies":[{"name":"wp","href":"https:\/\/api.w.org\/{rel}","templated":true}]}}