{"id":95171,"date":"2017-07-02T09:28:23","date_gmt":"2017-07-02T09:28:23","guid":{"rendered":"http:\/\/www.ceramictiles.com\/srbija\/product\/keramika-imitacija-kamena-aparici-reflex-ambar\/"},"modified":"2017-07-04T12:04:34","modified_gmt":"2017-07-04T12:04:34","slug":"keramika-imitacija-kamena-aparici-reflex-ambar","status":"publish","type":"product","link":"https:\/\/www.keramika.com\/srbija\/keramika-imitacija-kamena-aparici-reflex-ambar\/","title":{"rendered":"Keramika imitacija kamena Aparici Reflex Ambar"},"content":{"rendered":"<p>Ta kolekcija, model plo\u010dice, se prodaje najvi\u0161e braon boje. 12 mm debljine je dovoljno za zahtevnije kupce. Plo\u010dice dolaze iz \u0160panije, koja je poznata po kvalitetnoj keramiki. Dimenzije ovih plo\u010dica su 100&#215;100 cm.<\/p>\n<p>Kliknite na ime serije za sve plo\u010dice u toj seriji: <a class=\"pdfcatal\" href=\"\/\/www.ceramictiles.com\/pdf\/aparici\/catalogue_aparici_reflex.pdf\" onclick=\"recordOutboundLink(this, 'E-mail', 'Description PDF');return false;\">Aparici Reflex<\/a><\/p>\n<p>Da bi naru\u010dili model iz PDF kataloga ove serije, molimo vas, da nas kontaktirate na: <a href=\"mailto:zo_mi@ceramictiles.com\" onclick=\"recordOutboundLink(this, 'E-mail', 'Description mail');return false;\">zo_mi@ceramictiles.com<\/a> ili nas pozovite na: For exact offer, PLS send us quantity and product you need with delivery address..<\/p>\n<p>Technical description: 89,46&#215;89,46<\/p>\n","protected":false},"excerpt":{"rendered":"<p>Ta kolekcija, model plo\u010dice, se prodaje najvi\u0161e braon boje. 12 mm debljine je dovoljno za zahtevnije kupce. Plo\u010dice dolaze iz \u0160panije, koja je poznata po kvalitetnoj keramiki. Dimenzije ovih plo\u010dica su 100&#215;100 cm. Kliknite na ime serije za sve plo\u010dice u toj seriji: Aparici Reflex Da bi naru\u010dili model iz PDF kataloga ove serije, molimo [&hellip;]<\/p>\n","protected":false},"featured_media":95172,"template":"","meta":[],"product_cat":[99,999773,999],"product_tag":[99950096],"_links":{"self":[{"href":"https:\/\/www.keramika.com\/srbija\/wp-json\/wp\/v2\/product\/95171"}],"collection":[{"href":"https:\/\/www.keramika.com\/srbija\/wp-json\/wp\/v2\/product"}],"about":[{"href":"https:\/\/www.keramika.com\/srbija\/wp-json\/wp\/v2\/types\/product"}],"wp:featuredmedia":[{"embeddable":true,"href":"https:\/\/www.keramika.com\/srbija\/wp-json\/wp\/v2\/media\/95172"}],"wp:attachment":[{"href":"https:\/\/www.keramika.com\/srbija\/wp-json\/wp\/v2\/media?parent=95171"}],"wp:term":[{"taxonomy":"product_cat","embeddable":true,"href":"https:\/\/www.keramika.com\/srbija\/wp-json\/wp\/v2\/product_cat?post=95171"},{"taxonomy":"product_tag","embeddable":true,"href":"https:\/\/www.keramika.com\/srbija\/wp-json\/wp\/v2\/product_tag?post=95171"}],"curies":[{"name":"wp","href":"https:\/\/api.w.org\/{rel}","templated":true}]}}