{"id":95163,"date":"2017-07-02T09:27:09","date_gmt":"2017-07-02T09:27:09","guid":{"rendered":"http:\/\/www.ceramictiles.com\/srbija\/product\/podne-plocice-aparici-opulence-beige\/"},"modified":"2017-07-02T09:27:09","modified_gmt":"2017-07-02T09:27:09","slug":"podne-plocice-aparici-opulence-beige","status":"publish","type":"product","link":"https:\/\/www.keramika.com\/srbija\/podne-plocice-aparici-opulence-beige\/","title":{"rendered":"Podne plo\u010dice Aparici Opulence Beige"},"content":{"rendered":"<p>Aparici Opulence Beige dolazi iz \u0160panije, koja je poznata po vrlo visokoj kvaliteta keramike u svetu. Debljina plo\u010dice, je vrlo va\u017ena 12 mm i ubraja tu plo\u010dicu me\u0111u najkvalitetnije. Keramika je prekrasne be\u017e boje. U koliko \u017eelite neku drugu boju, pozovite nas i mi \u0107emo proveriti kod proizvo\u0111a\u010da. Veli\u010dina ove plo\u010dice je 100&#215;100 cm.<\/p>\n<p>Kliknite na ime serije za sve plo\u010dice u toj seriji: <a class=\"pdfcatal\" href=\"\/\/www.ceramictiles.com\/pdf\/aparici\/catalogue_aparici_opulence.pdf\" onclick=\"recordOutboundLink(this, 'E-mail', 'Description PDF');return false;\">Aparici Opulence<\/a><\/p>\n<p>Da bi naru\u010dili model iz PDF kataloga ove serije, molimo vas, da nas kontaktirate na: <a href=\"mailto:zo_mi@ceramictiles.com\" onclick=\"recordOutboundLink(this, 'E-mail', 'Description mail');return false;\">zo_mi@ceramictiles.com<\/a> ili nas pozovite na: For exact offer, PLS send us quantity and product you need with delivery address..<\/p>\n<p>Technical description: 89,46&#215;89,46<\/p>\n","protected":false},"excerpt":{"rendered":"<p>Aparici Opulence Beige dolazi iz \u0160panije, koja je poznata po vrlo visokoj kvaliteta keramike u svetu. Debljina plo\u010dice, je vrlo va\u017ena 12 mm i ubraja tu plo\u010dicu me\u0111u najkvalitetnije. Keramika je prekrasne be\u017e boje. U koliko \u017eelite neku drugu boju, pozovite nas i mi \u0107emo proveriti kod proizvo\u0111a\u010da. Veli\u010dina ove plo\u010dice je 100&#215;100 cm. Kliknite [&hellip;]<\/p>\n","protected":false},"featured_media":95164,"template":"","meta":[],"product_cat":[99,999773,999],"product_tag":[],"_links":{"self":[{"href":"https:\/\/www.keramika.com\/srbija\/wp-json\/wp\/v2\/product\/95163"}],"collection":[{"href":"https:\/\/www.keramika.com\/srbija\/wp-json\/wp\/v2\/product"}],"about":[{"href":"https:\/\/www.keramika.com\/srbija\/wp-json\/wp\/v2\/types\/product"}],"wp:featuredmedia":[{"embeddable":true,"href":"https:\/\/www.keramika.com\/srbija\/wp-json\/wp\/v2\/media\/95164"}],"wp:attachment":[{"href":"https:\/\/www.keramika.com\/srbija\/wp-json\/wp\/v2\/media?parent=95163"}],"wp:term":[{"taxonomy":"product_cat","embeddable":true,"href":"https:\/\/www.keramika.com\/srbija\/wp-json\/wp\/v2\/product_cat?post=95163"},{"taxonomy":"product_tag","embeddable":true,"href":"https:\/\/www.keramika.com\/srbija\/wp-json\/wp\/v2\/product_tag?post=95163"}],"curies":[{"name":"wp","href":"https:\/\/api.w.org\/{rel}","templated":true}]}}