{"id":95135,"date":"2017-07-02T09:22:35","date_gmt":"2017-07-02T09:22:35","guid":{"rendered":"http:\/\/www.ceramictiles.com\/srbija\/product\/zidne-plocice-aparici-imarble-pulpis\/"},"modified":"2017-07-02T09:22:35","modified_gmt":"2017-07-02T09:22:35","slug":"zidne-plocice-aparici-imarble-pulpis","status":"publish","type":"product","link":"https:\/\/www.keramika.com\/srbija\/zidne-plocice-aparici-imarble-pulpis\/","title":{"rendered":"Zidne plo\u010dice Aparici Imarble Pulpis"},"content":{"rendered":"<p>Plo\u010dica 29,75&#215;89,46 cm je dobra za ve\u0107 razli\u010ditih namena. Debljina 8 mm \u010dini plo\u010dicu vrlo izdr\u017eljivom i prijatnom na dodir. Plo\u010dice braon boje osvje\u017eit \u0107e svaki prostor. plo\u010dica proizvo\u0111a\u010da Aparici iz \u0160panije.<\/p>\n<p>Kliknite na ime serije za sve plo\u010dice u toj seriji: <a class=\"pdfcatal\" href=\"\/\/www.ceramictiles.com\/pdf\/aparici\/catalogue_aparici_imarble.pdf\" onclick=\"recordOutboundLink(this, 'E-mail', 'Description PDF');return false;\">Aparici Imarble<\/a><\/p>\n<p>Da bi naru\u010dili model iz PDF kataloga ove serije, molimo vas, da nas kontaktirate na: <a href=\"mailto:zo_mi@ceramictiles.com\" onclick=\"recordOutboundLink(this, 'E-mail', 'Description mail');return false;\">zo_mi@ceramictiles.com<\/a> ili nas pozovite na: For exact offer, PLS send us quantity and product you need with delivery address..<\/p>\n","protected":false},"excerpt":{"rendered":"<p>Plo\u010dica 29,75&#215;89,46 cm je dobra za ve\u0107 razli\u010ditih namena. Debljina 8 mm \u010dini plo\u010dicu vrlo izdr\u017eljivom i prijatnom na dodir. Plo\u010dice braon boje osvje\u017eit \u0107e svaki prostor. plo\u010dica proizvo\u0111a\u010da Aparici iz \u0160panije. Kliknite na ime serije za sve plo\u010dice u toj seriji: Aparici Imarble Da bi naru\u010dili model iz PDF kataloga ove serije, molimo vas, [&hellip;]<\/p>\n","protected":false},"featured_media":95136,"template":"","meta":[],"product_cat":[99,999773,999],"product_tag":[],"_links":{"self":[{"href":"https:\/\/www.keramika.com\/srbija\/wp-json\/wp\/v2\/product\/95135"}],"collection":[{"href":"https:\/\/www.keramika.com\/srbija\/wp-json\/wp\/v2\/product"}],"about":[{"href":"https:\/\/www.keramika.com\/srbija\/wp-json\/wp\/v2\/types\/product"}],"wp:featuredmedia":[{"embeddable":true,"href":"https:\/\/www.keramika.com\/srbija\/wp-json\/wp\/v2\/media\/95136"}],"wp:attachment":[{"href":"https:\/\/www.keramika.com\/srbija\/wp-json\/wp\/v2\/media?parent=95135"}],"wp:term":[{"taxonomy":"product_cat","embeddable":true,"href":"https:\/\/www.keramika.com\/srbija\/wp-json\/wp\/v2\/product_cat?post=95135"},{"taxonomy":"product_tag","embeddable":true,"href":"https:\/\/www.keramika.com\/srbija\/wp-json\/wp\/v2\/product_tag?post=95135"}],"curies":[{"name":"wp","href":"https:\/\/api.w.org\/{rel}","templated":true}]}}