{"id":95113,"date":"2017-12-26T09:19:07","date_gmt":"2017-12-26T09:19:07","guid":{"rendered":"http:\/\/www.ceramictiles.com\/srbija\/product\/keramika-za-restorane-aparici-carpet-natural\/"},"modified":"2019-06-04T12:44:23","modified_gmt":"2019-06-04T12:44:23","slug":"keramika-za-restorane-aparici-carpet-natural","status":"publish","type":"product","link":"https:\/\/www.keramika.com\/srbija\/keramika-za-restorane-aparici-carpet-natural\/","title":{"rendered":"Keramika za restorane Aparici Carpet Natural"},"content":{"rendered":"<p>Dimenzije ovih plo\u010dica su 100&#215;100 cm. Debljina plo\u010dice, je vrlo va\u017ena 10 mm i ubraja tu plo\u010dicu me\u0111u najkvalitetnije. Ta kolekcija, model plo\u010dice, se prodaje najvi\u0161e braon boje. Aparici Carpet Natural je proizvod iz \u0160panije te je izuzetno kvalitetna.<\/p>\n<p>Kliknite na ime serije za sve plo\u010dice u toj seriji: <a class=\"pdfcatal\" href=\"\/\/www.ceramictiles.com\/pdf\/aparici\/catalogue_aparici_carpet.pdf\">Aparici Carpet<\/a><\/p>\n<p>Carpet Sand Natural &#8211; Carpet Vestige Natural<br \/>\n100&#215;100 cm &#8211; 39,37\u201dx39,37\u201d G-3234<br \/>\n50&#215;100 cm &#8211; 19,69\u201dx39,37\u201d G-3154<br \/>\nCarpet Nat. Mos. 5&#215;5<br \/>\n29,75&#215;29,75 cm G-3558<br \/>\nCarpet Natural 100k100 sadr\u017ei 12 razli\u010ditih slu\u010dajnih uzoraka.<br \/>\nCarpet Natural 50k100 sadr\u017ei 16 razli\u010ditih slu\u010dajnih uzoraka.<\/p>\n<p>[vc_row][vc_column][\/vc_column][\/vc_row][vc_row][vc_column width=&#8220;1\/3&#8243;][vc_single_image source=&#8220;external_link&#8220; onclick=&#8220;link_image&#8220; custom_src=&#8220;https:\/\/www.ceramictiles.com\/images\/aparici\/aparici_carpet_sand_2_cm_natural.jpg&#8220; el_class=&#8220;eheight&#8220;][vc_column_text]<strong>Carpet Sand 2 Cm<\/strong><br \/>\n<a class=\"pdfcatal\" href=\"\/\/www.ceramictiles.com\/pdf\/catalogue_aparici_porcelanico.pdf\"> PDF Kolekcijski katalog<\/a><br \/>\nZa najbolju ponudu, po\u0161aljite nam boju, dimenzije, koli\u010dinu i adresu za dostavu.<br \/>\n<a href=\"mailto:zo_mi@ceramictiles.com\">Zahtjev za ponudu<\/a>[\/vc_column_text][vc_separator color=&#8220;black&#8220; border_width=&#8220;2&#8243;]<br \/>\n[\/vc_column][vc_column width=&#8220;1\/3&#8243;][vc_single_image source=&#8220;external_link&#8220; onclick=&#8220;link_image&#8220; custom_src=&#8220;https:\/\/www.ceramictiles.com\/images\/aparici\/aparici_carpet_sand_hexagon.jpg&#8220; el_class=&#8220;eheight&#8220;][vc_column_text]<strong>Carpet Sand Hexagon<\/strong><br \/>\n<a class=\"pdfcatal\" href=\"\/\/www.ceramictiles.com\/pdf\/catalogue_aparici_porcelanico.pdf\"> PDF Kolekcijski katalog<\/a><br \/>\nZa najbolju ponudu, po\u0161aljite nam boju, dimenzije, koli\u010dinu i adresu za dostavu.<br \/>\n<a href=\"mailto:zo_mi@ceramictiles.com\">Zahtjev za ponudu<\/a>[\/vc_column_text][vc_separator color=&#8220;black&#8220; border_width=&#8220;2&#8243;]<br \/>\n[\/vc_column][vc_column width=&#8220;1\/3&#8243;][vc_single_image source=&#8220;external_link&#8220; onclick=&#8220;link_image&#8220; custom_src=&#8220;https:\/\/www.ceramictiles.com\/images\/aparici\/aparici_carpet_sand_natural_.jpg&#8220; el_class=&#8220;eheight&#8220;][vc_column_text]<strong>Carpet Sand<\/strong><br \/>\n<a class=\"pdfcatal\" href=\"\/\/www.ceramictiles.com\/pdf\/catalogue_aparici_porcelanico.pdf\"> PDF Kolekcijski katalog<\/a><br \/>\nZa najbolju ponudu, po\u0161aljite nam boju, dimenzije, koli\u010dinu i adresu za dostavu.<br \/>\n<a href=\"mailto:zo_mi@ceramictiles.com\">Zahtjev za ponudu<\/a>[\/vc_column_text][vc_separator color=&#8220;black&#8220; border_width=&#8220;2&#8243;]<br \/>\n[\/vc_column][vc_column width=&#8220;1\/3&#8243;][vc_single_image source=&#8220;external_link&#8220; onclick=&#8220;link_image&#8220; custom_src=&#8220;https:\/\/www.ceramictiles.com\/images\/aparici\/aparici_carpet_sand_natural_911.jpg&#8220; el_class=&#8220;eheight&#8220;][vc_column_text]<strong>Carpet Sand 911<\/strong><br \/>\n<a class=\"pdfcatal\" href=\"\/\/www.ceramictiles.com\/pdf\/catalogue_aparici_porcelanico.pdf\"> PDF Kolekcijski katalog<\/a><br \/>\nZa najbolju ponudu, po\u0161aljite nam boju, dimenzije, koli\u010dinu i adresu za dostavu.<br \/>\n<a href=\"mailto:zo_mi@ceramictiles.com\">Zahtjev za ponudu<\/a>[\/vc_column_text][vc_separator color=&#8220;black&#8220; border_width=&#8220;2&#8243;]<br \/>\n[\/vc_column][vc_column width=&#8220;1\/3&#8243;][vc_single_image source=&#8220;external_link&#8220; onclick=&#8220;link_image&#8220; custom_src=&#8220;https:\/\/www.ceramictiles.com\/images\/aparici\/aparici_carpet_sand_natural_mate.jpg&#8220; el_class=&#8220;eheight&#8220;][vc_column_text]<strong>Carpet Sand Mate<\/strong><br \/>\n<a class=\"pdfcatal\" href=\"\/\/www.ceramictiles.com\/pdf\/catalogue_aparici_porcelanico.pdf\"> PDF Kolekcijski katalog<\/a><br \/>\nZa najbolju ponudu, po\u0161aljite nam boju, dimenzije, koli\u010dinu i adresu za dostavu.<br \/>\n<a href=\"mailto:zo_mi@ceramictiles.com\">Zahtjev za ponudu<\/a>[\/vc_column_text][vc_separator color=&#8220;black&#8220; border_width=&#8220;2&#8243;]<br \/>\n[\/vc_column][vc_column width=&#8220;1\/3&#8243;][vc_single_image source=&#8220;external_link&#8220; onclick=&#8220;link_image&#8220; custom_src=&#8220;https:\/\/www.ceramictiles.com\/images\/aparici\/aparici_carpet_sand_nat_decor.jpg&#8220; el_class=&#8220;eheight&#8220;][vc_column_text]<strong>Carpet Sand Decor<\/strong><br \/>\n<a class=\"pdfcatal\" href=\"\/\/www.ceramictiles.com\/pdf\/catalogue_aparici_porcelanico.pdf\"> PDF Kolekcijski katalog<\/a><br \/>\nZa najbolju ponudu, po\u0161aljite nam boju, dimenzije, koli\u010dinu i adresu za dostavu.<br \/>\n<a href=\"mailto:zo_mi@ceramictiles.com\">Zahtjev za ponudu<\/a>[\/vc_column_text][vc_separator color=&#8220;black&#8220; border_width=&#8220;2&#8243;]<br \/>\n[\/vc_column][vc_column width=&#8220;1\/3&#8243;][vc_single_image source=&#8220;external_link&#8220; onclick=&#8220;link_image&#8220; custom_src=&#8220;https:\/\/www.ceramictiles.com\/images\/aparici\/aparici_carpet_sand_nat_decor_911.jpg&#8220; el_class=&#8220;eheight&#8220;][vc_column_text]<strong>Carpet Sand Decor 911<\/strong><br \/>\n<a class=\"pdfcatal\" href=\"\/\/www.ceramictiles.com\/pdf\/catalogue_aparici_porcelanico.pdf\"> PDF Kolekcijski katalog<\/a><br \/>\nZa najbolju ponudu, po\u0161aljite nam boju, dimenzije, koli\u010dinu i adresu za dostavu.<br \/>\n<a href=\"mailto:zo_mi@ceramictiles.com\">Zahtjev za ponudu<\/a>[\/vc_column_text][vc_separator color=&#8220;black&#8220; border_width=&#8220;2&#8243;]<br \/>\n[\/vc_column][vc_column width=&#8220;1\/3&#8243;][vc_single_image source=&#8220;external_link&#8220; onclick=&#8220;link_image&#8220; custom_src=&#8220;https:\/\/www.ceramictiles.com\/images\/aparici\/aparici_carpet_sand_nat_mosai_5x5.jpg&#8220; el_class=&#8220;eheight&#8220;][vc_column_text]<strong>Carpet Sand Mosai 5X5<\/strong><br \/>\n<a class=\"pdfcatal\" href=\"\/\/www.ceramictiles.com\/pdf\/catalogue_aparici_porcelanico.pdf\"> PDF Kolekcijski katalog<\/a><br \/>\nZa najbolju ponudu, po\u0161aljite nam boju, dimenzije, koli\u010dinu i adresu za dostavu.<br \/>\n<a href=\"mailto:zo_mi@ceramictiles.com\">Zahtjev za ponudu<\/a>[\/vc_column_text][vc_separator color=&#8220;black&#8220; border_width=&#8220;2&#8243;]<br \/>\n[\/vc_column][vc_column width=&#8220;1\/3&#8243;][vc_single_image source=&#8220;external_link&#8220; onclick=&#8220;link_image&#8220; custom_src=&#8220;https:\/\/www.ceramictiles.com\/images\/aparici\/aparici_carpet_vestige_2_cm.jpg&#8220; el_class=&#8220;eheight&#8220;][vc_column_text]<strong>Carpet Vestige 2 Cm<\/strong><br \/>\n<a class=\"pdfcatal\" href=\"\/\/www.ceramictiles.com\/pdf\/catalogue_aparici_porcelanico.pdf\"> PDF Kolekcijski katalog<\/a><br \/>\nZa najbolju ponudu, po\u0161aljite nam boju, dimenzije, koli\u010dinu i adresu za dostavu.<br \/>\n<a href=\"mailto:zo_mi@ceramictiles.com\">Zahtjev za ponudu<\/a>[\/vc_column_text][vc_separator color=&#8220;black&#8220; border_width=&#8220;2&#8243;]<br \/>\n[\/vc_column][vc_column width=&#8220;1\/3&#8243;][vc_single_image source=&#8220;external_link&#8220; onclick=&#8220;link_image&#8220; custom_src=&#8220;https:\/\/www.ceramictiles.com\/images\/aparici\/aparici_carpet_vestige_hexagon.jpg&#8220; el_class=&#8220;eheight&#8220;][vc_column_text]<strong>Carpet Vestige Hexagon<\/strong><br \/>\n<a class=\"pdfcatal\" href=\"\/\/www.ceramictiles.com\/pdf\/catalogue_aparici_porcelanico.pdf\"> PDF Kolekcijski katalog<\/a><br \/>\nZa najbolju ponudu, po\u0161aljite nam boju, dimenzije, koli\u010dinu i adresu za dostavu.<br \/>\n<a href=\"mailto:zo_mi@ceramictiles.com\">Zahtjev za ponudu<\/a>[\/vc_column_text][vc_separator color=&#8220;black&#8220; border_width=&#8220;2&#8243;]<br \/>\n[\/vc_column][vc_column width=&#8220;1\/3&#8243;][vc_single_image source=&#8220;external_link&#8220; onclick=&#8220;link_image&#8220; custom_src=&#8220;https:\/\/www.ceramictiles.com\/images\/aparici\/aparici_carpet_vestige_natural_.jpg&#8220; el_class=&#8220;eheight&#8220;][vc_column_text]<strong>Carpet Vestige <\/strong><br \/>\n<a class=\"pdfcatal\" href=\"\/\/www.ceramictiles.com\/pdf\/catalogue_aparici_porcelanico.pdf\"> PDF Kolekcijski katalog<\/a><br \/>\nZa najbolju ponudu, po\u0161aljite nam boju, dimenzije, koli\u010dinu i adresu za dostavu.<br \/>\n<a href=\"mailto:zo_mi@ceramictiles.com\">Zahtjev za ponudu<\/a>[\/vc_column_text][vc_separator color=&#8220;black&#8220; border_width=&#8220;2&#8243;]<br \/>\n[\/vc_column][vc_column width=&#8220;1\/3&#8243;][vc_single_image source=&#8220;external_link&#8220; onclick=&#8220;link_image&#8220; custom_src=&#8220;https:\/\/www.ceramictiles.com\/images\/aparici\/aparici_carpet_vestige_natural_858.jpg&#8220; el_class=&#8220;eheight&#8220;][vc_column_text]<strong>Carpet Vestige 858<\/strong><br \/>\n<a class=\"pdfcatal\" href=\"\/\/www.ceramictiles.com\/pdf\/catalogue_aparici_porcelanico.pdf\"> PDF Kolekcijski katalog<\/a><br \/>\nZa najbolju ponudu, po\u0161aljite nam boju, dimenzije, koli\u010dinu i adresu za dostavu.<br \/>\n<a href=\"mailto:zo_mi@ceramictiles.com\">Zahtjev za ponudu<\/a>[\/vc_column_text][vc_separator color=&#8220;black&#8220; border_width=&#8220;2&#8243;]<br \/>\n[\/vc_column][vc_column width=&#8220;1\/3&#8243;][vc_single_image source=&#8220;external_link&#8220; onclick=&#8220;link_image&#8220; custom_src=&#8220;https:\/\/www.ceramictiles.com\/images\/aparici\/aparici_carpet_vestige_natural_911.jpg&#8220; el_class=&#8220;eheight&#8220;][vc_column_text]<strong>Carpet Vestige 911<\/strong><br \/>\n<a class=\"pdfcatal\" href=\"\/\/www.ceramictiles.com\/pdf\/catalogue_aparici_porcelanico.pdf\"> PDF Kolekcijski katalog<\/a><br \/>\nZa najbolju ponudu, po\u0161aljite nam boju, dimenzije, koli\u010dinu i adresu za dostavu.<br \/>\n<a href=\"mailto:zo_mi@ceramictiles.com\">Zahtjev za ponudu<\/a>[\/vc_column_text][vc_separator color=&#8220;black&#8220; border_width=&#8220;2&#8243;]<br \/>\n[\/vc_column][vc_column width=&#8220;1\/3&#8243;][vc_single_image source=&#8220;external_link&#8220; onclick=&#8220;link_image&#8220; custom_src=&#8220;https:\/\/www.ceramictiles.com\/images\/aparici\/aparici_carpet_vestige_nat_decor.jpg&#8220; el_class=&#8220;eheight&#8220;][vc_column_text]<strong>Carpet Vestige Decor<\/strong><br \/>\n<a class=\"pdfcatal\" href=\"\/\/www.ceramictiles.com\/pdf\/catalogue_aparici_porcelanico.pdf\"> PDF Kolekcijski katalog<\/a><br \/>\nZa najbolju ponudu, po\u0161aljite nam boju, dimenzije, koli\u010dinu i adresu za dostavu.<br \/>\n<a href=\"mailto:zo_mi@ceramictiles.com\">Zahtjev za ponudu<\/a>[\/vc_column_text][vc_separator color=&#8220;black&#8220; border_width=&#8220;2&#8243;]<br \/>\n[\/vc_column][vc_column width=&#8220;1\/3&#8243;][vc_single_image source=&#8220;external_link&#8220; onclick=&#8220;link_image&#8220; custom_src=&#8220;https:\/\/www.ceramictiles.com\/images\/aparici\/aparici_carpet_vestige_nat_decor_911.jpg&#8220; el_class=&#8220;eheight&#8220;][vc_column_text]<strong>Carpet Vestige Decor 911<\/strong><br \/>\n<a class=\"pdfcatal\" href=\"\/\/www.ceramictiles.com\/pdf\/catalogue_aparici_porcelanico.pdf\"> PDF Kolekcijski katalog<\/a><br \/>\nZa najbolju ponudu, po\u0161aljite nam boju, dimenzije, koli\u010dinu i adresu za dostavu.<br \/>\n<a href=\"mailto:zo_mi@ceramictiles.com\">Zahtjev za ponudu<\/a>[\/vc_column_text][vc_separator color=&#8220;black&#8220; border_width=&#8220;2&#8243;]<br \/>\n[\/vc_column][vc_column width=&#8220;1\/3&#8243;][vc_single_image source=&#8220;external_link&#8220; onclick=&#8220;link_image&#8220; custom_src=&#8220;https:\/\/www.ceramictiles.com\/images\/aparici\/aparici_carpet_vestige_nat_mosai_5x5.jpg&#8220; el_class=&#8220;eheight&#8220;][vc_column_text]<strong>Carpet Vestige Mosai 5X5<\/strong><br \/>\n<a class=\"pdfcatal\" href=\"\/\/www.ceramictiles.com\/pdf\/catalogue_aparici_porcelanico.pdf\"> PDF Kolekcijski katalog<\/a><br \/>\nZa najbolju ponudu, po\u0161aljite nam boju, dimenzije, koli\u010dinu i adresu za dostavu.<br \/>\n<a href=\"mailto:zo_mi@ceramictiles.com\">Zahtjev za ponudu<\/a>[\/vc_column_text][vc_separator color=&#8220;black&#8220; border_width=&#8220;2&#8243;]<\/p>\n<p>[\/vc_column][\/vc_row]<\/p>\n","protected":false},"excerpt":{"rendered":"<p>Dimenzije ovih plo\u010dica su 100&#215;100 cm. Debljina plo\u010dice, je vrlo va\u017ena 10 mm i ubraja tu plo\u010dicu me\u0111u najkvalitetnije. Ta kolekcija, model plo\u010dice, se prodaje najvi\u0161e braon boje. Aparici Carpet Natural je proizvod iz \u0160panije te je izuzetno kvalitetna. Kliknite na ime serije za sve plo\u010dice u toj seriji: Aparici Carpet Carpet Sand Natural &#8211; [&hellip;]<\/p>\n","protected":false},"featured_media":95114,"template":"","meta":[],"product_cat":[99,999773,260,999,290],"product_tag":[99950100,99950089,99950098,99950099],"_links":{"self":[{"href":"https:\/\/www.keramika.com\/srbija\/wp-json\/wp\/v2\/product\/95113"}],"collection":[{"href":"https:\/\/www.keramika.com\/srbija\/wp-json\/wp\/v2\/product"}],"about":[{"href":"https:\/\/www.keramika.com\/srbija\/wp-json\/wp\/v2\/types\/product"}],"wp:featuredmedia":[{"embeddable":true,"href":"https:\/\/www.keramika.com\/srbija\/wp-json\/wp\/v2\/media\/95114"}],"wp:attachment":[{"href":"https:\/\/www.keramika.com\/srbija\/wp-json\/wp\/v2\/media?parent=95113"}],"wp:term":[{"taxonomy":"product_cat","embeddable":true,"href":"https:\/\/www.keramika.com\/srbija\/wp-json\/wp\/v2\/product_cat?post=95113"},{"taxonomy":"product_tag","embeddable":true,"href":"https:\/\/www.keramika.com\/srbija\/wp-json\/wp\/v2\/product_tag?post=95113"}],"curies":[{"name":"wp","href":"https:\/\/api.w.org\/{rel}","templated":true}]}}