{"id":95111,"date":"2017-07-02T09:18:52","date_gmt":"2017-07-02T09:18:52","guid":{"rendered":"http:\/\/www.ceramictiles.com\/srbija\/product\/plocice-za-kupatilo-aparici-calpe-blanco\/"},"modified":"2017-07-02T09:18:52","modified_gmt":"2017-07-02T09:18:52","slug":"plocice-za-kupatilo-aparici-calpe-blanco","status":"publish","type":"product","link":"https:\/\/www.keramika.com\/srbija\/plocice-za-kupatilo-aparici-calpe-blanco\/","title":{"rendered":"Plo\u010dice za kupatilo Aparici Calpe Blanco"},"content":{"rendered":"<p>Plo\u010dice bele boje, su letos izuzetno tre\u017eene. Plo\u010dica 20&#215;20 cm je dobra za ve\u0107 razli\u010ditih namena. Aparici Calpe Blanco je proizvod iz \u0160panije te je izuzetno kvalitetna. Debljina 6 mm \u010dini plo\u010dicu vrlo izdr\u017eljivom i prijatnom na dodir.<\/p>\n<p>Kliknite na ime serije za sve plo\u010dice u toj seriji: <a class=\"pdfcatal\" href=\"\/\/www.ceramictiles.com\/pdf\/aparici\/catalogue_aparici_calpe.pdf\" onclick=\"recordOutboundLink(this, 'E-mail', 'Description PDF');return false;\">Aparici Calpe<\/a><\/p>\n<p>Da bi naru\u010dili model iz PDF kataloga ove serije, molimo vas, da nas kontaktirate na: <a href=\"mailto:zo_mi@ceramictiles.com\" onclick=\"recordOutboundLink(this, 'E-mail', 'Description mail');return false;\">zo_mi@ceramictiles.com<\/a> ili nas pozovite na: For exact offer, PLS send us quantity and product you need with delivery address..<\/p>\n","protected":false},"excerpt":{"rendered":"<p>Plo\u010dice bele boje, su letos izuzetno tre\u017eene. Plo\u010dica 20&#215;20 cm je dobra za ve\u0107 razli\u010ditih namena. Aparici Calpe Blanco je proizvod iz \u0160panije te je izuzetno kvalitetna. Debljina 6 mm \u010dini plo\u010dicu vrlo izdr\u017eljivom i prijatnom na dodir. Kliknite na ime serije za sve plo\u010dice u toj seriji: Aparici Calpe Da bi naru\u010dili model iz [&hellip;]<\/p>\n","protected":false},"featured_media":95112,"template":"","meta":[],"product_cat":[99,999773,999],"product_tag":[],"_links":{"self":[{"href":"https:\/\/www.keramika.com\/srbija\/wp-json\/wp\/v2\/product\/95111"}],"collection":[{"href":"https:\/\/www.keramika.com\/srbija\/wp-json\/wp\/v2\/product"}],"about":[{"href":"https:\/\/www.keramika.com\/srbija\/wp-json\/wp\/v2\/types\/product"}],"wp:featuredmedia":[{"embeddable":true,"href":"https:\/\/www.keramika.com\/srbija\/wp-json\/wp\/v2\/media\/95112"}],"wp:attachment":[{"href":"https:\/\/www.keramika.com\/srbija\/wp-json\/wp\/v2\/media?parent=95111"}],"wp:term":[{"taxonomy":"product_cat","embeddable":true,"href":"https:\/\/www.keramika.com\/srbija\/wp-json\/wp\/v2\/product_cat?post=95111"},{"taxonomy":"product_tag","embeddable":true,"href":"https:\/\/www.keramika.com\/srbija\/wp-json\/wp\/v2\/product_tag?post=95111"}],"curies":[{"name":"wp","href":"https:\/\/api.w.org\/{rel}","templated":true}]}}